{"id":2172,"date":"2020-11-25T17:27:55","date_gmt":"2020-11-25T16:27:55","guid":{"rendered":"https:\/\/www.pharmacieonline.lu\/produit\/uriage-xemose-baume-oleo-apaisant-500ml\/"},"modified":"2026-04-04T22:25:17","modified_gmt":"2026-04-04T20:25:17","slug":"uriage-xemose-baume-oleo-apaisant-500ml","status":"publish","type":"product","link":"https:\/\/www.pharmacieonline.lu\/de\/produit\/uriage-xemose-baume-oleo-apaisant-500ml\/","title":{"rendered":"URIAGE XEMOSE BAUME OLEO APAISANT 500ML"},"content":{"rendered":"<p>Dieser pflegende und sch\u00fctzende Balsam lindert sofort juckende Empfindungen und r\u00e4umt Spitzen starker Trockenheit aus. Mit einer einzigartigen Textur, die &#8222;Balsam in \u00d6l&#8220; verwandelt, hinterl\u00e4sst es einen nicht fettenden Schutzfilm f\u00fcr lang anhaltenden Komfort.<\/p>\n<p>Indikation<br \/>\nNACHHALTIGE ANTI-SCRATCHING-MASSNAHMEN<\/p>\n<p>Seine dreifache Barriere wirkt gegen D\u00fcrreperioden, um sie dauerhaft zu beruhigen.<\/p>\n<p>INTENSELY NOURISHES<\/p>\n<p>Seine mit Sheabutter und Illipe\u00f6l angereicherte Formel pflegt die Haut tief.<\/p>\n<p>Verwenden<\/p>\n<p>Morgens und \/ oder abends auf die saubere, trockene Haut auftragen.<\/p>\n<p>Komposition<br \/>\nWirkstoffe: 3 patentierte Komplexe: Chronoxin &#8211; Cerasterol 2F &#8211; TLR2 Regul<\/p>\n<p>ZUTATEN<\/p>\n<p>AQUA (WATER, EAU) \u25cf C13-15 ALKANE \u25cf Hydrogenated Polydecene \u25cf BUTYROSPERMUM PARKII (SHEABUTTER) \u25cf CETEARYL ETHYLHEXANOATE \u25cf Isononylisononanoat \u25cf Beheneth-25 \u25cf BUTYLENE GLYCOLEN \u25cf CAMOLO-HEXEDA STERICA SEE-BUTTER-BUTTER-BUTTER-BUTTER-BUTTER-1,2-BUTTER-BUTTER-1,2-BUTTER-1,2-BUTTER-BUTTER-BUTTER-BUTTER-BUTTER-1-Beheneth-25-25-Butylen GLYCOLEN-1,2P-BUTTER-BUTTER-BUTTER-1,2-BUTTER-BUTTER-BUTTER, 1,2-BUTTER-BUTTER-X -ANOATE (Raps) Sterole \u25cf Chlorphenesin \u25cf Xanthangum \u25cf ACRYLATES \/ C10-30 ALKYL ACRYLATE CROSSPOLYMER \u25cf Natriumpolyacrylat \u25cf O-Cymen-5-ol \u25cf Tocopherylacetat \u25cf RASPBERRY \/ C10-30 Alkylacrylat CROSSPOLYMER \u25cf Natriumpolyacrylat \u25cf O-Cymen-5-ol \u25cf Tocopherylacetat \u25cf RASPBERRY SEED \u00d6l \/ ESTATICPHOSIDE phatische \u00d6l \u00d6l \/ PALATICPHOSIDE phatische \u00d6l \/ BANATIC PHATICPHOSIDE SEDO BOPYLOPHOSIDE SED \u00d6l \/ ESROTROTRODIUM SIZE BOPHOSIDE Sheed \u00d6l \/ ESTERROTOSIDE phatische OIL SOPHOLYLATE SAMEN\u00d6L AMINOPROPANEDIOLAMIDE \u25cf ZITRINS\u00c4URE<\/p>\n<p>Uriage Thermalwasser<\/p>\n<p>Shea Butter<br \/>\n\u00d6l abtropfen lassen<br \/>\nHypoallergen<br \/>\nOhne Parf\u00fcm<br \/>\nHervorragende Vertr\u00e4glichkeit<\/p>","protected":false},"excerpt":{"rendered":"<p>Dieser pflegende und sch\u00fctzende Balsam lindert sofort juckende Empfindungen und r\u00e4umt Spitzen starker Trockenheit aus. Mit einer einzigartigen Textur, die &#8222;Balsam in \u00d6l&#8220; verwandelt, hinterl\u00e4sst es einen nicht fettenden Schutzfilm f\u00fcr lang anhaltenden Komfort. Indikation NACHHALTIGE ANTI-SCRATCHING-MASSNAHMEN Seine dreifache Barriere wirkt gegen D\u00fcrreperioden, um sie dauerhaft zu beruhigen. INTENSELY NOURISHES Seine mit Sheabutter und Illipe\u00f6l [&hellip;]<\/p>\n","protected":false},"featured_media":2765,"template":"","meta":{"_acf_changed":false,"footnotes":""},"product_brand":[],"product_cat":[47,42,56],"product_tag":[],"class_list":{"0":"post-2172","1":"product","2":"type-product","3":"status-publish","4":"has-post-thumbnail","6":"product_cat-dermocosmetique","7":"product_cat-para-pharmacie","8":"product_cat-soins-du-corps","10":"first","11":"instock","12":"taxable","13":"shipping-taxable","14":"purchasable","15":"product-type-simple"},"acf":[],"_links":{"self":[{"href":"https:\/\/www.pharmacieonline.lu\/de\/wp-json\/wp\/v2\/product\/2172","targetHints":{"allow":["GET"]}}],"collection":[{"href":"https:\/\/www.pharmacieonline.lu\/de\/wp-json\/wp\/v2\/product"}],"about":[{"href":"https:\/\/www.pharmacieonline.lu\/de\/wp-json\/wp\/v2\/types\/product"}],"version-history":[{"count":0,"href":"https:\/\/www.pharmacieonline.lu\/de\/wp-json\/wp\/v2\/product\/2172\/revisions"}],"wp:featuredmedia":[{"embeddable":true,"href":"https:\/\/www.pharmacieonline.lu\/de\/wp-json\/wp\/v2\/media\/2765"}],"wp:attachment":[{"href":"https:\/\/www.pharmacieonline.lu\/de\/wp-json\/wp\/v2\/media?parent=2172"}],"wp:term":[{"taxonomy":"product_brand","embeddable":true,"href":"https:\/\/www.pharmacieonline.lu\/de\/wp-json\/wp\/v2\/product_brand?post=2172"},{"taxonomy":"product_cat","embeddable":true,"href":"https:\/\/www.pharmacieonline.lu\/de\/wp-json\/wp\/v2\/product_cat?post=2172"},{"taxonomy":"product_tag","embeddable":true,"href":"https:\/\/www.pharmacieonline.lu\/de\/wp-json\/wp\/v2\/product_tag?post=2172"}],"curies":[{"name":"wp","href":"https:\/\/api.w.org\/{rel}","templated":true}]}}