{"id":21793,"date":"2021-12-09T17:25:30","date_gmt":"2021-12-09T16:25:30","guid":{"rendered":"https:\/\/www.pharmacieonline.lu\/?post_type=product&#038;p=21793"},"modified":"2026-04-09T03:55:42","modified_gmt":"2026-04-09T01:55:42","slug":"brufen-40-mg-ml-buv-200-ml","status":"publish","type":"product","link":"https:\/\/www.pharmacieonline.lu\/de\/produit\/brufen-40-mg-ml-buv-200-ml\/","title":{"rendered":"BRUFEN 40 MG\/ML BUV 200 ML"},"content":{"rendered":"<p>Indikation<br \/>\nBrufen wird als Kurzzeitbehandlung bei folgenden Symptomen angewendet:<\/p>\n<p>leichte bis m\u00e4\u00dfige Schmerzen, wie Zahnschmerzen, Kopfschmerzen.<br \/>\nFieber.<\/p>\n<p>Komposition<br \/>\nDer Wirkstoff dieses Arzneimittels ist Ibuprofen 1 ml Suspension zum Einnehmen enth\u00e4lt 40 mg Ibuprofen Die sonstigen Bestandteile sind: Natriumbenzoat (E211), wasserfreie Zitronens\u00e4ure, Natriumcitrat, Natriumsaccharin, Natriumchlorid, Hypromellose, Xanthangummi, fl\u00fcssiges Maltit, Glycerin (E422), Thaumatin (E957), Erdbeeraroma (nat\u00fcrliche Aromastoffe, Maismaltodextrin, Triethylcitrat (E-1505), Propylenglykol (E-1520) und Benzylalkohol), gereinigtes Wasser.<\/p>","protected":false},"excerpt":{"rendered":"<p>Indikation Brufen wird als Kurzzeitbehandlung bei folgenden Symptomen angewendet: leichte bis m\u00e4\u00dfige Schmerzen, wie Zahnschmerzen, Kopfschmerzen. Fieber. Komposition Der Wirkstoff dieses Arzneimittels ist Ibuprofen 1 ml Suspension zum Einnehmen enth\u00e4lt 40 mg Ibuprofen Die sonstigen Bestandteile sind: Natriumbenzoat (E211), wasserfreie Zitronens\u00e4ure, Natriumcitrat, Natriumsaccharin, Natriumchlorid, Hypromellose, Xanthangummi, fl\u00fcssiges Maltit, Glycerin (E422), Thaumatin (E957), Erdbeeraroma (nat\u00fcrliche Aromastoffe, [&hellip;]<\/p>\n","protected":false},"featured_media":21795,"template":"","meta":{"_acf_changed":false,"footnotes":""},"product_brand":[],"product_cat":[43,93],"product_tag":[],"class_list":{"0":"post-21793","1":"product","2":"type-product","3":"status-publish","4":"has-post-thumbnail","6":"product_cat-medicaments-en-vente-libre","7":"product_cat-fievre","9":"first","10":"instock","11":"taxable","12":"shipping-taxable","13":"purchasable","14":"product-type-simple"},"acf":[],"_links":{"self":[{"href":"https:\/\/www.pharmacieonline.lu\/de\/wp-json\/wp\/v2\/product\/21793","targetHints":{"allow":["GET"]}}],"collection":[{"href":"https:\/\/www.pharmacieonline.lu\/de\/wp-json\/wp\/v2\/product"}],"about":[{"href":"https:\/\/www.pharmacieonline.lu\/de\/wp-json\/wp\/v2\/types\/product"}],"version-history":[{"count":0,"href":"https:\/\/www.pharmacieonline.lu\/de\/wp-json\/wp\/v2\/product\/21793\/revisions"}],"wp:featuredmedia":[{"embeddable":true,"href":"https:\/\/www.pharmacieonline.lu\/de\/wp-json\/wp\/v2\/media\/21795"}],"wp:attachment":[{"href":"https:\/\/www.pharmacieonline.lu\/de\/wp-json\/wp\/v2\/media?parent=21793"}],"wp:term":[{"taxonomy":"product_brand","embeddable":true,"href":"https:\/\/www.pharmacieonline.lu\/de\/wp-json\/wp\/v2\/product_brand?post=21793"},{"taxonomy":"product_cat","embeddable":true,"href":"https:\/\/www.pharmacieonline.lu\/de\/wp-json\/wp\/v2\/product_cat?post=21793"},{"taxonomy":"product_tag","embeddable":true,"href":"https:\/\/www.pharmacieonline.lu\/de\/wp-json\/wp\/v2\/product_tag?post=21793"}],"curies":[{"name":"wp","href":"https:\/\/api.w.org\/{rel}","templated":true}]}}