{"id":2180,"date":"2020-11-25T17:27:55","date_gmt":"2020-11-25T16:27:55","guid":{"rendered":"https:\/\/www.pharmacieonline.lu\/produit\/nuxe-prodigieux-boost-cr-soyeuse-ps-40ml\/"},"modified":"2026-04-02T21:55:35","modified_gmt":"2026-04-02T19:55:35","slug":"nuxe-prodigieux-boost-cr-soyeuse-ps-40ml","status":"publish","type":"product","link":"https:\/\/www.pharmacieonline.lu\/de\/produit\/nuxe-prodigieux-boost-cr-soyeuse-ps-40ml\/","title":{"rendered":"NUXE PRODIGIEUX BOOST CR SOYEUSE PS 40ML"},"content":{"rendered":"<p>Diese seidige Multi-Korrektur-Creme mit einem Antioxidans-Komplex mit Jasminbl\u00fcten bek\u00e4mpft die sch\u00e4dlichen Auswirkungen Ihres t\u00e4glichen Lebens (Stress, M\u00fcdigkeit, Umweltverschmutzung &#8230;) und respektiert gleichzeitig das nat\u00fcrliche Gleichgewicht Ihrer Haut. Tag f\u00fcr Tag ist es frischer und strahlender und die ersten Zeichen des Alterns werden reduziert (die Haut wird gegl\u00e4ttet, faltig, praller). Seine samtige Textur verleiht normaler bis trockener Haut Weichheit und Komfort.<\/p>\n<p>Verwenden<br \/>\nBEAUTYTIPPS<\/p>\n<p>Morgens nach dem Energizing Preparing Concentrate auf Gesicht, Hals und Dekollet\u00e9 auftragen.<\/p>\n<p>Komposition<br \/>\nSEINE FORMEL<\/p>\n<p>Hauptwirkstoffe nat\u00fcrlichen Ursprungs: Jasminbl\u00fcte, Ringelblumenbl\u00fcte, Zellzucker, Hyalurons\u00e4ure nat\u00fcrlichen Ursprungs, Macadamia\u00f6l.<\/p>\n<p>ZUTATEN<\/p>\n<p>AQUA \/ WATER, SQUALANE, Alcohol Denat., Glycerin, hydriertem Kopra\u00f6l, Tribehenin, Macadamia integrifolia KERN\u00d6L, Dicaprylylether, Dimethicon, C20-22 ALKROGENATED Kokos-, Tribehenin, Macadamia integrifolia KERN\u00d6L, Dicaprylylether, Dimethicon, C20-22 Alkylphosphat, C20-22, CODROGROGEN \/ GLOPHOLATED, PARCYL PHOSPHATE, C20-22, hydriertem COCONUTO Phenoxyethanol, Carbomer, Ethylhexylglycerin, Sodium Stearoyl Glutamate, Ribose, Natriumgluconat, SODIUM HYDROXIDE, Butylenglycol, Gellangummi, Pentylenglycol, Sodium Stearoyl Glutamate, Ribose, Natriumgluconat, SODIUM HYDROXIDE, Butylenglycol, Gellangummi, Pentylenglycol, JASMIN \/ IRACTON49, EXTRACTON \/ JASMIN JASMINA \/ EXUM1 OFFICIN49, EX1 JASMINA \/ EX1 OFFICIN49, 771 JASMINA \/ IRACTON49 \/ IRACTON JASMIN \/ jasmin1 \/ jasmin1 \/ JASM JAS1 JAS1 JASM \/ JASM 1 JASM-JUM-JUM-JUM \/ JUM-JUM-JUM-Glucon-Glucon-1-OFFIC1 OXIDE, CALENDULA OFFICINALIS-BLUMEN-EXTRAKT, BENZYL-SALICYLAT, LINALOOL, CITRONELLOL, GERANIOL, ALPHA-ISOMETHYL-IONON [N3903 \/ A]<\/p>","protected":false},"excerpt":{"rendered":"<p>Diese seidige Multi-Korrektur-Creme mit einem Antioxidans-Komplex mit Jasminbl\u00fcten bek\u00e4mpft die sch\u00e4dlichen Auswirkungen Ihres t\u00e4glichen Lebens (Stress, M\u00fcdigkeit, Umweltverschmutzung &#8230;) und respektiert gleichzeitig das nat\u00fcrliche Gleichgewicht Ihrer Haut. Tag f\u00fcr Tag ist es frischer und strahlender und die ersten Zeichen des Alterns werden reduziert (die Haut wird gegl\u00e4ttet, faltig, praller). Seine samtige Textur verleiht normaler bis [&hellip;]<\/p>\n","protected":false},"featured_media":2750,"template":"","meta":{"_acf_changed":false,"footnotes":""},"product_brand":[],"product_cat":[47,42,54,782],"product_tag":[822],"class_list":{"0":"post-2180","1":"product","2":"type-product","3":"status-publish","4":"has-post-thumbnail","6":"product_cat-dermocosmetique","7":"product_cat-para-pharmacie","8":"product_cat-soins-du-visage","9":"product_cat-vegan","10":"product_tag-nuxe-promo","12":"first","13":"instock","14":"taxable","15":"shipping-taxable","16":"purchasable","17":"product-type-simple"},"acf":[],"_links":{"self":[{"href":"https:\/\/www.pharmacieonline.lu\/de\/wp-json\/wp\/v2\/product\/2180","targetHints":{"allow":["GET"]}}],"collection":[{"href":"https:\/\/www.pharmacieonline.lu\/de\/wp-json\/wp\/v2\/product"}],"about":[{"href":"https:\/\/www.pharmacieonline.lu\/de\/wp-json\/wp\/v2\/types\/product"}],"version-history":[{"count":0,"href":"https:\/\/www.pharmacieonline.lu\/de\/wp-json\/wp\/v2\/product\/2180\/revisions"}],"wp:featuredmedia":[{"embeddable":true,"href":"https:\/\/www.pharmacieonline.lu\/de\/wp-json\/wp\/v2\/media\/2750"}],"wp:attachment":[{"href":"https:\/\/www.pharmacieonline.lu\/de\/wp-json\/wp\/v2\/media?parent=2180"}],"wp:term":[{"taxonomy":"product_brand","embeddable":true,"href":"https:\/\/www.pharmacieonline.lu\/de\/wp-json\/wp\/v2\/product_brand?post=2180"},{"taxonomy":"product_cat","embeddable":true,"href":"https:\/\/www.pharmacieonline.lu\/de\/wp-json\/wp\/v2\/product_cat?post=2180"},{"taxonomy":"product_tag","embeddable":true,"href":"https:\/\/www.pharmacieonline.lu\/de\/wp-json\/wp\/v2\/product_tag?post=2180"}],"curies":[{"name":"wp","href":"https:\/\/api.w.org\/{rel}","templated":true}]}}