{"id":2181,"date":"2020-11-25T17:27:55","date_gmt":"2020-11-25T16:27:55","guid":{"rendered":"https:\/\/www.pharmacieonline.lu\/produit\/nuxe-prodigieux-boost-cr-gel-pn-pm-40ml\/"},"modified":"2026-04-15T18:25:54","modified_gmt":"2026-04-15T16:25:54","slug":"nuxe-prodigieux-boost-cr-gel-pn-pm-40ml","status":"publish","type":"product","link":"https:\/\/www.pharmacieonline.lu\/de\/produit\/nuxe-prodigieux-boost-cr-gel-pn-pm-40ml\/","title":{"rendered":"NUXE PRODIGIEUX BOOST CR GEL PN PM 40ML"},"content":{"rendered":"<p>Korrektive Gelcreme 1. Zeichen des Alterns Normal bis Mischhaut.<\/p>\n<p>Diese Multi-Korrektur-Gelcreme mit einem Antioxidanskomplex mit Jasminbl\u00fcten bek\u00e4mpft die sch\u00e4dlichen Auswirkungen Ihres t\u00e4glichen Lebens (Stress, M\u00fcdigkeit, Umweltverschmutzung &#8230;) und respektiert gleichzeitig das nat\u00fcrliche Gleichgewicht Ihrer Haut. Tag f\u00fcr Tag ist es frischer und strahlender und die ersten Zeichen der Hautalterung werden reduziert (die Haut wird gegl\u00e4ttet, faltig, praller). Die leichte Textur mit einem matten Finish ist ideal f\u00fcr normale bis Mischhaut.<\/p>\n<p>Verwendung<br \/>\nBEAUTYTIPPS<\/p>\n<p>Morgens auf Gesicht, Hals und Dekollet\u00e9 auftragen, vorzugsweise nach dem Energizing Preparing Concentrate.<\/p>\n<p>Komposition<br \/>\nSEINE FORMEL<\/p>\n<p>Hauptwirkstoffe nat\u00fcrlichen Ursprungs: Jasminbl\u00fcte, Ringelblumenbl\u00fcte, Zellzucker, Hyalurons\u00e4ure nat\u00fcrlichen Ursprungs.<\/p>\n<p>ZUTATEN: AQUA \/ WASSER, ALKOHOLDENAT, GLYCERIN, Phenyltrimethicon, HydroxyethylacRYLAT \/ Natriumacryloyldimethyltauratcopolymer, Propylheptylcaprylat, SILIKA, PARFUM \/ FRAGRANCE Xanthangum, Butylenglycol, Natriumhyaluronat, Polysorbat 60, Sorbitanisostearat, Pentylenglycol, Jasminum Officinale (Jasmin) Bl\u00fctenextrakt, SODIUM HYDROXIDE, FAEX extract \/ YAAST \/ IRALIS extract \/ YAAST \/ IRALIS EXTRACT1, TOWER \/ IRALIS EXTRACT49, IRALONIS extract \/ YEAST \/ IRALIS EXTRACT, 49 BENZYLSALICYLAT, LINALOOL, CITRONELLOL, ALPHA-ISOMETHYLIONON, GERANIOL [N3904 \/ A]<\/p>","protected":false},"excerpt":{"rendered":"<p>Korrektive Gelcreme 1. Zeichen des Alterns Normal bis Mischhaut. Diese Multi-Korrektur-Gelcreme mit einem Antioxidanskomplex mit Jasminbl\u00fcten bek\u00e4mpft die sch\u00e4dlichen Auswirkungen Ihres t\u00e4glichen Lebens (Stress, M\u00fcdigkeit, Umweltverschmutzung &#8230;) und respektiert gleichzeitig das nat\u00fcrliche Gleichgewicht Ihrer Haut. Tag f\u00fcr Tag ist es frischer und strahlender und die ersten Zeichen der Hautalterung werden reduziert (die Haut wird gegl\u00e4ttet, [&hellip;]<\/p>\n","protected":false},"featured_media":34831,"template":"","meta":{"_acf_changed":false,"footnotes":""},"product_brand":[],"product_cat":[47,42,54,782],"product_tag":[822],"class_list":{"0":"post-2181","1":"product","2":"type-product","3":"status-publish","4":"has-post-thumbnail","6":"product_cat-dermocosmetique","7":"product_cat-para-pharmacie","8":"product_cat-soins-du-visage","9":"product_cat-vegan","10":"product_tag-nuxe-promo","12":"first","13":"instock","14":"taxable","15":"shipping-taxable","16":"purchasable","17":"product-type-simple"},"acf":[],"_links":{"self":[{"href":"https:\/\/www.pharmacieonline.lu\/de\/wp-json\/wp\/v2\/product\/2181","targetHints":{"allow":["GET"]}}],"collection":[{"href":"https:\/\/www.pharmacieonline.lu\/de\/wp-json\/wp\/v2\/product"}],"about":[{"href":"https:\/\/www.pharmacieonline.lu\/de\/wp-json\/wp\/v2\/types\/product"}],"version-history":[{"count":0,"href":"https:\/\/www.pharmacieonline.lu\/de\/wp-json\/wp\/v2\/product\/2181\/revisions"}],"wp:featuredmedia":[{"embeddable":true,"href":"https:\/\/www.pharmacieonline.lu\/de\/wp-json\/wp\/v2\/media\/34831"}],"wp:attachment":[{"href":"https:\/\/www.pharmacieonline.lu\/de\/wp-json\/wp\/v2\/media?parent=2181"}],"wp:term":[{"taxonomy":"product_brand","embeddable":true,"href":"https:\/\/www.pharmacieonline.lu\/de\/wp-json\/wp\/v2\/product_brand?post=2181"},{"taxonomy":"product_cat","embeddable":true,"href":"https:\/\/www.pharmacieonline.lu\/de\/wp-json\/wp\/v2\/product_cat?post=2181"},{"taxonomy":"product_tag","embeddable":true,"href":"https:\/\/www.pharmacieonline.lu\/de\/wp-json\/wp\/v2\/product_tag?post=2181"}],"curies":[{"name":"wp","href":"https:\/\/api.w.org\/{rel}","templated":true}]}}