{"id":2182,"date":"2020-11-25T17:27:55","date_gmt":"2020-11-25T16:27:55","guid":{"rendered":"https:\/\/www.pharmacieonline.lu\/produit\/nuxe-prodigieux-boost-gel-baume-yx-15ml\/"},"modified":"2026-04-02T19:55:31","modified_gmt":"2026-04-02T17:55:31","slug":"nuxe-prodigieux-boost-gel-baume-yx-15ml","status":"publish","type":"product","link":"https:\/\/www.pharmacieonline.lu\/de\/produit\/nuxe-prodigieux-boost-gel-baume-yx-15ml\/","title":{"rendered":"NUXE PRODIGIEUX BOOST GEL BAUME YX 15ML"},"content":{"rendered":"<p>Dieses Balsamgel f\u00fcr die Augenkontur mit pflanzlichem Koffein und einem Antioxidanskomplex mit Jasminbl\u00fcten korrigiert die Hauptmarker, die die Jugendlichkeit Ihrer Augen ver\u00e4ndern (Taschen, Augenringe), und sch\u00fctzt diesen empfindlichen Bereich vor \u00e4u\u00dferen Einfl\u00fcssen. Mit einer zarten und erfrischenden Textur gl\u00e4ttet es die Augenpartie und reduziert Augenringe und Schwellungen.<\/p>\n<p>Verwenden<br \/>\nBEAUTYTIPPS<\/p>\n<p>Morgens und \/ oder abends auf die Augenpartie auftragen.<\/p>\n<p>Komposition<br \/>\nSEINE FORMEL<\/p>\n<p>Hauptwirkstoffe nat\u00fcrlichen Ursprungs: Jasminbl\u00fcte, Ringelblumenbl\u00fcte, Zellzucker, pflanzliches Koffein, Haselnuss\u00f6l.<\/p>\n<p>ZUTATEN: AQUA \/ WASSER, Alkohol Denat, Dimethicon, GLYCERIN, NATRIUMACRYLAT-COPOLYMER, Corylus avellana (HAZEL) SAMEN\u00d6L, Octyldodecanol, LECITHIN, PARFUM \/ FRAGRANCE, PHENOXYETHINOL, Dimethyl, Dimethyl, Gluton CROSSPOLYMER, Acrylaten \/ C10-30 Alkylacrylat CROSSPOLYMER, Butylenglycol, Natriumhyaluronat, Pentylenglycol, Jasminum Officinale (Jasmin) Bl\u00fctenextrakt, SODIUM HYDROXIDE, MICEXENDON EXTRAKT<\/p>","protected":false},"excerpt":{"rendered":"<p>Dieses Balsamgel f\u00fcr die Augenkontur mit pflanzlichem Koffein und einem Antioxidanskomplex mit Jasminbl\u00fcten korrigiert die Hauptmarker, die die Jugendlichkeit Ihrer Augen ver\u00e4ndern (Taschen, Augenringe), und sch\u00fctzt diesen empfindlichen Bereich vor \u00e4u\u00dferen Einfl\u00fcssen. Mit einer zarten und erfrischenden Textur gl\u00e4ttet es die Augenpartie und reduziert Augenringe und Schwellungen. Verwenden BEAUTYTIPPS Morgens und \/ oder abends auf [&hellip;]<\/p>\n","protected":false},"featured_media":34841,"template":"","meta":{"_acf_changed":false,"footnotes":""},"product_brand":[],"product_cat":[47,42,54,782],"product_tag":[822],"class_list":{"0":"post-2182","1":"product","2":"type-product","3":"status-publish","4":"has-post-thumbnail","6":"product_cat-dermocosmetique","7":"product_cat-para-pharmacie","8":"product_cat-soins-du-visage","9":"product_cat-vegan","10":"product_tag-nuxe-promo","12":"first","13":"instock","14":"taxable","15":"shipping-taxable","16":"purchasable","17":"product-type-simple"},"acf":[],"_links":{"self":[{"href":"https:\/\/www.pharmacieonline.lu\/de\/wp-json\/wp\/v2\/product\/2182","targetHints":{"allow":["GET"]}}],"collection":[{"href":"https:\/\/www.pharmacieonline.lu\/de\/wp-json\/wp\/v2\/product"}],"about":[{"href":"https:\/\/www.pharmacieonline.lu\/de\/wp-json\/wp\/v2\/types\/product"}],"version-history":[{"count":0,"href":"https:\/\/www.pharmacieonline.lu\/de\/wp-json\/wp\/v2\/product\/2182\/revisions"}],"wp:featuredmedia":[{"embeddable":true,"href":"https:\/\/www.pharmacieonline.lu\/de\/wp-json\/wp\/v2\/media\/34841"}],"wp:attachment":[{"href":"https:\/\/www.pharmacieonline.lu\/de\/wp-json\/wp\/v2\/media?parent=2182"}],"wp:term":[{"taxonomy":"product_brand","embeddable":true,"href":"https:\/\/www.pharmacieonline.lu\/de\/wp-json\/wp\/v2\/product_brand?post=2182"},{"taxonomy":"product_cat","embeddable":true,"href":"https:\/\/www.pharmacieonline.lu\/de\/wp-json\/wp\/v2\/product_cat?post=2182"},{"taxonomy":"product_tag","embeddable":true,"href":"https:\/\/www.pharmacieonline.lu\/de\/wp-json\/wp\/v2\/product_tag?post=2182"}],"curies":[{"name":"wp","href":"https:\/\/api.w.org\/{rel}","templated":true}]}}