{"id":21827,"date":"2021-12-10T09:05:42","date_gmt":"2021-12-10T08:05:42","guid":{"rendered":"https:\/\/www.pharmacieonline.lu\/?post_type=product&#038;p=21827"},"modified":"2026-04-09T22:25:30","modified_gmt":"2026-04-09T20:25:30","slug":"couleurs-de-noir-pdr-sol-soft-touch-01","status":"publish","type":"product","link":"https:\/\/www.pharmacieonline.lu\/de\/produit\/couleurs-de-noir-pdr-sol-soft-touch-01\/","title":{"rendered":"COULEURS DE NOIR PDR SOL SOFT TOUCH 01"},"content":{"rendered":"<p>Mineralien &amp; Talg regulierend<br \/>\nEine extrem weiche Br\u00e4une f\u00fcr strahlende Haut. Ideal f\u00fcr einen nat\u00fcrlichen, gebr\u00e4unten Teint.<\/p>\n<p>Dermatologisch getestet<br \/>\nVegan<br \/>\nEnth\u00e4lt nat\u00fcrliche Inhaltsstoffe<br \/>\nMineralpigmente<\/p>\n<p>Ultrafeine Mineralpuder und \u00d6le: Extrem weiche Textur, direkte Gl\u00e4ttung und Mattwirkung auf der Haut, regulierend f\u00fcr die Talgdr\u00fcsenbildung. Maisst\u00e4rke (zea mays sarchzea mays): Aktive Schutzschicht.<\/p>\n<p>Anwendung<br \/>\nTragen Sie den Soft Touch Bronzer mit dem Powder Brush Nr. 1 auf. Machen Sie 3 Striche um die Au\u00dfenkanten Ihres Gesichts. Beginnen Sie am Haaransatz und tragen Sie das Puder unter dem Wangenknochen auf. Folgen Sie dann dem Haaransatz zur Stirn und kehren Sie dann zum Wangenknochen zur\u00fcck, um unter der Kieferlinie herauszukommen. Und schon haben Sie einen sch\u00f6n gebr\u00e4unten Teint ohne die sch\u00e4dlichen Auswirkungen der Sonne!<\/p>","protected":false},"excerpt":{"rendered":"<p>Mineralien &amp; Talg regulierend Eine extrem weiche Br\u00e4une f\u00fcr strahlende Haut. Ideal f\u00fcr einen nat\u00fcrlichen, gebr\u00e4unten Teint. Dermatologisch getestet Vegan Enth\u00e4lt nat\u00fcrliche Inhaltsstoffe Mineralpigmente Ultrafeine Mineralpuder und \u00d6le: Extrem weiche Textur, direkte Gl\u00e4ttung und Mattwirkung auf der Haut, regulierend f\u00fcr die Talgdr\u00fcsenbildung. Maisst\u00e4rke (zea mays sarchzea mays): Aktive Schutzschicht. Anwendung Tragen Sie den Soft Touch [&hellip;]<\/p>\n","protected":false},"featured_media":21830,"template":"","meta":{"_acf_changed":false,"footnotes":""},"product_brand":[],"product_cat":[47,763,42,782],"product_tag":[],"class_list":{"0":"post-21827","1":"product","2":"type-product","3":"status-publish","4":"has-post-thumbnail","6":"product_cat-dermocosmetique","7":"product_cat-maquillages","8":"product_cat-para-pharmacie","9":"product_cat-vegan","11":"first","12":"outofstock","13":"taxable","14":"shipping-taxable","15":"purchasable","16":"product-type-simple"},"acf":[],"_links":{"self":[{"href":"https:\/\/www.pharmacieonline.lu\/de\/wp-json\/wp\/v2\/product\/21827","targetHints":{"allow":["GET"]}}],"collection":[{"href":"https:\/\/www.pharmacieonline.lu\/de\/wp-json\/wp\/v2\/product"}],"about":[{"href":"https:\/\/www.pharmacieonline.lu\/de\/wp-json\/wp\/v2\/types\/product"}],"version-history":[{"count":0,"href":"https:\/\/www.pharmacieonline.lu\/de\/wp-json\/wp\/v2\/product\/21827\/revisions"}],"wp:featuredmedia":[{"embeddable":true,"href":"https:\/\/www.pharmacieonline.lu\/de\/wp-json\/wp\/v2\/media\/21830"}],"wp:attachment":[{"href":"https:\/\/www.pharmacieonline.lu\/de\/wp-json\/wp\/v2\/media?parent=21827"}],"wp:term":[{"taxonomy":"product_brand","embeddable":true,"href":"https:\/\/www.pharmacieonline.lu\/de\/wp-json\/wp\/v2\/product_brand?post=21827"},{"taxonomy":"product_cat","embeddable":true,"href":"https:\/\/www.pharmacieonline.lu\/de\/wp-json\/wp\/v2\/product_cat?post=21827"},{"taxonomy":"product_tag","embeddable":true,"href":"https:\/\/www.pharmacieonline.lu\/de\/wp-json\/wp\/v2\/product_tag?post=21827"}],"curies":[{"name":"wp","href":"https:\/\/api.w.org\/{rel}","templated":true}]}}