{"id":2183,"date":"2020-11-25T17:27:55","date_gmt":"2020-11-25T16:27:55","guid":{"rendered":"https:\/\/www.pharmacieonline.lu\/produit\/nuxe-prodigieux-boost-baume-huile-50ml\/"},"modified":"2026-04-04T19:55:34","modified_gmt":"2026-04-04T17:55:34","slug":"nuxe-prodigieux-boost-baume-huile-50ml","status":"publish","type":"product","link":"https:\/\/www.pharmacieonline.lu\/de\/produit\/nuxe-prodigieux-boost-baume-huile-50ml\/","title":{"rendered":"NUXE PRODIGIEUX BOOST BAUME HUILE 50ML"},"content":{"rendered":"<p>Dieser Gesichts\u00f6lbalsam mit einem Antioxidanskomplex mit Jasminbl\u00fcten hilft der Haut, sich nachts von den sch\u00e4dlichen Auswirkungen Ihres t\u00e4glichen Lebens (Stress, M\u00fcdigkeit, Umweltverschmutzung &#8230;) zu erholen und dabei das nat\u00fcrliche Gleichgewicht Ihrer Haut zu respektieren. Die mit Macadamia-\u00d6l angereicherte Ultra-Cocooning-Textur umh\u00fcllt die Haut mit einem Kokon von Weichheit ohne fettiges Finish. Beim Aufwachen sind die Gesichtsz\u00fcge entspannt und der Teint frisch. Die Haut gewinnt all ihre Energie zur\u00fcck, um sich einem neuen Tag zu stellen.<\/p>\n<p>Verwenden<br \/>\nBEAUTYTIPPS<\/p>\n<p>Abends nach dem Energizing Preparing Concentrate auf Gesicht, Hals und Dekollet\u00e9 auftragen.<\/p>\n<p>Komposition<br \/>\nSEINE FORMEL<\/p>\n<p>Hauptwirkstoffe nat\u00fcrlichen Ursprungs: Jasminbl\u00fcte, Ringelblumenbl\u00fcte, Zellzucker, Macadamia\u00f6l, Nopalbl\u00fctenextrakt.<\/p>\n<p>* ZUTATEN AQUA \/ WASSER, DICAPRYLYLETHER, ALKOHOLDENAT., GLYCERIN, SQUALAN, Dimethicon, Macadamia integrifolia SAMEN\u00d6L, HydroxyethylacRYLAT \/ Natriumacryloyldimethyltauratcopolymer, Octyldodecanol, PERFOLAN, FOLYOL Acrylate Crosspolymer, Ribose, Natriumgluconat, OPUNTIA coccinellifera Bl\u00fctenextrakt, Butylenglykol, Sodium Stearoyl Glutamate, Xanthanl\u00f6sung, Polysorbat 60, Sorbitanisostearat, OFFENTYLASTE-EXTRACTINE EXTRACT, Butylenglycol, Sodium Stearoyl Glutamate, Xanthanl\u00f6sung, Polysorbat 60, Sorbitanisostearat, OFFENTYLASTE-EXTRACTINE EXTRACTINE \/ JUMPYCIDE \/ YELLAEXTRICIDE \/ JUMPYLASTRACIDE \/ JASTRICASELASTRASLASLASCIDE \/ PENTYLASLASLASLASLASLASLIFE-GLIFARIF) IFERIF-IF), GASLASLIF), GUM-1, MICA, CI 77491 \/ EISENOXIDE, CALENDULA OFFICINALIS-BLUMEN-EXTRAKT, BENZYL-SALICYLAT, LINALOOL, CITRONELLOL, ALPHA-ISOMETHYL-IONON, GERANIOL [N3902 \/ A]<\/p>","protected":false},"excerpt":{"rendered":"<p>Dieser Gesichts\u00f6lbalsam mit einem Antioxidanskomplex mit Jasminbl\u00fcten hilft der Haut, sich nachts von den sch\u00e4dlichen Auswirkungen Ihres t\u00e4glichen Lebens (Stress, M\u00fcdigkeit, Umweltverschmutzung &#8230;) zu erholen und dabei das nat\u00fcrliche Gleichgewicht Ihrer Haut zu respektieren. Die mit Macadamia-\u00d6l angereicherte Ultra-Cocooning-Textur umh\u00fcllt die Haut mit einem Kokon von Weichheit ohne fettiges Finish. Beim Aufwachen sind die Gesichtsz\u00fcge [&hellip;]<\/p>\n","protected":false},"featured_media":34832,"template":"","meta":{"_acf_changed":false,"footnotes":""},"product_brand":[],"product_cat":[47,42,54,782],"product_tag":[822],"class_list":{"0":"post-2183","1":"product","2":"type-product","3":"status-publish","4":"has-post-thumbnail","6":"product_cat-dermocosmetique","7":"product_cat-para-pharmacie","8":"product_cat-soins-du-visage","9":"product_cat-vegan","10":"product_tag-nuxe-promo","12":"first","13":"outofstock","14":"taxable","15":"shipping-taxable","16":"purchasable","17":"product-type-simple"},"acf":[],"_links":{"self":[{"href":"https:\/\/www.pharmacieonline.lu\/de\/wp-json\/wp\/v2\/product\/2183","targetHints":{"allow":["GET"]}}],"collection":[{"href":"https:\/\/www.pharmacieonline.lu\/de\/wp-json\/wp\/v2\/product"}],"about":[{"href":"https:\/\/www.pharmacieonline.lu\/de\/wp-json\/wp\/v2\/types\/product"}],"version-history":[{"count":0,"href":"https:\/\/www.pharmacieonline.lu\/de\/wp-json\/wp\/v2\/product\/2183\/revisions"}],"wp:featuredmedia":[{"embeddable":true,"href":"https:\/\/www.pharmacieonline.lu\/de\/wp-json\/wp\/v2\/media\/34832"}],"wp:attachment":[{"href":"https:\/\/www.pharmacieonline.lu\/de\/wp-json\/wp\/v2\/media?parent=2183"}],"wp:term":[{"taxonomy":"product_brand","embeddable":true,"href":"https:\/\/www.pharmacieonline.lu\/de\/wp-json\/wp\/v2\/product_brand?post=2183"},{"taxonomy":"product_cat","embeddable":true,"href":"https:\/\/www.pharmacieonline.lu\/de\/wp-json\/wp\/v2\/product_cat?post=2183"},{"taxonomy":"product_tag","embeddable":true,"href":"https:\/\/www.pharmacieonline.lu\/de\/wp-json\/wp\/v2\/product_tag?post=2183"}],"curies":[{"name":"wp","href":"https:\/\/api.w.org\/{rel}","templated":true}]}}