{"id":21856,"date":"2021-12-10T10:06:35","date_gmt":"2021-12-10T09:06:35","guid":{"rendered":"https:\/\/www.pharmacieonline.lu\/?post_type=product&#038;p=21856"},"modified":"2026-04-09T22:25:23","modified_gmt":"2026-04-09T20:25:23","slug":"couleurs-de-noir-pinceau-n22-oap-crmpdr","status":"publish","type":"product","link":"https:\/\/www.pharmacieonline.lu\/de\/produit\/couleurs-de-noir-pinceau-n22-oap-crmpdr\/","title":{"rendered":"COULEURS DE NOIR PINCEAU N22 OAP CRM&#038;PDR"},"content":{"rendered":"<p>Dieser Pinsel wurde entwickelt, um Lidschatten gleichm\u00e4\u00dfig aufzutragen. Die Borsten sind pr\u00e4zise platziert, um eine intensive Farbe zu hinterlassen und leicht zu verblenden.<\/p>\n<p>Alle unsere Pinsel werden in Italien von einem Meisterkenner handgefertigt, um h\u00f6chste Qualit\u00e4t zu garantieren. Wir arbeiten immer mit Kunsthaar, weil wir ein tierfreundliches Make-up gew\u00e4hrleisten wollen. Das von uns verwendete Kunsthaar ahmt Tierhaare bis ins Detail nach (1 Mikron). Dar\u00fcber hinaus haben synthetische Borsten viele Vorteile. Sie lassen sich leicht waschen, sind weicher und behalten besser ihre urspr\u00fcngliche Form.<\/p>\n<p>Anwendung<br \/>\nVerwenden Sie die flache Seite des Pinsels, um den Lidschatten aufzutragen. Sie k\u00f6nnen es mit der abgeschr\u00e4gten Seite pr\u00e4zise mischen. Die Spitze der Borsten gibt Ihnen die Pr\u00e4zision, dunklere Farben aufzutragen.<\/p>","protected":false},"excerpt":{"rendered":"<p>Dieser Pinsel wurde entwickelt, um Lidschatten gleichm\u00e4\u00dfig aufzutragen. Die Borsten sind pr\u00e4zise platziert, um eine intensive Farbe zu hinterlassen und leicht zu verblenden. Alle unsere Pinsel werden in Italien von einem Meisterkenner handgefertigt, um h\u00f6chste Qualit\u00e4t zu garantieren. Wir arbeiten immer mit Kunsthaar, weil wir ein tierfreundliches Make-up gew\u00e4hrleisten wollen. Das von uns verwendete Kunsthaar [&hellip;]<\/p>\n","protected":false},"featured_media":21859,"template":"","meta":{"_acf_changed":false,"footnotes":""},"product_brand":[],"product_cat":[47,763,42,782],"product_tag":[],"class_list":{"0":"post-21856","1":"product","2":"type-product","3":"status-publish","4":"has-post-thumbnail","6":"product_cat-dermocosmetique","7":"product_cat-maquillages","8":"product_cat-para-pharmacie","9":"product_cat-vegan","11":"first","12":"instock","13":"sale","14":"taxable","15":"shipping-taxable","16":"purchasable","17":"product-type-simple"},"acf":[],"_links":{"self":[{"href":"https:\/\/www.pharmacieonline.lu\/de\/wp-json\/wp\/v2\/product\/21856","targetHints":{"allow":["GET"]}}],"collection":[{"href":"https:\/\/www.pharmacieonline.lu\/de\/wp-json\/wp\/v2\/product"}],"about":[{"href":"https:\/\/www.pharmacieonline.lu\/de\/wp-json\/wp\/v2\/types\/product"}],"version-history":[{"count":0,"href":"https:\/\/www.pharmacieonline.lu\/de\/wp-json\/wp\/v2\/product\/21856\/revisions"}],"wp:featuredmedia":[{"embeddable":true,"href":"https:\/\/www.pharmacieonline.lu\/de\/wp-json\/wp\/v2\/media\/21859"}],"wp:attachment":[{"href":"https:\/\/www.pharmacieonline.lu\/de\/wp-json\/wp\/v2\/media?parent=21856"}],"wp:term":[{"taxonomy":"product_brand","embeddable":true,"href":"https:\/\/www.pharmacieonline.lu\/de\/wp-json\/wp\/v2\/product_brand?post=21856"},{"taxonomy":"product_cat","embeddable":true,"href":"https:\/\/www.pharmacieonline.lu\/de\/wp-json\/wp\/v2\/product_cat?post=21856"},{"taxonomy":"product_tag","embeddable":true,"href":"https:\/\/www.pharmacieonline.lu\/de\/wp-json\/wp\/v2\/product_tag?post=21856"}],"curies":[{"name":"wp","href":"https:\/\/api.w.org\/{rel}","templated":true}]}}