{"id":21871,"date":"2021-12-10T10:30:10","date_gmt":"2021-12-10T09:30:10","guid":{"rendered":"https:\/\/www.pharmacieonline.lu\/?post_type=product&#038;p=21871"},"modified":"2026-04-10T00:25:33","modified_gmt":"2026-04-09T22:25:33","slug":"couleurs-de-noir-pinceau-fdt-n32","status":"publish","type":"product","link":"https:\/\/www.pharmacieonline.lu\/de\/produit\/couleurs-de-noir-pinceau-fdt-n32\/","title":{"rendered":"COULEURS DE NOIR PINCEAU FDT N32"},"content":{"rendered":"<p>Eine einzelne B\u00fcrste, die aus zwei Arten von Borsten besteht. Durch diese unterschiedlichen Borsten lassen sich fl\u00fcssige Formeln einfach auftragen.<\/p>\n<p>\u201eAlle unsere Pinsel werden in Italien von einem Meisterkenner handgefertigt, um h\u00f6chste Qualit\u00e4t zu garantieren. Wir arbeiten immer mit Kunsthaar, weil wir ein tierfreundliches Make-up gew\u00e4hrleisten wollen. Das von uns verwendete Kunsthaar ahmt Tierhaare bis ins Detail nach (1 Mikron). Dar\u00fcber hinaus haben synthetische Borsten viele Vorteile. Sie lassen sich leicht waschen, sind weicher und behalten ihre urspr\u00fcngliche Form besser.<\/p>\n<p>Anwendung<\/p>\n<p>Nehmen Sie etwas Produkt mit dem Pinsel und tragen Sie es auf das Gesicht auf. Sie k\u00f6nnen das Produkt auch zuerst auf das Gesicht auftragen und dann mit dem Pinsel verblenden. F\u00fcr einen ebenm\u00e4\u00dfigen Teint in kreisenden Bewegungen verblenden. Sie m\u00f6chten mehr Reichweite? Tippen Sie auf die gew\u00fcnschten Bereiche.<\/p>","protected":false},"excerpt":{"rendered":"<p>Eine einzelne B\u00fcrste, die aus zwei Arten von Borsten besteht. Durch diese unterschiedlichen Borsten lassen sich fl\u00fcssige Formeln einfach auftragen. \u201eAlle unsere Pinsel werden in Italien von einem Meisterkenner handgefertigt, um h\u00f6chste Qualit\u00e4t zu garantieren. Wir arbeiten immer mit Kunsthaar, weil wir ein tierfreundliches Make-up gew\u00e4hrleisten wollen. Das von uns verwendete Kunsthaar ahmt Tierhaare bis [&hellip;]<\/p>\n","protected":false},"featured_media":21874,"template":"","meta":{"_acf_changed":false,"footnotes":""},"product_brand":[],"product_cat":[47,763,42,782],"product_tag":[],"class_list":{"0":"post-21871","1":"product","2":"type-product","3":"status-publish","4":"has-post-thumbnail","6":"product_cat-dermocosmetique","7":"product_cat-maquillages","8":"product_cat-para-pharmacie","9":"product_cat-vegan","11":"first","12":"outofstock","13":"taxable","14":"shipping-taxable","15":"purchasable","16":"product-type-simple"},"acf":[],"_links":{"self":[{"href":"https:\/\/www.pharmacieonline.lu\/de\/wp-json\/wp\/v2\/product\/21871","targetHints":{"allow":["GET"]}}],"collection":[{"href":"https:\/\/www.pharmacieonline.lu\/de\/wp-json\/wp\/v2\/product"}],"about":[{"href":"https:\/\/www.pharmacieonline.lu\/de\/wp-json\/wp\/v2\/types\/product"}],"version-history":[{"count":0,"href":"https:\/\/www.pharmacieonline.lu\/de\/wp-json\/wp\/v2\/product\/21871\/revisions"}],"wp:featuredmedia":[{"embeddable":true,"href":"https:\/\/www.pharmacieonline.lu\/de\/wp-json\/wp\/v2\/media\/21874"}],"wp:attachment":[{"href":"https:\/\/www.pharmacieonline.lu\/de\/wp-json\/wp\/v2\/media?parent=21871"}],"wp:term":[{"taxonomy":"product_brand","embeddable":true,"href":"https:\/\/www.pharmacieonline.lu\/de\/wp-json\/wp\/v2\/product_brand?post=21871"},{"taxonomy":"product_cat","embeddable":true,"href":"https:\/\/www.pharmacieonline.lu\/de\/wp-json\/wp\/v2\/product_cat?post=21871"},{"taxonomy":"product_tag","embeddable":true,"href":"https:\/\/www.pharmacieonline.lu\/de\/wp-json\/wp\/v2\/product_tag?post=21871"}],"curies":[{"name":"wp","href":"https:\/\/api.w.org\/{rel}","templated":true}]}}