{"id":21876,"date":"2021-12-10T11:16:38","date_gmt":"2021-12-10T10:16:38","guid":{"rendered":"https:\/\/www.pharmacieonline.lu\/?post_type=product&#038;p=21876"},"modified":"2026-04-04T16:25:49","modified_gmt":"2026-04-04T14:25:49","slug":"couleurs-de-noir-solid-brush-cleanser","status":"publish","type":"product","link":"https:\/\/www.pharmacieonline.lu\/de\/produit\/couleurs-de-noir-solid-brush-cleanser\/","title":{"rendered":"COULEURS DE NOIR SOLID BRUSH CLEANSER"},"content":{"rendered":"<p>Reinigt und entfernt Make-up von Ihren Pinseln. Behandelt Haare und h\u00e4lt sie weich.<\/p>\n<p>Gebrauchsanweisung:<\/p>\n<p>Befeuchten Sie Ihren Pinsel und wirbeln Sie ihn im Produkt herum. Die Haare gut in der Handfl\u00e4che aufsch\u00e4umen und gr\u00fcndlich mit klarem Wasser aussp\u00fclen. Lassen Sie die B\u00fcrste an der Luft trocknen.<\/p>\n<p>Inhaltsstoffe<\/p>\n<p>COCOS NUCIFERA \u00d6L, AQUA, NATRIUMHYDROXID, KALIUMHYDROXID, PARF\u00dcM, ZITRONENS\u00c4URE,<br \/>\nALLERGENE: CITRONELLOL<\/p>","protected":false},"excerpt":{"rendered":"<p>Reinigt und entfernt Make-up von Ihren Pinseln. Behandelt Haare und h\u00e4lt sie weich. Gebrauchsanweisung: Befeuchten Sie Ihren Pinsel und wirbeln Sie ihn im Produkt herum. Die Haare gut in der Handfl\u00e4che aufsch\u00e4umen und gr\u00fcndlich mit klarem Wasser aussp\u00fclen. Lassen Sie die B\u00fcrste an der Luft trocknen. Inhaltsstoffe COCOS NUCIFERA \u00d6L, AQUA, NATRIUMHYDROXID, KALIUMHYDROXID, PARF\u00dcM, ZITRONENS\u00c4URE, [&hellip;]<\/p>\n","protected":false},"featured_media":21877,"template":"","meta":{"_acf_changed":false,"footnotes":""},"product_brand":[],"product_cat":[47,763,42,782],"product_tag":[],"class_list":{"0":"post-21876","1":"product","2":"type-product","3":"status-publish","4":"has-post-thumbnail","6":"product_cat-dermocosmetique","7":"product_cat-maquillages","8":"product_cat-para-pharmacie","9":"product_cat-vegan","11":"first","12":"instock","13":"sale","14":"taxable","15":"shipping-taxable","16":"purchasable","17":"product-type-simple"},"acf":[],"_links":{"self":[{"href":"https:\/\/www.pharmacieonline.lu\/de\/wp-json\/wp\/v2\/product\/21876","targetHints":{"allow":["GET"]}}],"collection":[{"href":"https:\/\/www.pharmacieonline.lu\/de\/wp-json\/wp\/v2\/product"}],"about":[{"href":"https:\/\/www.pharmacieonline.lu\/de\/wp-json\/wp\/v2\/types\/product"}],"version-history":[{"count":0,"href":"https:\/\/www.pharmacieonline.lu\/de\/wp-json\/wp\/v2\/product\/21876\/revisions"}],"wp:featuredmedia":[{"embeddable":true,"href":"https:\/\/www.pharmacieonline.lu\/de\/wp-json\/wp\/v2\/media\/21877"}],"wp:attachment":[{"href":"https:\/\/www.pharmacieonline.lu\/de\/wp-json\/wp\/v2\/media?parent=21876"}],"wp:term":[{"taxonomy":"product_brand","embeddable":true,"href":"https:\/\/www.pharmacieonline.lu\/de\/wp-json\/wp\/v2\/product_brand?post=21876"},{"taxonomy":"product_cat","embeddable":true,"href":"https:\/\/www.pharmacieonline.lu\/de\/wp-json\/wp\/v2\/product_cat?post=21876"},{"taxonomy":"product_tag","embeddable":true,"href":"https:\/\/www.pharmacieonline.lu\/de\/wp-json\/wp\/v2\/product_tag?post=21876"}],"curies":[{"name":"wp","href":"https:\/\/api.w.org\/{rel}","templated":true}]}}