{"id":21923,"date":"2021-12-10T15:36:00","date_gmt":"2021-12-10T14:36:00","guid":{"rendered":"https:\/\/www.pharmacieonline.lu\/?post_type=product&#038;p=21923"},"modified":"2026-04-10T02:26:06","modified_gmt":"2026-04-10T00:26:06","slug":"couleurs-de-noir-instant-gloss-oil-01","status":"publish","type":"product","link":"https:\/\/www.pharmacieonline.lu\/de\/produit\/couleurs-de-noir-instant-gloss-oil-01\/","title":{"rendered":"COULEURS DE NOIR INSTANT GLOSS OIL 01"},"content":{"rendered":"<p>Ein leichtes, nicht klebriges \u00d6l, das Ihre Lippen pflegt. Diese Formel enth\u00e4lt verschiedene \u00d6le, die auch die tiefen Hautschichten pflegen.<\/p>\n<p>Jojoba\u00f6l: Erzeugt eine weiche, cremige und pflegende Formel.<\/p>\n<p>Avocado\u00f6l: starke feuchtigkeitsspendende Eigenschaften<\/p>\n<p>Argan\u00f6l: n\u00e4hrt tief und spendet Feuchtigkeit<\/p>\n<p>Anwendung<\/p>\n<p>Tragen Sie eine gro\u00dfz\u00fcgige Schicht auf Ihre Lippen auf. Kann direkt auf die Lippen oder \u00fcber den Lippenstift aufgetragen werden. Erneuern Sie die Anwendung so oft Sie m\u00f6chten.<\/p>\n<p>Komposition<\/p>\n<p>POLYBUTEN, OCTYLDODECANOL, SIMMONDSIA CHINENSIS SAMEN\u00d6L (SIMMONDSIA CHINENSIS (JOJOBA) SAMEN\u00d6L), DIISOSTEARYL MALAT, DIMETHYL SILICAILYLAT, ARGANIA SPINOSA KERNEL OILA, OTISSIMA GRATISIMADIA (OAVITISSROMIA) (OAVITISSROMIA), PAVILTEARYL MALAT (OAVITISSROMIA) (OAVITISSROMI) T-BUTYL<\/p>\n<p>HYDROXYHYDROZINNAMAT<\/p>","protected":false},"excerpt":{"rendered":"<p>Ein leichtes, nicht klebriges \u00d6l, das Ihre Lippen pflegt. Diese Formel enth\u00e4lt verschiedene \u00d6le, die auch die tiefen Hautschichten pflegen. Jojoba\u00f6l: Erzeugt eine weiche, cremige und pflegende Formel. Avocado\u00f6l: starke feuchtigkeitsspendende Eigenschaften Argan\u00f6l: n\u00e4hrt tief und spendet Feuchtigkeit Anwendung Tragen Sie eine gro\u00dfz\u00fcgige Schicht auf Ihre Lippen auf. Kann direkt auf die Lippen oder \u00fcber [&hellip;]<\/p>\n","protected":false},"featured_media":21926,"template":"","meta":{"_acf_changed":false,"footnotes":""},"product_brand":[],"product_cat":[47,763,42,782],"product_tag":[],"class_list":{"0":"post-21923","1":"product","2":"type-product","3":"status-publish","4":"has-post-thumbnail","6":"product_cat-dermocosmetique","7":"product_cat-maquillages","8":"product_cat-para-pharmacie","9":"product_cat-vegan","11":"first","12":"instock","13":"sale","14":"taxable","15":"shipping-taxable","16":"purchasable","17":"product-type-simple"},"acf":[],"_links":{"self":[{"href":"https:\/\/www.pharmacieonline.lu\/de\/wp-json\/wp\/v2\/product\/21923","targetHints":{"allow":["GET"]}}],"collection":[{"href":"https:\/\/www.pharmacieonline.lu\/de\/wp-json\/wp\/v2\/product"}],"about":[{"href":"https:\/\/www.pharmacieonline.lu\/de\/wp-json\/wp\/v2\/types\/product"}],"version-history":[{"count":0,"href":"https:\/\/www.pharmacieonline.lu\/de\/wp-json\/wp\/v2\/product\/21923\/revisions"}],"wp:featuredmedia":[{"embeddable":true,"href":"https:\/\/www.pharmacieonline.lu\/de\/wp-json\/wp\/v2\/media\/21926"}],"wp:attachment":[{"href":"https:\/\/www.pharmacieonline.lu\/de\/wp-json\/wp\/v2\/media?parent=21923"}],"wp:term":[{"taxonomy":"product_brand","embeddable":true,"href":"https:\/\/www.pharmacieonline.lu\/de\/wp-json\/wp\/v2\/product_brand?post=21923"},{"taxonomy":"product_cat","embeddable":true,"href":"https:\/\/www.pharmacieonline.lu\/de\/wp-json\/wp\/v2\/product_cat?post=21923"},{"taxonomy":"product_tag","embeddable":true,"href":"https:\/\/www.pharmacieonline.lu\/de\/wp-json\/wp\/v2\/product_tag?post=21923"}],"curies":[{"name":"wp","href":"https:\/\/api.w.org\/{rel}","templated":true}]}}