{"id":21932,"date":"2021-12-10T16:08:09","date_gmt":"2021-12-10T15:08:09","guid":{"rendered":"https:\/\/www.pharmacieonline.lu\/?post_type=product&#038;p=21932"},"modified":"2026-04-10T02:25:35","modified_gmt":"2026-04-10T00:25:35","slug":"couleurs-de-noir-inst-gloss-lip-max-01","status":"publish","type":"product","link":"https:\/\/www.pharmacieonline.lu\/de\/produit\/couleurs-de-noir-inst-gloss-lip-max-01\/","title":{"rendered":"COULEURS DE NOIR INST GLOSS LIP MAX 01"},"content":{"rendered":"<p>Eine leichte, nicht klebrige Formel mit st\u00e4rkenden Eigenschaften. Instant Gloss Lip Maximizer schenkt Ihren Lippen kontinuierliche Pflege und gesunden Glanz.<\/p>\n<p>Oliven\u00f6l: st\u00e4rkende und antioxidative Eigenschaften<\/p>\n<p>Passiflora-\u00d6l: intensive und anhaltende Feuchtigkeit<\/p>\n<p>Leichte Ester: leichte, pflegende und nicht klebrige Formel.<\/p>\n<p>Anwendung<\/p>\n<p>Tragen Sie eine gro\u00dfz\u00fcgige Schicht auf Ihre Lippen auf. Kann direkt auf die Lippen oder \u00fcber den Lippenstift aufgetragen werden. F\u00fcr konstanten Glanz und hydratisierte Lippen mehrmals t\u00e4glich erneut auftragen.<\/p>\n<p>Komposition<\/p>\n<p>POLYBUTEN, OCTYLDODECANOL, SILICA DIMETHYL SILYLAT, OLEA EUROPAEA FRUCHT\u00d6L \/ OLEA EUROPAEA (OLIVE) FRUCHT\u00d6L, AROMA \/ GESCHMACK, LECITHIN, TOCOPHEROL, ASCORBYLPALMITAT, CITRINS\u00c4URE, EUROCI 77891 (OLIVEDES) , CI 15850 (RED 7 SEE), CI 77499 (EISENOXIDE)<\/p>","protected":false},"excerpt":{"rendered":"<p>Eine leichte, nicht klebrige Formel mit st\u00e4rkenden Eigenschaften. Instant Gloss Lip Maximizer schenkt Ihren Lippen kontinuierliche Pflege und gesunden Glanz. Oliven\u00f6l: st\u00e4rkende und antioxidative Eigenschaften Passiflora-\u00d6l: intensive und anhaltende Feuchtigkeit Leichte Ester: leichte, pflegende und nicht klebrige Formel. Anwendung Tragen Sie eine gro\u00dfz\u00fcgige Schicht auf Ihre Lippen auf. Kann direkt auf die Lippen oder \u00fcber [&hellip;]<\/p>\n","protected":false},"featured_media":22144,"template":"","meta":{"_acf_changed":false,"footnotes":""},"product_brand":[],"product_cat":[47,763,42,782],"product_tag":[],"class_list":{"0":"post-21932","1":"product","2":"type-product","3":"status-publish","4":"has-post-thumbnail","6":"product_cat-dermocosmetique","7":"product_cat-maquillages","8":"product_cat-para-pharmacie","9":"product_cat-vegan","11":"first","12":"instock","13":"sale","14":"taxable","15":"shipping-taxable","16":"purchasable","17":"product-type-simple"},"acf":[],"_links":{"self":[{"href":"https:\/\/www.pharmacieonline.lu\/de\/wp-json\/wp\/v2\/product\/21932","targetHints":{"allow":["GET"]}}],"collection":[{"href":"https:\/\/www.pharmacieonline.lu\/de\/wp-json\/wp\/v2\/product"}],"about":[{"href":"https:\/\/www.pharmacieonline.lu\/de\/wp-json\/wp\/v2\/types\/product"}],"version-history":[{"count":0,"href":"https:\/\/www.pharmacieonline.lu\/de\/wp-json\/wp\/v2\/product\/21932\/revisions"}],"wp:featuredmedia":[{"embeddable":true,"href":"https:\/\/www.pharmacieonline.lu\/de\/wp-json\/wp\/v2\/media\/22144"}],"wp:attachment":[{"href":"https:\/\/www.pharmacieonline.lu\/de\/wp-json\/wp\/v2\/media?parent=21932"}],"wp:term":[{"taxonomy":"product_brand","embeddable":true,"href":"https:\/\/www.pharmacieonline.lu\/de\/wp-json\/wp\/v2\/product_brand?post=21932"},{"taxonomy":"product_cat","embeddable":true,"href":"https:\/\/www.pharmacieonline.lu\/de\/wp-json\/wp\/v2\/product_cat?post=21932"},{"taxonomy":"product_tag","embeddable":true,"href":"https:\/\/www.pharmacieonline.lu\/de\/wp-json\/wp\/v2\/product_tag?post=21932"}],"curies":[{"name":"wp","href":"https:\/\/api.w.org\/{rel}","templated":true}]}}