{"id":2194,"date":"2020-11-25T17:27:55","date_gmt":"2020-11-25T16:27:55","guid":{"rendered":"https:\/\/www.pharmacieonline.lu\/produit\/roche-posay-lipikar-huile-lav-ap-400-ml\/"},"modified":"2026-04-05T03:55:45","modified_gmt":"2026-04-05T01:55:45","slug":"roche-posay-lipikar-huile-lav-ap-400-ml","status":"publish","type":"product","link":"https:\/\/www.pharmacieonline.lu\/de\/produit\/roche-posay-lipikar-huile-lav-ap-400-ml\/","title":{"rendered":"ROCHE POSAY LIPIKAR HUILE LAV AP+ 400 ML"},"content":{"rendered":"<p>LIPIKAR WASCH\u00d6L AP +<\/p>\n<p>Lipidauff\u00fcllendes Reinigungs\u00f6l. Anti-Reizung. Kratzfest.<\/p>\n<p>BESCHAFFENHEIT &amp; ANWENDUNG<br \/>\nAnti-Reibungs-Schaumstruktur. Hypoallergener Duft. Leicht abzusp\u00fclen. Dusche &amp; Bad &#8211; Verwendung unter der Dusche: Schaum in den H\u00e4nden und auf die feuchte Haut auftragen. Sp\u00fclen. &#8211; Verwendung im Bad: F\u00fcgen Sie es dem Badewasser bei, wenn Sie das Bad f\u00fcllen.<br \/>\nKomposition<br \/>\nZUTATEN | DRAHTCODE: C224532 \/ 1<br \/>\nAQUA WASSER<br \/>\nGLYCERIN<br \/>\nZUCKER<br \/>\nNatriumlaurethsulfat<br \/>\nCOCO-BETAINE<br \/>\nNatriumchlorid<br \/>\nZITRONENS\u00c4URE<br \/>\nNIACINAMID<br \/>\nPARFUM \/ DUFT<br \/>\nPEG-75 SHEA BUTTER GLYCERIDE<br \/>\nPOLYSORBAT 20<br \/>\nPPG-5-CETETH-20<br \/>\nNATRIUMBENZOAT<br \/>\nNATRIUMHYDROXID<br \/>\nVITREOSCILLA FERMENT.<\/p>","protected":false},"excerpt":{"rendered":"<p>LIPIKAR WASCH\u00d6L AP + Lipidauff\u00fcllendes Reinigungs\u00f6l. Anti-Reizung. Kratzfest. BESCHAFFENHEIT &amp; ANWENDUNG Anti-Reibungs-Schaumstruktur. Hypoallergener Duft. Leicht abzusp\u00fclen. Dusche &amp; Bad &#8211; Verwendung unter der Dusche: Schaum in den H\u00e4nden und auf die feuchte Haut auftragen. Sp\u00fclen. &#8211; Verwendung im Bad: F\u00fcgen Sie es dem Badewasser bei, wenn Sie das Bad f\u00fcllen. Komposition ZUTATEN | DRAHTCODE: C224532 [&hellip;]<\/p>\n","protected":false},"featured_media":2754,"template":"","meta":{"_acf_changed":false,"footnotes":""},"product_brand":[],"product_cat":[47,42,112],"product_tag":[],"class_list":{"0":"post-2194","1":"product","2":"type-product","3":"status-publish","4":"has-post-thumbnail","6":"product_cat-dermocosmetique","7":"product_cat-para-pharmacie","8":"product_cat-douche-bain","10":"first","11":"instock","12":"taxable","13":"shipping-taxable","14":"purchasable","15":"product-type-simple"},"acf":[],"_links":{"self":[{"href":"https:\/\/www.pharmacieonline.lu\/de\/wp-json\/wp\/v2\/product\/2194","targetHints":{"allow":["GET"]}}],"collection":[{"href":"https:\/\/www.pharmacieonline.lu\/de\/wp-json\/wp\/v2\/product"}],"about":[{"href":"https:\/\/www.pharmacieonline.lu\/de\/wp-json\/wp\/v2\/types\/product"}],"version-history":[{"count":0,"href":"https:\/\/www.pharmacieonline.lu\/de\/wp-json\/wp\/v2\/product\/2194\/revisions"}],"wp:featuredmedia":[{"embeddable":true,"href":"https:\/\/www.pharmacieonline.lu\/de\/wp-json\/wp\/v2\/media\/2754"}],"wp:attachment":[{"href":"https:\/\/www.pharmacieonline.lu\/de\/wp-json\/wp\/v2\/media?parent=2194"}],"wp:term":[{"taxonomy":"product_brand","embeddable":true,"href":"https:\/\/www.pharmacieonline.lu\/de\/wp-json\/wp\/v2\/product_brand?post=2194"},{"taxonomy":"product_cat","embeddable":true,"href":"https:\/\/www.pharmacieonline.lu\/de\/wp-json\/wp\/v2\/product_cat?post=2194"},{"taxonomy":"product_tag","embeddable":true,"href":"https:\/\/www.pharmacieonline.lu\/de\/wp-json\/wp\/v2\/product_tag?post=2194"}],"curies":[{"name":"wp","href":"https:\/\/api.w.org\/{rel}","templated":true}]}}