{"id":2195,"date":"2020-11-25T17:27:55","date_gmt":"2020-11-25T16:27:55","guid":{"rendered":"https:\/\/www.pharmacieonline.lu\/produit\/avene-les-essentiels-cr-nutritive-50ml\/"},"modified":"2026-04-10T02:25:39","modified_gmt":"2026-04-10T00:25:39","slug":"avene-les-essentiels-cr-nutritive-50ml","status":"publish","type":"product","link":"https:\/\/www.pharmacieonline.lu\/de\/produit\/avene-les-essentiels-cr-nutritive-50ml\/","title":{"rendered":"AVENE LES ESSENTIELS CR NUTRITIVE 50ML"},"content":{"rendered":"<p>Pflegt und beruhigt Ihre empfindliche, trockene und devitalisierte Haut t\u00e4glich.<\/p>\n<p>Indikation<\/p>\n<p>Die Revitalizing Nourishing Cream ist besonders f\u00fcr trockene, m\u00fcde, empfindliche Haut (gezeichnete Gesichtsz\u00fcge und stumpfer Teint) geeignet, die unangenehm ist und keine Ern\u00e4hrung enth\u00e4lt.<\/p>\n<p>Verwendung<\/p>\n<p>Reinigen Sie Ihr Gesicht mit sanfter Reinigungsmilch. Morgens und abends auf Gesicht und Hals auftragen.<\/p>\n<p>Komposition<\/p>\n<p>AVENE THERMAL SPRING WATER (AVENE AQUA) *. GLYCERIN. OCTYLDODECANOL. MINERAL\u00d6L (PARAFFINUM LIQUIDUM). CETEARYLALKOHOL. DIMETHIKON. ISODODECAN. METHYLGLUCETH-20. PENTYLENGLYCOL. WASSER (AQUA). SILIKA. CETEARYLGLUCOSID. GLYCERYLSTEARAT. PEG-100 STEARATE. BENZOES\u00c4URE. CAPRYL \/ CAPRIC TRIGLYCERIDE. ETHYLHEXYLGLYCERIN. DUFT (PARFUM). HYDROGENIERTES STARCHHYDROLYZAT. POLYACRYLAT-13. POLYISOBUTEN. POLYSORBAT 20. RIBES RUBRUM (CURRANT) FRUCHT-EXTRAKT (RIBES RUBRUM FRUIT EXTRACT) *. RUBUS IDAEUS (RASPBERRY) FR\u00dcCHTEXTRAKT (RUBUS IDAEUS FR\u00dcCHTExtrakt) *. NATRIUMBENZOAT. NATRIUMHYDROXID. SORBITAN ISOSTEARATE. TOCOPHEROL. TOCOPHERYLGLUCOSID. VACCINIUM MYRTILLUS FRUIT EXTRACT *. XANTHAN GUM.<\/p>","protected":false},"excerpt":{"rendered":"<p>Pflegt und beruhigt Ihre empfindliche, trockene und devitalisierte Haut t\u00e4glich. Indikation Die Revitalizing Nourishing Cream ist besonders f\u00fcr trockene, m\u00fcde, empfindliche Haut (gezeichnete Gesichtsz\u00fcge und stumpfer Teint) geeignet, die unangenehm ist und keine Ern\u00e4hrung enth\u00e4lt. Verwendung Reinigen Sie Ihr Gesicht mit sanfter Reinigungsmilch. Morgens und abends auf Gesicht und Hals auftragen. Komposition AVENE THERMAL SPRING [&hellip;]<\/p>\n","protected":false},"featured_media":2743,"template":"","meta":{"_acf_changed":false,"footnotes":""},"product_brand":[],"product_cat":[47,42,54],"product_tag":[],"class_list":{"0":"post-2195","1":"product","2":"type-product","3":"status-publish","4":"has-post-thumbnail","6":"product_cat-dermocosmetique","7":"product_cat-para-pharmacie","8":"product_cat-soins-du-visage","10":"first","11":"outofstock","12":"taxable","13":"shipping-taxable","14":"purchasable","15":"product-type-simple"},"acf":[],"_links":{"self":[{"href":"https:\/\/www.pharmacieonline.lu\/de\/wp-json\/wp\/v2\/product\/2195","targetHints":{"allow":["GET"]}}],"collection":[{"href":"https:\/\/www.pharmacieonline.lu\/de\/wp-json\/wp\/v2\/product"}],"about":[{"href":"https:\/\/www.pharmacieonline.lu\/de\/wp-json\/wp\/v2\/types\/product"}],"version-history":[{"count":0,"href":"https:\/\/www.pharmacieonline.lu\/de\/wp-json\/wp\/v2\/product\/2195\/revisions"}],"wp:featuredmedia":[{"embeddable":true,"href":"https:\/\/www.pharmacieonline.lu\/de\/wp-json\/wp\/v2\/media\/2743"}],"wp:attachment":[{"href":"https:\/\/www.pharmacieonline.lu\/de\/wp-json\/wp\/v2\/media?parent=2195"}],"wp:term":[{"taxonomy":"product_brand","embeddable":true,"href":"https:\/\/www.pharmacieonline.lu\/de\/wp-json\/wp\/v2\/product_brand?post=2195"},{"taxonomy":"product_cat","embeddable":true,"href":"https:\/\/www.pharmacieonline.lu\/de\/wp-json\/wp\/v2\/product_cat?post=2195"},{"taxonomy":"product_tag","embeddable":true,"href":"https:\/\/www.pharmacieonline.lu\/de\/wp-json\/wp\/v2\/product_tag?post=2195"}],"curies":[{"name":"wp","href":"https:\/\/api.w.org\/{rel}","templated":true}]}}