{"id":21961,"date":"2021-12-10T16:45:28","date_gmt":"2021-12-10T15:45:28","guid":{"rendered":"https:\/\/www.pharmacieonline.lu\/?post_type=product&#038;p=21961"},"modified":"2026-04-10T06:25:27","modified_gmt":"2026-04-10T04:25:27","slug":"couleurs-de-noir-silkys-sat-lipstick-01","status":"publish","type":"product","link":"https:\/\/www.pharmacieonline.lu\/de\/produit\/couleurs-de-noir-silkys-sat-lipstick-01\/","title":{"rendered":"COULEURS DE NOIR SILKYS SAT LIPSTICK 01"},"content":{"rendered":"<p>Eine Formel, die mit einem einzigen Schwamm aufgetragen wird und sehr pigmentiert ist. Silkysoft Satin Lipstick ist leicht und pflegt Ihre Lippen den ganzen Tag, ohne Farbe zu verlieren.<\/p>\n<p>Mischung aus Estern und Wachsen: Balance zwischen sanfter Anwendung und hitzebest\u00e4ndiger Formel<\/p>\n<p>Leichte \u00d6le: angenehmes und leichtes Gef\u00fchl auf den Lippen.<\/p>\n<p>Benutzen<\/p>\n<p>Konturiere und f\u00fclle die Konturen deiner Lippen aus.<\/p>\n<p>Komposition<\/p>\n<p>OCTYLDODECANOL, POLYBUTEN, ALKYLBENZOAT C12-15, POLYETHYLEN, SYNTHETISCHES BIENENWACHS, KAOLIN, SYNTHETISCHES FLUORPHLOGOPIT, SYNTHETISCHES WACHS, SILICA, CELLULOSE, ETHYLVANILLIN (49)DCI1 (49)DCI1) (49DDCI1) (49DCI) 7 \/78 \/78 77891 EISEN), CI 77492 (EISENOXIDE), CI 77499 (EISENOXIDE), CI 15850 (ROT 7), CI 42090 (BLAU 1)].<\/p>","protected":false},"excerpt":{"rendered":"<p>Eine Formel, die mit einem einzigen Schwamm aufgetragen wird und sehr pigmentiert ist. Silkysoft Satin Lipstick ist leicht und pflegt Ihre Lippen den ganzen Tag, ohne Farbe zu verlieren. Mischung aus Estern und Wachsen: Balance zwischen sanfter Anwendung und hitzebest\u00e4ndiger Formel Leichte \u00d6le: angenehmes und leichtes Gef\u00fchl auf den Lippen. Benutzen Konturiere und f\u00fclle die [&hellip;]<\/p>\n","protected":false},"featured_media":21965,"template":"","meta":{"_acf_changed":false,"footnotes":""},"product_brand":[],"product_cat":[47,763,42,782],"product_tag":[],"class_list":{"0":"post-21961","1":"product","2":"type-product","3":"status-publish","4":"has-post-thumbnail","6":"product_cat-dermocosmetique","7":"product_cat-maquillages","8":"product_cat-para-pharmacie","9":"product_cat-vegan","11":"first","12":"instock","13":"sale","14":"taxable","15":"shipping-taxable","16":"purchasable","17":"product-type-simple"},"acf":[],"_links":{"self":[{"href":"https:\/\/www.pharmacieonline.lu\/de\/wp-json\/wp\/v2\/product\/21961","targetHints":{"allow":["GET"]}}],"collection":[{"href":"https:\/\/www.pharmacieonline.lu\/de\/wp-json\/wp\/v2\/product"}],"about":[{"href":"https:\/\/www.pharmacieonline.lu\/de\/wp-json\/wp\/v2\/types\/product"}],"version-history":[{"count":0,"href":"https:\/\/www.pharmacieonline.lu\/de\/wp-json\/wp\/v2\/product\/21961\/revisions"}],"wp:featuredmedia":[{"embeddable":true,"href":"https:\/\/www.pharmacieonline.lu\/de\/wp-json\/wp\/v2\/media\/21965"}],"wp:attachment":[{"href":"https:\/\/www.pharmacieonline.lu\/de\/wp-json\/wp\/v2\/media?parent=21961"}],"wp:term":[{"taxonomy":"product_brand","embeddable":true,"href":"https:\/\/www.pharmacieonline.lu\/de\/wp-json\/wp\/v2\/product_brand?post=21961"},{"taxonomy":"product_cat","embeddable":true,"href":"https:\/\/www.pharmacieonline.lu\/de\/wp-json\/wp\/v2\/product_cat?post=21961"},{"taxonomy":"product_tag","embeddable":true,"href":"https:\/\/www.pharmacieonline.lu\/de\/wp-json\/wp\/v2\/product_tag?post=21961"}],"curies":[{"name":"wp","href":"https:\/\/api.w.org\/{rel}","templated":true}]}}