{"id":2199,"date":"2020-11-25T17:27:56","date_gmt":"2020-11-25T16:27:56","guid":{"rendered":"https:\/\/www.pharmacieonline.lu\/produit\/avene-body-deodorant-24h-50-ml\/"},"modified":"2026-04-02T19:55:31","modified_gmt":"2026-04-02T17:55:31","slug":"avene-body-deodorant-24h-50-ml","status":"publish","type":"product","link":"https:\/\/www.pharmacieonline.lu\/de\/produit\/avene-body-deodorant-24h-50-ml\/","title":{"rendered":"AVENE BODY DEODORANT 24H 50 ML"},"content":{"rendered":"<p>Der 4. Schritt des K\u00f6rperk\u00f6rperrituals: die Vertrauensgeste<\/p>\n<p>Indikation<\/p>\n<p>Das Deodorant mit 24-Stunden-Wirksamkeit ist f\u00fcr alle empfindlichen Hautpartien geeignet, auch f\u00fcr rasierte oder enthaarte.<\/p>\n<p>Komposition<br \/>\nDie Liste der Inhaltsstoffe kann sich \u00e4ndern. Wir empfehlen Ihnen, die Liste der gekauften Produkte zu \u00fcberpr\u00fcfen.<br \/>\nAVENE THERMAL SPRING WATER (AVENE AQUA). ISODECYLNEOPENTANOAT. PENTYLENGLYCOL. ORYZA SATIVA (REIS) STARCH (ORYZA SATIVA STARCH). WASSER (AQUA). HYDROXYETHYLACRYLAT \/ NATRIUMACRYLOYLDIMETHYLTAURAT-COPOLYMER. DIMETHIKON. BENZOES\u00c4URE. BUTYROSPERMUM PARKII (SHEA) \u00d6L (BUTYROSPERMUM PARKII \u00d6L). CAMELINA SATIVA SAMEN\u00d6L. CARTHAMUS TINCTORIUS (SAFFLOWER) SAMEN\u00d6L (CARTHAMUS TINCTORIUS SAMEN\u00d6L). CETRIMONIUMCHLORID. ZITRONENS\u00c4URE. DIMETHYLPHENYLPROPANOL. DISODIUM EDTA. DUFT (PARFUM). GUAR HYDROXYPROPYLTRIMONIUMCHLORID. HYDROXYCAPRIC ACID. LYSIN. POLYSORBAT 60. PROPYLENGLYKOL. NATRIUMPOLYACRYLAT. SORBITAN ISOSTEARATE. SORBITAN STEARATE. SQUALAN. ZINK RICINOLEATE.<\/p>","protected":false},"excerpt":{"rendered":"<p>Der 4. Schritt des K\u00f6rperk\u00f6rperrituals: die Vertrauensgeste Indikation Das Deodorant mit 24-Stunden-Wirksamkeit ist f\u00fcr alle empfindlichen Hautpartien geeignet, auch f\u00fcr rasierte oder enthaarte. Komposition Die Liste der Inhaltsstoffe kann sich \u00e4ndern. Wir empfehlen Ihnen, die Liste der gekauften Produkte zu \u00fcberpr\u00fcfen. AVENE THERMAL SPRING WATER (AVENE AQUA). ISODECYLNEOPENTANOAT. PENTYLENGLYCOL. ORYZA SATIVA (REIS) STARCH (ORYZA SATIVA [&hellip;]<\/p>\n","protected":false},"featured_media":2728,"template":"","meta":{"_acf_changed":false,"footnotes":""},"product_brand":[],"product_cat":[47,42,905],"product_tag":[],"class_list":{"0":"post-2199","1":"product","2":"type-product","3":"status-publish","4":"has-post-thumbnail","6":"product_cat-dermocosmetique","7":"product_cat-para-pharmacie","8":"product_cat-deodorants","10":"first","11":"outofstock","12":"taxable","13":"shipping-taxable","14":"purchasable","15":"product-type-simple"},"acf":[],"_links":{"self":[{"href":"https:\/\/www.pharmacieonline.lu\/de\/wp-json\/wp\/v2\/product\/2199","targetHints":{"allow":["GET"]}}],"collection":[{"href":"https:\/\/www.pharmacieonline.lu\/de\/wp-json\/wp\/v2\/product"}],"about":[{"href":"https:\/\/www.pharmacieonline.lu\/de\/wp-json\/wp\/v2\/types\/product"}],"version-history":[{"count":0,"href":"https:\/\/www.pharmacieonline.lu\/de\/wp-json\/wp\/v2\/product\/2199\/revisions"}],"wp:featuredmedia":[{"embeddable":true,"href":"https:\/\/www.pharmacieonline.lu\/de\/wp-json\/wp\/v2\/media\/2728"}],"wp:attachment":[{"href":"https:\/\/www.pharmacieonline.lu\/de\/wp-json\/wp\/v2\/media?parent=2199"}],"wp:term":[{"taxonomy":"product_brand","embeddable":true,"href":"https:\/\/www.pharmacieonline.lu\/de\/wp-json\/wp\/v2\/product_brand?post=2199"},{"taxonomy":"product_cat","embeddable":true,"href":"https:\/\/www.pharmacieonline.lu\/de\/wp-json\/wp\/v2\/product_cat?post=2199"},{"taxonomy":"product_tag","embeddable":true,"href":"https:\/\/www.pharmacieonline.lu\/de\/wp-json\/wp\/v2\/product_tag?post=2199"}],"curies":[{"name":"wp","href":"https:\/\/api.w.org\/{rel}","templated":true}]}}