{"id":21992,"date":"2021-12-10T16:55:01","date_gmt":"2021-12-10T15:55:01","guid":{"rendered":"https:\/\/www.pharmacieonline.lu\/?post_type=product&#038;p=21992"},"modified":"2026-04-10T08:25:34","modified_gmt":"2026-04-10T06:25:34","slug":"couleurs-de-noir-stylo-lipstick-velour02","status":"publish","type":"product","link":"https:\/\/www.pharmacieonline.lu\/de\/produit\/couleurs-de-noir-stylo-lipstick-velour02\/","title":{"rendered":"COULEURS DE NOIR STYLO LIPSTICK VELOUR02"},"content":{"rendered":"<p>Angenehme, lang anhaltende Farbe mit N\u00e4hrstoffen<br \/>\nEin matter, federleichter Lippenstift mit ultimativer Pigmentierung. Die Formel verleiht die Weichheit und den Komfort von Samt, ohne die Lippen auszutrocknen.<\/p>\n<p>Dermatologisch getestet<br \/>\nVegan<br \/>\nEnth\u00e4lt nat\u00fcrliche Inhaltsstoffe<br \/>\nMineralpigmente<br \/>\nWIRKSAME BESTANDTEILE<\/p>\n<p>Aloe Vera-Extrakt in Distelsamen\u00f6l: intensive Feuchtigkeit und tiefe Ern\u00e4hrung<br \/>\n30% leichtere Formel<br \/>\nCeramide: st\u00e4rkt die Hautbarriere<\/p>\n<p>NUTZUNG<\/p>\n<p>Auf die Lippen auftragen. Richten Sie die Au\u00dfenkanten aus und f\u00e4rben Sie sie.<\/p>","protected":false},"excerpt":{"rendered":"<p>Angenehme, lang anhaltende Farbe mit N\u00e4hrstoffen Ein matter, federleichter Lippenstift mit ultimativer Pigmentierung. Die Formel verleiht die Weichheit und den Komfort von Samt, ohne die Lippen auszutrocknen. Dermatologisch getestet Vegan Enth\u00e4lt nat\u00fcrliche Inhaltsstoffe Mineralpigmente WIRKSAME BESTANDTEILE Aloe Vera-Extrakt in Distelsamen\u00f6l: intensive Feuchtigkeit und tiefe Ern\u00e4hrung 30% leichtere Formel Ceramide: st\u00e4rkt die Hautbarriere NUTZUNG Auf die [&hellip;]<\/p>\n","protected":false},"featured_media":21996,"template":"","meta":{"_acf_changed":false,"footnotes":""},"product_brand":[],"product_cat":[47,763,42,782],"product_tag":[],"class_list":{"0":"post-21992","1":"product","2":"type-product","3":"status-publish","4":"has-post-thumbnail","6":"product_cat-dermocosmetique","7":"product_cat-maquillages","8":"product_cat-para-pharmacie","9":"product_cat-vegan","11":"first","12":"instock","13":"sale","14":"taxable","15":"shipping-taxable","16":"purchasable","17":"product-type-simple"},"acf":[],"_links":{"self":[{"href":"https:\/\/www.pharmacieonline.lu\/de\/wp-json\/wp\/v2\/product\/21992","targetHints":{"allow":["GET"]}}],"collection":[{"href":"https:\/\/www.pharmacieonline.lu\/de\/wp-json\/wp\/v2\/product"}],"about":[{"href":"https:\/\/www.pharmacieonline.lu\/de\/wp-json\/wp\/v2\/types\/product"}],"version-history":[{"count":0,"href":"https:\/\/www.pharmacieonline.lu\/de\/wp-json\/wp\/v2\/product\/21992\/revisions"}],"wp:featuredmedia":[{"embeddable":true,"href":"https:\/\/www.pharmacieonline.lu\/de\/wp-json\/wp\/v2\/media\/21996"}],"wp:attachment":[{"href":"https:\/\/www.pharmacieonline.lu\/de\/wp-json\/wp\/v2\/media?parent=21992"}],"wp:term":[{"taxonomy":"product_brand","embeddable":true,"href":"https:\/\/www.pharmacieonline.lu\/de\/wp-json\/wp\/v2\/product_brand?post=21992"},{"taxonomy":"product_cat","embeddable":true,"href":"https:\/\/www.pharmacieonline.lu\/de\/wp-json\/wp\/v2\/product_cat?post=21992"},{"taxonomy":"product_tag","embeddable":true,"href":"https:\/\/www.pharmacieonline.lu\/de\/wp-json\/wp\/v2\/product_tag?post=21992"}],"curies":[{"name":"wp","href":"https:\/\/api.w.org\/{rel}","templated":true}]}}