{"id":2201,"date":"2020-11-25T17:27:56","date_gmt":"2020-11-25T16:27:56","guid":{"rendered":"https:\/\/www.pharmacieonline.lu\/produit\/avene-hydrance-legere-40-ml\/"},"modified":"2026-04-03T07:55:27","modified_gmt":"2026-04-03T05:55:27","slug":"avene-hydrance-legere-40-ml","status":"publish","type":"product","link":"https:\/\/www.pharmacieonline.lu\/de\/produit\/avene-hydrance-legere-40-ml\/","title":{"rendered":"AVENE HYDRANCE LEGERE 40 ML"},"content":{"rendered":"<p>UV-LIGHT HYDRANCE &#8211; FEUCHTIGKEITSEMULSION SPF30<\/p>\n<p>Befeuchten Sie Ihre Haut und sch\u00fctzen Sie sie t\u00e4glich vor UV-Strahlen, freien Radikalen und Verschmutzung. Ihre leichte Textur mit einem matten Finish<\/p>\n<p>&nbsp;<\/p>\n<p>Ein echter t\u00e4glicher Schutzschild, UV-Licht-Hydranz: &#8211; Hydratiert dauerhaft * dank seines patentierten Cohederm-Komplexes **, &#8211; beruhigt dauerhaft dank des reizhemmenden Av\u00e8ne Thermalquellwassers, &#8211; sch\u00fctzt wirksam vor Umwelteinfl\u00fcssen (UV-Strahlen, Radikale) frei und verschmutzt) dank des Sunsitive Protection-Filtersystems mit hohem Schutzfaktor SPF30 und Pre-Tocopheryl. * Hydratation der oberen Hautschichten. ** Zum Patent angemeldet.<br \/>\nVerwenden<\/p>\n<p>HYDRIERT UND SCH\u00dcTZT<\/p>\n<p>&nbsp;<\/p>\n<p>Tragen Sie morgens die SPF 30 Moisturizing Emulsion oder die SPF 30 Moisturizing Cream auf Gesicht und Hals auf. Auch in einer Version ohne SPF erh\u00e4ltlich<\/p>\n<p>Komposition<\/p>\n<p>AVENE THERMAL SPRING WATER (AVENE AQUA). C12-15 ALKYLBENZOAT. DICAPRYLYL-CARBONAT. DIISOPROPYLADIPAT. GLYCERIN. METHYLEN BIS-BENZOTRIAZOLYLTETRAMETHYLBUTYLPHENOL [NANO]. WASSER (AQUA). BIS-ETHYLHEXYLOXYPHENOL-METHOXYPHENYL-TRIAZIN. DIETHYLHEXYLBUTAMIDO TRIAZONE.ALUMINIUM STARCH OCTENYLSUCCINATE. BUTYLMETHOXYDIBENZOYLMETHAN. METHYLGLUCETH-20. POLYMETHYLMETHACRYLAT. ISOCETYLSTEAROYLSTEARAT. TRIETHYLHEXANOIN. HYDROGENIERTES STARCHHYDROLYZAT. GLYCERYLSTEARAT. PEG-100 STEARATE. POTASSIUM CETYL PHOSPHATE. BENZOES\u00c4URE. CAPRYL \/ CAPRIC TRIGLYCERIDE. CAPRYLYL GLYCOL. DECYLGLUCOSID. DISODIUM EDTA. DUFT (PARFUM). GLYCERYL BEHENATE. GLYCERYLDIBEHENAT. PHYTOSTEROLE. POLYACRYLAT-13. POLYISOBUTEN. POLYSORBAT 20. PROPYLENGLYKOL. SORBITAN ISOSTEARATE. TOCOPHEROL. TOCOPHERYLGLUCOSID. TRIBEHENIN. XANTHAN GUM Es wird empfohlen, dass Verbraucher die Zusammensetzung des Produkts vor dem Kauf systematisch \u00fcberpr\u00fcfen.<\/p>","protected":false},"excerpt":{"rendered":"<p>UV-LIGHT HYDRANCE &#8211; FEUCHTIGKEITSEMULSION SPF30 Befeuchten Sie Ihre Haut und sch\u00fctzen Sie sie t\u00e4glich vor UV-Strahlen, freien Radikalen und Verschmutzung. Ihre leichte Textur mit einem matten Finish &nbsp; Ein echter t\u00e4glicher Schutzschild, UV-Licht-Hydranz: &#8211; Hydratiert dauerhaft * dank seines patentierten Cohederm-Komplexes **, &#8211; beruhigt dauerhaft dank des reizhemmenden Av\u00e8ne Thermalquellwassers, &#8211; sch\u00fctzt wirksam vor Umwelteinfl\u00fcssen [&hellip;]<\/p>\n","protected":false},"featured_media":2734,"template":"","meta":{"_acf_changed":false,"footnotes":""},"product_brand":[],"product_cat":[47,42,54],"product_tag":[],"class_list":{"0":"post-2201","1":"product","2":"type-product","3":"status-publish","4":"has-post-thumbnail","6":"product_cat-dermocosmetique","7":"product_cat-para-pharmacie","8":"product_cat-soins-du-visage","10":"first","11":"instock","12":"taxable","13":"shipping-taxable","14":"purchasable","15":"product-type-simple"},"acf":[],"_links":{"self":[{"href":"https:\/\/www.pharmacieonline.lu\/de\/wp-json\/wp\/v2\/product\/2201","targetHints":{"allow":["GET"]}}],"collection":[{"href":"https:\/\/www.pharmacieonline.lu\/de\/wp-json\/wp\/v2\/product"}],"about":[{"href":"https:\/\/www.pharmacieonline.lu\/de\/wp-json\/wp\/v2\/types\/product"}],"version-history":[{"count":0,"href":"https:\/\/www.pharmacieonline.lu\/de\/wp-json\/wp\/v2\/product\/2201\/revisions"}],"wp:featuredmedia":[{"embeddable":true,"href":"https:\/\/www.pharmacieonline.lu\/de\/wp-json\/wp\/v2\/media\/2734"}],"wp:attachment":[{"href":"https:\/\/www.pharmacieonline.lu\/de\/wp-json\/wp\/v2\/media?parent=2201"}],"wp:term":[{"taxonomy":"product_brand","embeddable":true,"href":"https:\/\/www.pharmacieonline.lu\/de\/wp-json\/wp\/v2\/product_brand?post=2201"},{"taxonomy":"product_cat","embeddable":true,"href":"https:\/\/www.pharmacieonline.lu\/de\/wp-json\/wp\/v2\/product_cat?post=2201"},{"taxonomy":"product_tag","embeddable":true,"href":"https:\/\/www.pharmacieonline.lu\/de\/wp-json\/wp\/v2\/product_tag?post=2201"}],"curies":[{"name":"wp","href":"https:\/\/api.w.org\/{rel}","templated":true}]}}