{"id":22017,"date":"2021-12-10T17:03:06","date_gmt":"2021-12-10T16:03:06","guid":{"rendered":"https:\/\/www.pharmacieonline.lu\/?post_type=product&#038;p=22017"},"modified":"2026-04-10T02:26:09","modified_gmt":"2026-04-10T00:26:09","slug":"couleurs-de-noir-glow-stick-01nudepearl","status":"publish","type":"product","link":"https:\/\/www.pharmacieonline.lu\/de\/produit\/couleurs-de-noir-glow-stick-01nudepearl\/","title":{"rendered":"COULEURS DE NOIR GLOW STICK 01NUDE&#038;PEARL"},"content":{"rendered":"<p>Langanhaltende Ausstrahlung mit Antioxidantien<br \/>\nEin eleganter Glow f\u00fcr einen gesunden Teint. Der Glow Stick hat eine sanfte Formel und lang anhaltende Eigenschaften f\u00fcr ein strahlendes Aussehen den ganzen Tag.<\/p>\n<p>Dermatologisch getestet<br \/>\nErn\u00e4hrung<br \/>\nEnth\u00e4lt nat\u00fcrliche Inhaltsstoffe<br \/>\nMineralpigmente<br \/>\nWIRKSAME BESTANDTEILE<\/p>\n<p>Ginseng-Extrakt und Hyaluronic Filling Spheres: gl\u00e4ttendes Ergebnis durch Antioxidantien<br \/>\nTalgaufnahmeeigenschaften<br \/>\nOhne Konservierungsstoffe<\/p>\n<p>F\u00fcr einen nat\u00fcrlichen Glow den Highlighter auf Wangenknochen, Nasenr\u00fccken, Brauen und Amorbogen (Oberlippe) auftragen. Sie k\u00f6nnen den Glow Stick auch am Halsausschnitt auftragen.v<\/p>","protected":false},"excerpt":{"rendered":"<p>Langanhaltende Ausstrahlung mit Antioxidantien Ein eleganter Glow f\u00fcr einen gesunden Teint. Der Glow Stick hat eine sanfte Formel und lang anhaltende Eigenschaften f\u00fcr ein strahlendes Aussehen den ganzen Tag. Dermatologisch getestet Ern\u00e4hrung Enth\u00e4lt nat\u00fcrliche Inhaltsstoffe Mineralpigmente WIRKSAME BESTANDTEILE Ginseng-Extrakt und Hyaluronic Filling Spheres: gl\u00e4ttendes Ergebnis durch Antioxidantien Talgaufnahmeeigenschaften Ohne Konservierungsstoffe F\u00fcr einen nat\u00fcrlichen Glow den [&hellip;]<\/p>\n","protected":false},"featured_media":22020,"template":"","meta":{"_acf_changed":false,"footnotes":""},"product_brand":[],"product_cat":[47,763,42,782],"product_tag":[],"class_list":{"0":"post-22017","1":"product","2":"type-product","3":"status-publish","4":"has-post-thumbnail","6":"product_cat-dermocosmetique","7":"product_cat-maquillages","8":"product_cat-para-pharmacie","9":"product_cat-vegan","11":"first","12":"outofstock","13":"sale","14":"taxable","15":"shipping-taxable","16":"purchasable","17":"product-type-simple"},"acf":[],"_links":{"self":[{"href":"https:\/\/www.pharmacieonline.lu\/de\/wp-json\/wp\/v2\/product\/22017","targetHints":{"allow":["GET"]}}],"collection":[{"href":"https:\/\/www.pharmacieonline.lu\/de\/wp-json\/wp\/v2\/product"}],"about":[{"href":"https:\/\/www.pharmacieonline.lu\/de\/wp-json\/wp\/v2\/types\/product"}],"version-history":[{"count":0,"href":"https:\/\/www.pharmacieonline.lu\/de\/wp-json\/wp\/v2\/product\/22017\/revisions"}],"wp:featuredmedia":[{"embeddable":true,"href":"https:\/\/www.pharmacieonline.lu\/de\/wp-json\/wp\/v2\/media\/22020"}],"wp:attachment":[{"href":"https:\/\/www.pharmacieonline.lu\/de\/wp-json\/wp\/v2\/media?parent=22017"}],"wp:term":[{"taxonomy":"product_brand","embeddable":true,"href":"https:\/\/www.pharmacieonline.lu\/de\/wp-json\/wp\/v2\/product_brand?post=22017"},{"taxonomy":"product_cat","embeddable":true,"href":"https:\/\/www.pharmacieonline.lu\/de\/wp-json\/wp\/v2\/product_cat?post=22017"},{"taxonomy":"product_tag","embeddable":true,"href":"https:\/\/www.pharmacieonline.lu\/de\/wp-json\/wp\/v2\/product_tag?post=22017"}],"curies":[{"name":"wp","href":"https:\/\/api.w.org\/{rel}","templated":true}]}}