{"id":2203,"date":"2020-11-25T17:27:56","date_gmt":"2020-11-25T16:27:56","guid":{"rendered":"https:\/\/www.pharmacieonline.lu\/produit\/avene-hydrance-uv-riche-40-ml\/"},"modified":"2026-04-10T02:25:53","modified_gmt":"2026-04-10T00:25:53","slug":"avene-hydrance-uv-riche-40-ml","status":"publish","type":"product","link":"https:\/\/www.pharmacieonline.lu\/de\/produit\/avene-hydrance-uv-riche-40-ml\/","title":{"rendered":"AVENE HYDRANCE UV RICHE 40 ML"},"content":{"rendered":"<p>UV-Strahlung, freie Radikale und Umweltverschmutzung. Die cremige und samtige Textur macht die Haut den ganzen Tag weich, geschmeidig und strahlend.<\/p>\n<p>Ein echtes t\u00e4gliches Schutzschild, UV-reiche Feuchtigkeit: &#8211; Hydratiert dauerhaft * dank seines patentierten Cohederm-Komplexes **, &#8211; beruhigt dauerhaft dank des reizhemmenden Av\u00e8ne Thermalquellwassers, &#8211; sch\u00fctzt wirksam vor Umwelteinfl\u00fcssen (UV-Strahlen, Radikale) frei und verschmutzt) dank des Sunsitive Protection-Filtersystems mit hohem Schutzfaktor SPF30 und Pre-Tocopheryl. * Hydratation der oberen Hautschichten. ** Zum Patent angemeldet.<\/p>\n<p>KOMPOSITION<br \/>\nAVENE THERMAL SPRING WATER (AVENE AQUA). C12-15 ALKYLBENZOAT. DICAPRYLYL-CARBONAT. DIISOPROPYLADIPAT. GLYCERIN. METHYLEN BIS-BENZOTRIAZOLYLTETRAMETHYLBUTYLPHENOL [NANO]. WASSER (AQUA). BIS-ETHYLHEXYLOXYPHENOL-METHOXYPHENYL-TRIAZIN. DIETHYLHEXYLBUTAMIDO TRIAZONE. POLYMETHYLMETHACRYLAT. BUTYLMETHOXYDIBENZOYLMETHAN. BUTYROSPERMUM PARKII (SHEA) BUTTER (BUTYROSPERMUM PARKII BUTTER). METHYLGLUCETH-20. ISOCETYLSTEAROYLSTEARAT. TRIETHYLHEXANOIN. HYDROGENIERTES STARCHHYDROLYZAT. C10-18 TRIGLYCERIDE. GLYCERYLSTEARAT. PEG-100 STEARATE. POTASSIUM CETYL PHOSPHATE. BENZOES\u00c4URE. CAPRYL \/ CAPRIC TRIGLYCERIDE. CAPRYLYL GLYCOL. DECYLGLUCOSID. DISODIUM EDTA. DUFT (PARFUM). GLYCERYL BEHENATE. GLYCERYLDIBEHENAT. PHYTOSTEROLE. POLYACRYLAT-13. POLYISOBUTEN. POLYSORBAT 20. PROPYLENGLYKOL. SORBITAN ISOSTEARATE. STEARYL ALKOHOL. TOCOPHEROL. TOCOPHERYLGLUCOSID. TRIBEHENIN. XANTHAN GUM.<\/p>","protected":false},"excerpt":{"rendered":"<p>UV-Strahlung, freie Radikale und Umweltverschmutzung. Die cremige und samtige Textur macht die Haut den ganzen Tag weich, geschmeidig und strahlend. Ein echtes t\u00e4gliches Schutzschild, UV-reiche Feuchtigkeit: &#8211; Hydratiert dauerhaft * dank seines patentierten Cohederm-Komplexes **, &#8211; beruhigt dauerhaft dank des reizhemmenden Av\u00e8ne Thermalquellwassers, &#8211; sch\u00fctzt wirksam vor Umwelteinfl\u00fcssen (UV-Strahlen, Radikale) frei und verschmutzt) dank des [&hellip;]<\/p>\n","protected":false},"featured_media":2736,"template":"","meta":{"_acf_changed":false,"footnotes":""},"product_brand":[],"product_cat":[47,42,54],"product_tag":[],"class_list":{"0":"post-2203","1":"product","2":"type-product","3":"status-publish","4":"has-post-thumbnail","6":"product_cat-dermocosmetique","7":"product_cat-para-pharmacie","8":"product_cat-soins-du-visage","10":"first","11":"outofstock","12":"taxable","13":"shipping-taxable","14":"purchasable","15":"product-type-simple"},"acf":[],"_links":{"self":[{"href":"https:\/\/www.pharmacieonline.lu\/de\/wp-json\/wp\/v2\/product\/2203","targetHints":{"allow":["GET"]}}],"collection":[{"href":"https:\/\/www.pharmacieonline.lu\/de\/wp-json\/wp\/v2\/product"}],"about":[{"href":"https:\/\/www.pharmacieonline.lu\/de\/wp-json\/wp\/v2\/types\/product"}],"version-history":[{"count":0,"href":"https:\/\/www.pharmacieonline.lu\/de\/wp-json\/wp\/v2\/product\/2203\/revisions"}],"wp:featuredmedia":[{"embeddable":true,"href":"https:\/\/www.pharmacieonline.lu\/de\/wp-json\/wp\/v2\/media\/2736"}],"wp:attachment":[{"href":"https:\/\/www.pharmacieonline.lu\/de\/wp-json\/wp\/v2\/media?parent=2203"}],"wp:term":[{"taxonomy":"product_brand","embeddable":true,"href":"https:\/\/www.pharmacieonline.lu\/de\/wp-json\/wp\/v2\/product_brand?post=2203"},{"taxonomy":"product_cat","embeddable":true,"href":"https:\/\/www.pharmacieonline.lu\/de\/wp-json\/wp\/v2\/product_cat?post=2203"},{"taxonomy":"product_tag","embeddable":true,"href":"https:\/\/www.pharmacieonline.lu\/de\/wp-json\/wp\/v2\/product_tag?post=2203"}],"curies":[{"name":"wp","href":"https:\/\/api.w.org\/{rel}","templated":true}]}}