{"id":2204,"date":"2020-11-25T17:27:56","date_gmt":"2020-11-25T16:27:56","guid":{"rendered":"https:\/\/www.pharmacieonline.lu\/produit\/avene-hydrance-aqua-gel-creme-50-ml\/"},"modified":"2026-04-02T22:25:12","modified_gmt":"2026-04-02T20:25:12","slug":"avene-hydrance-aqua-gel-creme-50-ml","status":"publish","type":"product","link":"https:\/\/www.pharmacieonline.lu\/de\/produit\/avene-hydrance-aqua-gel-creme-50-ml\/","title":{"rendered":"AVENE HYDRANCE AQUA GEL CREME 50 ML"},"content":{"rendered":"<p>Diese vollst\u00e4ndige All-in-One-Behandlung passt sich dank ihrer Eigenschaften und vielf\u00e4ltigen Verwendungsm\u00f6glichkeiten allen Bed\u00fcrfnissen und Rhythmen des Lebens an. Sie hydratisiert *, beruhigt und entgiftet die Haut in einem einzigen Schritt dank: mit seinem patentierten Cohederm-Komplex **, der eine intensive Fl\u00fcssigkeitszufuhr bietet, &#8211; mit Av\u00e8ne-Thermalwasser, reizhemmend, das sofort beruhigt, &#8211; mit der Kombination von Pr\u00e4-Tocopheryl und Dextransulfat, die dazu beitragen Kampf gegen den Angriff freier Radikale. Es kann verwendet werden: &#8211; als Tagespflege &#8211; als Nachtmaske &#8211; als Augenkonturbehandlung. Seine sehr frische Aquagel-Textur verleiht der Haut das Gef\u00fchl eines zarten Wasserschleiers und verleiht ihr Komfort, Geschmeidigkeit und Leuchtkraft. Die Haut gewinnt Tag f\u00fcr Tag ihre Frische zur\u00fcck.<\/p>\n<p>HYDRIERT WANN WIR WOLLEN UND WIE WIR WOLLEN<\/p>\n<p>Tragen Sie morgens das feuchtigkeitsspendende Aqua-Gel in einer d\u00fcnnen Schicht auf Gesicht, Hals und um die Augen auf. Tragen Sie abends das feuchtigkeitsspendende Aqua-Gel in einer weiteren Schicht auf<\/p>\n<p>Komposition<\/p>\n<p>AVENE THERMAL SPRING WATER (AVENE AQUA). GLYCERIN. PENTYLENGLYCOL. 1,2-HEXANEDIOL. DIMETHIKON. ISOCETYLSTEAROYLSTEARAT. TRIETHYLHEXANOIN. CAPRYL \/ CAPRIC TRIGLYCERIDE. BETAINE. METHYLGLUCETH-20. POLYGLYCERYL-10 MYRISTATE. ACRYLATE \/ C10-30 ALKYLACRYLAT-CROSSPOLYMER. BHT. BIS-PEG-18 METHYLETHER-DIMETHYLSILAN. C12-20 ALKYLGLUCOSID. C14-22 ALKOHOLE. CARBOMER. ZITRONENS\u00c4URE. CUCURBITA PEPO (K\u00dcRBIS) SAMEN\u00d6L (CUCURBITA PEPO SAMEN\u00d6L). DUFT (PARFUM). PHYTOSTEROLE. POTASSIUMHYDROXID. NATRIUMCITRAT. Natriumdextransulfat. NATRIUMHYALURONAT. SQUALAN. TOCOPHERYLGLUCOSID. WASSER (AQUA) Verbrauchern wird empfohlen, die Zusammensetzung des Produkts vor dem Kauf systematisch zu \u00fcberpr\u00fcfen.<\/p>","protected":false},"excerpt":{"rendered":"<p>Diese vollst\u00e4ndige All-in-One-Behandlung passt sich dank ihrer Eigenschaften und vielf\u00e4ltigen Verwendungsm\u00f6glichkeiten allen Bed\u00fcrfnissen und Rhythmen des Lebens an. Sie hydratisiert *, beruhigt und entgiftet die Haut in einem einzigen Schritt dank: mit seinem patentierten Cohederm-Komplex **, der eine intensive Fl\u00fcssigkeitszufuhr bietet, &#8211; mit Av\u00e8ne-Thermalwasser, reizhemmend, das sofort beruhigt, &#8211; mit der Kombination von Pr\u00e4-Tocopheryl und [&hellip;]<\/p>\n","protected":false},"featured_media":2735,"template":"","meta":{"_acf_changed":false,"footnotes":""},"product_brand":[],"product_cat":[47,42,54],"product_tag":[],"class_list":{"0":"post-2204","1":"product","2":"type-product","3":"status-publish","4":"has-post-thumbnail","6":"product_cat-dermocosmetique","7":"product_cat-para-pharmacie","8":"product_cat-soins-du-visage","10":"first","11":"outofstock","12":"taxable","13":"shipping-taxable","14":"purchasable","15":"product-type-simple"},"acf":[],"_links":{"self":[{"href":"https:\/\/www.pharmacieonline.lu\/de\/wp-json\/wp\/v2\/product\/2204","targetHints":{"allow":["GET"]}}],"collection":[{"href":"https:\/\/www.pharmacieonline.lu\/de\/wp-json\/wp\/v2\/product"}],"about":[{"href":"https:\/\/www.pharmacieonline.lu\/de\/wp-json\/wp\/v2\/types\/product"}],"version-history":[{"count":0,"href":"https:\/\/www.pharmacieonline.lu\/de\/wp-json\/wp\/v2\/product\/2204\/revisions"}],"wp:featuredmedia":[{"embeddable":true,"href":"https:\/\/www.pharmacieonline.lu\/de\/wp-json\/wp\/v2\/media\/2735"}],"wp:attachment":[{"href":"https:\/\/www.pharmacieonline.lu\/de\/wp-json\/wp\/v2\/media?parent=2204"}],"wp:term":[{"taxonomy":"product_brand","embeddable":true,"href":"https:\/\/www.pharmacieonline.lu\/de\/wp-json\/wp\/v2\/product_brand?post=2204"},{"taxonomy":"product_cat","embeddable":true,"href":"https:\/\/www.pharmacieonline.lu\/de\/wp-json\/wp\/v2\/product_cat?post=2204"},{"taxonomy":"product_tag","embeddable":true,"href":"https:\/\/www.pharmacieonline.lu\/de\/wp-json\/wp\/v2\/product_tag?post=2204"}],"curies":[{"name":"wp","href":"https:\/\/api.w.org\/{rel}","templated":true}]}}