{"id":2212,"date":"2020-11-25T17:27:56","date_gmt":"2020-11-25T16:27:56","guid":{"rendered":"https:\/\/www.pharmacieonline.lu\/produit\/biolys-the-vert-inf-bio-24-sach\/"},"modified":"2026-04-23T09:56:11","modified_gmt":"2026-04-23T07:56:11","slug":"biolys-the-vert-inf-bio-24-sach","status":"publish","type":"product","link":"https:\/\/www.pharmacieonline.lu\/de\/produit\/biolys-the-vert-inf-bio-24-sach\/","title":{"rendered":"BIOLYS THE VERT INF BIO 24 SACH"},"content":{"rendered":"<p>Pflegen Sie Ihr Gesundheitskapital!<\/p>\n<p>Der starke Antioxidans-Gr\u00fcntee ist die ideale Pflanze, um sich um das Gesundheitskapital zu k\u00fcmmern. Dieses gesunde und belebende Getr\u00e4nk hat viele Vorteile und ist auch im Rahmen einer Schlankheitsdi\u00e4t von Vorteil.<\/p>\n<p>Komposition<\/p>\n<p>Gr\u00fcner Teeblatt * 100%<\/p>","protected":false},"excerpt":{"rendered":"<p>Pflegen Sie Ihr Gesundheitskapital! Der starke Antioxidans-Gr\u00fcntee ist die ideale Pflanze, um sich um das Gesundheitskapital zu k\u00fcmmern. Dieses gesunde und belebende Getr\u00e4nk hat viele Vorteile und ist auch im Rahmen einer Schlankheitsdi\u00e4t von Vorteil. Komposition Gr\u00fcner Teeblatt * 100%<\/p>\n","protected":false},"featured_media":2709,"template":"","meta":{"_acf_changed":false,"footnotes":""},"product_brand":[],"product_cat":[42,78],"product_tag":[],"class_list":{"0":"post-2212","1":"product","2":"type-product","3":"status-publish","4":"has-post-thumbnail","6":"product_cat-para-pharmacie","7":"product_cat-phytotherapie","9":"first","10":"instock","11":"taxable","12":"shipping-taxable","13":"purchasable","14":"product-type-simple"},"acf":[],"_links":{"self":[{"href":"https:\/\/www.pharmacieonline.lu\/de\/wp-json\/wp\/v2\/product\/2212","targetHints":{"allow":["GET"]}}],"collection":[{"href":"https:\/\/www.pharmacieonline.lu\/de\/wp-json\/wp\/v2\/product"}],"about":[{"href":"https:\/\/www.pharmacieonline.lu\/de\/wp-json\/wp\/v2\/types\/product"}],"version-history":[{"count":0,"href":"https:\/\/www.pharmacieonline.lu\/de\/wp-json\/wp\/v2\/product\/2212\/revisions"}],"wp:featuredmedia":[{"embeddable":true,"href":"https:\/\/www.pharmacieonline.lu\/de\/wp-json\/wp\/v2\/media\/2709"}],"wp:attachment":[{"href":"https:\/\/www.pharmacieonline.lu\/de\/wp-json\/wp\/v2\/media?parent=2212"}],"wp:term":[{"taxonomy":"product_brand","embeddable":true,"href":"https:\/\/www.pharmacieonline.lu\/de\/wp-json\/wp\/v2\/product_brand?post=2212"},{"taxonomy":"product_cat","embeddable":true,"href":"https:\/\/www.pharmacieonline.lu\/de\/wp-json\/wp\/v2\/product_cat?post=2212"},{"taxonomy":"product_tag","embeddable":true,"href":"https:\/\/www.pharmacieonline.lu\/de\/wp-json\/wp\/v2\/product_tag?post=2212"}],"curies":[{"name":"wp","href":"https:\/\/api.w.org\/{rel}","templated":true}]}}