{"id":22135,"date":"2021-12-14T12:53:24","date_gmt":"2021-12-14T11:53:24","guid":{"rendered":"https:\/\/www.pharmacieonline.lu\/?post_type=product&#038;p=22135"},"modified":"2026-04-08T10:25:42","modified_gmt":"2026-04-08T08:25:42","slug":"couleurs-de-noir-cc-cream-spf30-01-clair","status":"publish","type":"product","link":"https:\/\/www.pharmacieonline.lu\/de\/produit\/couleurs-de-noir-cc-cream-spf30-01-clair\/","title":{"rendered":"COULEURS DE NOIR CC CREAM SPF30 01 CLAIR"},"content":{"rendered":"<p>N\u00e4hrende Decke mit LSF 30<br \/>\nDieser 2-in-1-Hybrid-Teint kombiniert die superleichte Deckkraft und Pflege, die Sie von Ihrer Lieblingstagescreme erwarten. CC Cream bietet eine gute Deckkraft, so leicht f\u00fcr einen nat\u00fcrlichen Look, aber dennoch perfektioniert.<\/p>\n<p>SPF30<br \/>\nNicht komedogen<br \/>\nDermatologisch getestet<br \/>\nVegan<br \/>\nEnth\u00e4lt nat\u00fcrliche Inhaltsstoffe<br \/>\nMineralpigmente<\/p>\n<p>ZUTATEN<br \/>\nMandel\u00f6l und Glycerin: Intensive Ern\u00e4hrung und tiefe Feuchtigkeit.<br \/>\nSorbit: H\u00e4lt Feuchtigkeit in der Haut.<br \/>\nSPF30: Aktiver Sonnenschutz, Anti-Aging, beugt braunen Flecken und Pigmentflecken vor.<br \/>\nLichtreflektierende und korrigierende Pigmente: Bieten optische Korrektur, Ausgleich und Tarnung von Unvollkommenheiten.<\/p>\n<p>Verwendung<br \/>\nTragen Sie die CC Cream auf das Gesicht auf und verblenden Sie sie mit unserem FDT Brush #3. Um einen ebenm\u00e4\u00dfigen Teint zu erzielen, f\u00fchren Sie dies in kleinen kreisenden Bewegungen aus. Das gleiche Ergebnis erzielen Sie mit unserem Beauty Blender. Bewegen Sie sich dazu nach oben und unten, um die CC Cream zu verblenden.<\/p>","protected":false},"excerpt":{"rendered":"<p>N\u00e4hrende Decke mit LSF 30 Dieser 2-in-1-Hybrid-Teint kombiniert die superleichte Deckkraft und Pflege, die Sie von Ihrer Lieblingstagescreme erwarten. CC Cream bietet eine gute Deckkraft, so leicht f\u00fcr einen nat\u00fcrlichen Look, aber dennoch perfektioniert. SPF30 Nicht komedogen Dermatologisch getestet Vegan Enth\u00e4lt nat\u00fcrliche Inhaltsstoffe Mineralpigmente ZUTATEN Mandel\u00f6l und Glycerin: Intensive Ern\u00e4hrung und tiefe Feuchtigkeit. Sorbit: H\u00e4lt [&hellip;]<\/p>\n","protected":false},"featured_media":22136,"template":"","meta":{"_acf_changed":false,"footnotes":""},"product_brand":[],"product_cat":[],"product_tag":[],"class_list":{"0":"post-22135","1":"product","2":"type-product","3":"status-publish","4":"has-post-thumbnail","7":"first","8":"instock","9":"sale","10":"taxable","11":"shipping-taxable","12":"purchasable","13":"product-type-simple"},"acf":[],"_links":{"self":[{"href":"https:\/\/www.pharmacieonline.lu\/de\/wp-json\/wp\/v2\/product\/22135","targetHints":{"allow":["GET"]}}],"collection":[{"href":"https:\/\/www.pharmacieonline.lu\/de\/wp-json\/wp\/v2\/product"}],"about":[{"href":"https:\/\/www.pharmacieonline.lu\/de\/wp-json\/wp\/v2\/types\/product"}],"version-history":[{"count":0,"href":"https:\/\/www.pharmacieonline.lu\/de\/wp-json\/wp\/v2\/product\/22135\/revisions"}],"wp:featuredmedia":[{"embeddable":true,"href":"https:\/\/www.pharmacieonline.lu\/de\/wp-json\/"}],"wp:attachment":[{"href":"https:\/\/www.pharmacieonline.lu\/de\/wp-json\/wp\/v2\/media?parent=22135"}],"wp:term":[{"taxonomy":"product_brand","embeddable":true,"href":"https:\/\/www.pharmacieonline.lu\/de\/wp-json\/wp\/v2\/product_brand?post=22135"},{"taxonomy":"product_cat","embeddable":true,"href":"https:\/\/www.pharmacieonline.lu\/de\/wp-json\/wp\/v2\/product_cat?post=22135"},{"taxonomy":"product_tag","embeddable":true,"href":"https:\/\/www.pharmacieonline.lu\/de\/wp-json\/wp\/v2\/product_tag?post=22135"}],"curies":[{"name":"wp","href":"https:\/\/api.w.org\/{rel}","templated":true}]}}