{"id":22203,"date":"2021-12-16T14:38:20","date_gmt":"2021-12-16T13:38:20","guid":{"rendered":"https:\/\/www.pharmacieonline.lu\/?post_type=product&#038;p=22203"},"modified":"2026-04-05T15:55:22","modified_gmt":"2026-04-05T13:55:22","slug":"couleurs-de-noir-mascara-f-oxy-noir-01","status":"publish","type":"product","link":"https:\/\/www.pharmacieonline.lu\/de\/produit\/couleurs-de-noir-mascara-f-oxy-noir-01\/","title":{"rendered":"COULEURS DE NOIR MASCARA F-OXY NOIR 01"},"content":{"rendered":"<p>Wasserdichte, lange, weiche und gesunde Wimpern<br \/>\nSofortiges Volumen und L\u00e4nge mit intensiver Farbe. F-OXY Mascara WP h\u00e4lt die Wimpern<br \/>\ngesund und verhindert deren Zersetzung.<\/p>\n<p>Augen\u00e4rztlich getestet<br \/>\nDermatologisch getestet<br \/>\nVegan<br \/>\nEnth\u00e4lt nat\u00fcrliche Inhaltsstoffe<br \/>\nMineralpigmente<\/p>\n<p>BESTANDTEILE<br \/>\nOzonisiertes Jojoba\u00f6l: Versorgt die Wimpern mit Sauerstoff, was ihr Wachstum stimuliert.<br \/>\nArgan\u00f6l: Intensive Feuchtigkeitsversorgung und Schutz der Wimpern. Macht die Wimpern st\u00e4rker.<br \/>\nJojoba-Gel: Extrem weicher und gl\u00e4nzender Effekt, der eine einfachere Anwendung erm\u00f6glicht.<\/p>\n<p>Anwendung<br \/>\nF\u00fcr optimale Ergebnisse Mascara in einem Zick-Zack-Muster auftragen. Z\u00f6gern Sie nicht, eine weitere Schicht f\u00fcr einen dramatischeren Effekt aufzutragen! Das Ergebnis ist dimmbar.<\/p>","protected":false},"excerpt":{"rendered":"<p>Wasserdichte, lange, weiche und gesunde Wimpern Sofortiges Volumen und L\u00e4nge mit intensiver Farbe. F-OXY Mascara WP h\u00e4lt die Wimpern gesund und verhindert deren Zersetzung. Augen\u00e4rztlich getestet Dermatologisch getestet Vegan Enth\u00e4lt nat\u00fcrliche Inhaltsstoffe Mineralpigmente BESTANDTEILE Ozonisiertes Jojoba\u00f6l: Versorgt die Wimpern mit Sauerstoff, was ihr Wachstum stimuliert. Argan\u00f6l: Intensive Feuchtigkeitsversorgung und Schutz der Wimpern. Macht die Wimpern [&hellip;]<\/p>\n","protected":false},"featured_media":22206,"template":"","meta":{"_acf_changed":false,"footnotes":""},"product_brand":[],"product_cat":[47,763,42,782],"product_tag":[],"class_list":{"0":"post-22203","1":"product","2":"type-product","3":"status-publish","4":"has-post-thumbnail","6":"product_cat-dermocosmetique","7":"product_cat-maquillages","8":"product_cat-para-pharmacie","9":"product_cat-vegan","11":"first","12":"instock","13":"sale","14":"taxable","15":"shipping-taxable","16":"purchasable","17":"product-type-simple"},"acf":[],"_links":{"self":[{"href":"https:\/\/www.pharmacieonline.lu\/de\/wp-json\/wp\/v2\/product\/22203","targetHints":{"allow":["GET"]}}],"collection":[{"href":"https:\/\/www.pharmacieonline.lu\/de\/wp-json\/wp\/v2\/product"}],"about":[{"href":"https:\/\/www.pharmacieonline.lu\/de\/wp-json\/wp\/v2\/types\/product"}],"version-history":[{"count":0,"href":"https:\/\/www.pharmacieonline.lu\/de\/wp-json\/wp\/v2\/product\/22203\/revisions"}],"wp:featuredmedia":[{"embeddable":true,"href":"https:\/\/www.pharmacieonline.lu\/de\/wp-json\/wp\/v2\/media\/22206"}],"wp:attachment":[{"href":"https:\/\/www.pharmacieonline.lu\/de\/wp-json\/wp\/v2\/media?parent=22203"}],"wp:term":[{"taxonomy":"product_brand","embeddable":true,"href":"https:\/\/www.pharmacieonline.lu\/de\/wp-json\/wp\/v2\/product_brand?post=22203"},{"taxonomy":"product_cat","embeddable":true,"href":"https:\/\/www.pharmacieonline.lu\/de\/wp-json\/wp\/v2\/product_cat?post=22203"},{"taxonomy":"product_tag","embeddable":true,"href":"https:\/\/www.pharmacieonline.lu\/de\/wp-json\/wp\/v2\/product_tag?post=22203"}],"curies":[{"name":"wp","href":"https:\/\/api.w.org\/{rel}","templated":true}]}}