{"id":2238,"date":"2020-11-25T17:27:56","date_gmt":"2020-11-25T16:27:56","guid":{"rendered":"https:\/\/www.pharmacieonline.lu\/produit\/cystima-medical-14-sach\/"},"modified":"2026-04-10T04:26:00","modified_gmt":"2026-04-10T02:26:00","slug":"cystima-medical-14-sach","status":"publish","type":"product","link":"https:\/\/www.pharmacieonline.lu\/de\/produit\/cystima-medical-14-sach\/","title":{"rendered":"CYSTIMA MEDICAL 14 SACH"},"content":{"rendered":"<p>CYSTIMA MEDICAL<\/p>\n<p>Wiederkehrende Harnwegsinfektionen<\/p>\n<p>Medizinprodukt zur Vorbeugung und Behandlung von wiederkehrenden Harnwegsinfektionen \/ Blasenentz\u00fcndungen durch E. coli.<\/p>\n<p>AKTIVE SUBTANZEN<br \/>\nCYSTima Medical dient zur Behandlung von Harnblaseninfektionen (verursacht durch E. coli) und zur Vorbeugung von wiederkehrenden Harnwegsinfektionen (Blasenentz\u00fcndungen oder Blasenentz\u00fcndungen).<\/p>\n<p>Symptome einer Blasenentz\u00fcndung sind:<\/p>\n<p>Ein brennendes Gef\u00fchl oder Schmerz beim Wasserlassen;<br \/>\nEin dringender Harndrang;<br \/>\nH\u00e4ufiges Wasserlassen;<br \/>\nBew\u00f6lkter und stark riechender Urin;<br \/>\nBauchschmerzen.<\/p>\n<p>Der Wirkstoff ist D-Mannose. D-Mannose kommt auf nat\u00fcrliche Weise im menschlichen Stoffwechsel vor. D-Mannose bindet an E. coli-Bakterien und verhindert, dass Bakterien an den W\u00e4nden der Harnwege haften. Die Bakterien k\u00f6nnen dann beim Wasserlassen leicht aus dem K\u00f6rper entfernt werden.<\/p>\n<p>KOMPOSITION<br \/>\nD-Mannose, Dextrose, Sorbit, Inulin, Tricalciumphosphat, Waldfr\u00fcchte, Magnesiumstearat, Stevia.<\/p>\n<p>VERWENDEN<br \/>\nDOSIERUNG UND ANWENDUNG, ERWACHSENE UND KINDER MINDESTENS 18 JAHRE:<\/p>\n<p>Zur Vorbeugung einmal t\u00e4glich einen Beutel.<br \/>\nW\u00e4hrend der Behandlung zweimal t\u00e4glich einen Beutel.<\/p>\n<p>L\u00f6sen Sie den Beutel in einem gro\u00dfen Glas Wasser (200 ml). \u00dcberschreiten Sie nicht die t\u00e4gliche Dosis.<\/p>\n<p>Nicht verwenden, wenn Sie gegen einen der Inhaltsstoffe allergisch sind. Darf nicht in die H\u00e4nde kleiner Kinder gelangen. Wenn Sie allergische Reaktionen haben, beenden Sie die Anwendung von Cystima Medical.<\/p>\n<p>Cystima Medical ist ein Medizinprodukt der Klasse IIa gem\u00e4\u00df der europ\u00e4ischen Richtlinie 93\/42 \/ EWG in Bezug auf Medizinprodukte<\/p>\n<p>Indikation<br \/>\nWiederkehrende Harnwegsinfektionen<\/p>\n<p>Medizinprodukt zur Vorbeugung und Behandlung von wiederkehrenden Harnwegsinfektionen \/ Blasenentz\u00fcndungen durch E. coli.<\/p>\n<p>DOSIERUNG UND ANWENDUNG, ERWACHSENE UND KINDER MINDESTENS 18 JAHRE:<\/p>\n<p>Zur Vorbeugung einmal t\u00e4glich einen Beutel.<br \/>\nW\u00e4hrend der Behandlung zweimal t\u00e4glich einen Beutel.<\/p>\n<p>L\u00f6sen Sie den Beutel in einem gro\u00dfen Glas Wasser (200 ml). \u00dcberschreiten Sie nicht die t\u00e4gliche Dosis.<\/p>\n<p>Komposition<br \/>\n-Mannose, Dextrose, Sorbit, Inulin, Tricalciumphosphat, Waldfr\u00fcchte, Magnesiumstearat, Stevia.<\/p>","protected":false},"excerpt":{"rendered":"<p>CYSTIMA MEDICAL Wiederkehrende Harnwegsinfektionen Medizinprodukt zur Vorbeugung und Behandlung von wiederkehrenden Harnwegsinfektionen \/ Blasenentz\u00fcndungen durch E. coli. AKTIVE SUBTANZEN CYSTima Medical dient zur Behandlung von Harnblaseninfektionen (verursacht durch E. coli) und zur Vorbeugung von wiederkehrenden Harnwegsinfektionen (Blasenentz\u00fcndungen oder Blasenentz\u00fcndungen). Symptome einer Blasenentz\u00fcndung sind: Ein brennendes Gef\u00fchl oder Schmerz beim Wasserlassen; Ein dringender Harndrang; H\u00e4ufiges Wasserlassen; [&hellip;]<\/p>\n","protected":false},"featured_media":2702,"template":"","meta":{"_acf_changed":false,"footnotes":""},"product_brand":[],"product_cat":[43,777,768],"product_tag":[],"class_list":{"0":"post-2238","1":"product","2":"type-product","3":"status-publish","4":"has-post-thumbnail","6":"product_cat-medicaments-en-vente-libre","7":"product_cat-infections-urinaires","8":"product_cat-gynecologie-urologie","10":"first","11":"instock","12":"taxable","13":"shipping-taxable","14":"purchasable","15":"product-type-simple"},"acf":[],"_links":{"self":[{"href":"https:\/\/www.pharmacieonline.lu\/de\/wp-json\/wp\/v2\/product\/2238","targetHints":{"allow":["GET"]}}],"collection":[{"href":"https:\/\/www.pharmacieonline.lu\/de\/wp-json\/wp\/v2\/product"}],"about":[{"href":"https:\/\/www.pharmacieonline.lu\/de\/wp-json\/wp\/v2\/types\/product"}],"version-history":[{"count":0,"href":"https:\/\/www.pharmacieonline.lu\/de\/wp-json\/wp\/v2\/product\/2238\/revisions"}],"wp:featuredmedia":[{"embeddable":true,"href":"https:\/\/www.pharmacieonline.lu\/de\/wp-json\/wp\/v2\/media\/2702"}],"wp:attachment":[{"href":"https:\/\/www.pharmacieonline.lu\/de\/wp-json\/wp\/v2\/media?parent=2238"}],"wp:term":[{"taxonomy":"product_brand","embeddable":true,"href":"https:\/\/www.pharmacieonline.lu\/de\/wp-json\/wp\/v2\/product_brand?post=2238"},{"taxonomy":"product_cat","embeddable":true,"href":"https:\/\/www.pharmacieonline.lu\/de\/wp-json\/wp\/v2\/product_cat?post=2238"},{"taxonomy":"product_tag","embeddable":true,"href":"https:\/\/www.pharmacieonline.lu\/de\/wp-json\/wp\/v2\/product_tag?post=2238"}],"curies":[{"name":"wp","href":"https:\/\/api.w.org\/{rel}","templated":true}]}}