{"id":2239,"date":"2020-11-25T17:27:56","date_gmt":"2020-11-25T16:27:56","guid":{"rendered":"https:\/\/www.pharmacieonline.lu\/produit\/nuxe-reve-miel-baume-levres-u-nour-15-nf\/"},"modified":"2026-04-22T21:55:38","modified_gmt":"2026-04-22T19:55:38","slug":"nuxe-reve-miel-baume-levres-u-nour-15-nf","status":"publish","type":"product","link":"https:\/\/www.pharmacieonline.lu\/de\/produit\/nuxe-reve-miel-baume-levres-u-nour-15-nf\/","title":{"rendered":"NUXE REVE MIEL BAUME LEVRES U-NOUR 15 NF"},"content":{"rendered":"<p>Befeuchtet die Lippen, pflegt, repariert und sch\u00fctzt trockene oder besch\u00e4digte Lippen.<\/p>\n<p>Komposition<\/p>\n<p>CERA ALBA \/ BEESWAX, BUTYROSPERMUM PARKII (SHEA) BUTTER, OLUS\u00d6L \/ GEM\u00dcSE\u00d6L, LECITHIN, BEHENOXY DIMETHICONE, PRUNUS AMYGDALUS DULCIS (S\u00dcSSE MANDEL), \u00d6L, CITEL \/ HONEY \/ TRIM, , HYDROGENIERTES PFLANZLICHES \u00d6L, ROSA MOSCHATA-SAMEN\u00d6L, TOCOPHERYLACETAT, TOCOPHEROL, CITRUS LIMON (ZITRONE) PEEL\u00d6L, GLYCERYL CAPRYLAT, ALLANTOIN, CALENDULA OFFICINALIS BLUMenextrakt, HILIAN , LINALOOL, GERANIOL [N3103 \/ A].<\/p>\n<p>Die Liste der Zutaten kann variieren. Wir empfehlen Ihnen, immer die Liste der gekauften Produkte zu \u00fcberpr\u00fcfen<\/p>","protected":false},"excerpt":{"rendered":"<p>Befeuchtet die Lippen, pflegt, repariert und sch\u00fctzt trockene oder besch\u00e4digte Lippen. Komposition CERA ALBA \/ BEESWAX, BUTYROSPERMUM PARKII (SHEA) BUTTER, OLUS\u00d6L \/ GEM\u00dcSE\u00d6L, LECITHIN, BEHENOXY DIMETHICONE, PRUNUS AMYGDALUS DULCIS (S\u00dcSSE MANDEL), \u00d6L, CITEL \/ HONEY \/ TRIM, , HYDROGENIERTES PFLANZLICHES \u00d6L, ROSA MOSCHATA-SAMEN\u00d6L, TOCOPHERYLACETAT, TOCOPHEROL, CITRUS LIMON (ZITRONE) PEEL\u00d6L, GLYCERYL CAPRYLAT, ALLANTOIN, CALENDULA OFFICINALIS BLUMenextrakt, [&hellip;]<\/p>\n","protected":false},"featured_media":2703,"template":"","meta":{"_acf_changed":false,"footnotes":""},"product_brand":[],"product_cat":[47,42,57],"product_tag":[822],"class_list":{"0":"post-2239","1":"product","2":"type-product","3":"status-publish","4":"has-post-thumbnail","6":"product_cat-dermocosmetique","7":"product_cat-para-pharmacie","8":"product_cat-soins-levres","9":"product_tag-nuxe-promo","11":"first","12":"outofstock","13":"taxable","14":"shipping-taxable","15":"purchasable","16":"product-type-simple"},"acf":[],"_links":{"self":[{"href":"https:\/\/www.pharmacieonline.lu\/de\/wp-json\/wp\/v2\/product\/2239","targetHints":{"allow":["GET"]}}],"collection":[{"href":"https:\/\/www.pharmacieonline.lu\/de\/wp-json\/wp\/v2\/product"}],"about":[{"href":"https:\/\/www.pharmacieonline.lu\/de\/wp-json\/wp\/v2\/types\/product"}],"version-history":[{"count":0,"href":"https:\/\/www.pharmacieonline.lu\/de\/wp-json\/wp\/v2\/product\/2239\/revisions"}],"wp:featuredmedia":[{"embeddable":true,"href":"https:\/\/www.pharmacieonline.lu\/de\/wp-json\/wp\/v2\/media\/2703"}],"wp:attachment":[{"href":"https:\/\/www.pharmacieonline.lu\/de\/wp-json\/wp\/v2\/media?parent=2239"}],"wp:term":[{"taxonomy":"product_brand","embeddable":true,"href":"https:\/\/www.pharmacieonline.lu\/de\/wp-json\/wp\/v2\/product_brand?post=2239"},{"taxonomy":"product_cat","embeddable":true,"href":"https:\/\/www.pharmacieonline.lu\/de\/wp-json\/wp\/v2\/product_cat?post=2239"},{"taxonomy":"product_tag","embeddable":true,"href":"https:\/\/www.pharmacieonline.lu\/de\/wp-json\/wp\/v2\/product_tag?post=2239"}],"curies":[{"name":"wp","href":"https:\/\/api.w.org\/{rel}","templated":true}]}}