{"id":2243,"date":"2020-11-25T17:27:56","date_gmt":"2020-11-25T16:27:56","guid":{"rendered":"https:\/\/www.pharmacieonline.lu\/produit\/vichy-mineral-89-yeux-15-ml\/"},"modified":"2026-04-05T11:55:33","modified_gmt":"2026-04-05T09:55:33","slug":"vichy-mineral-89-yeux-15-ml","status":"publish","type":"product","link":"https:\/\/www.pharmacieonline.lu\/de\/produit\/vichy-mineral-89-yeux-15-ml\/","title":{"rendered":"VICHY MINERAL 89 YEUX 15 ML"},"content":{"rendered":"<p>Mit 89% Vichy Mineralizing Water, formuliert mit Hyalurons\u00e4ure nat\u00fcrlichen Ursprungs und reinem Koffein. Mineral 89 Eyes ist Ihre Kraftdosis f\u00fcr ein strahlendes Aussehen. Mineral 89 Eyes st\u00e4rkt die Hautbarrierefunktion im Augenbereich, gl\u00e4ttet feine Linien mit 24 Stunden Fl\u00fcssigkeitszufuhr und reduziert das Auftreten von Augenringen f\u00fcr ein volleres Aussehen ruht.<\/p>\n<p>HYDRATE UND 24 STUNDEN FORTIFIZIEREN<br \/>\nGLATTE FALTEN<br \/>\nREDUZIERT DAS ERSCHEINEN VON DUNKELKREISEN &#8211; BELEUCHTET DIE AUGENKONTROLLEN<br \/>\nST\u00c4RKT DEN FRAGILEN BEREICH DER AUGENKONTUR<br \/>\nVerwenden<br \/>\nAnwendung<\/p>\n<p>Empfohlene Applikationsverfahren, um die Wirksamkeit der Mineral 89-Augenbehandlung zu optimieren: 1) Tragen Sie einen Tropfen des Augenverst\u00e4rkers auf die Fingerspitze auf und platzieren Sie ihn \u00fcber und unter jedem Auge. 2) Massieren Machen Sie vorsichtig kleine Kreise, um das Auftreten von dunklen Kreisen und Schwellungen zu reduzieren. 3) Schieben Sie zum Schluss Ihre Finger von innen nach au\u00dfen, um feine Linien zu gl\u00e4tten<\/p>\n<p>Komposition<br \/>\nAKTIVZUTATEN 89% Mineralisierungswasser von Vichy &#8211; Hyalurons\u00e4ure nat\u00fcrlichen Ursprungs &#8211; Reines Koffein<br \/>\nKomposition<\/p>\n<p>AQUA \/ WASSER &#8211; PROPANEDIOL &#8211; BUTYROSPERMUM PARKII BUTTER \/ SHEA BUTTER &#8211; GLYCERIN &#8211; CARBOMER &#8211; CAFFEINE &#8211; NATRIUMHYALURONAT &#8211; ADENOSIN &#8211; PHENOXYETHANOL &#8211; CHLORELLA VULGARIS EXTRAKT &#8211; CITRY<\/p>","protected":false},"excerpt":{"rendered":"<p>Mit 89% Vichy Mineralizing Water, formuliert mit Hyalurons\u00e4ure nat\u00fcrlichen Ursprungs und reinem Koffein. Mineral 89 Eyes ist Ihre Kraftdosis f\u00fcr ein strahlendes Aussehen. Mineral 89 Eyes st\u00e4rkt die Hautbarrierefunktion im Augenbereich, gl\u00e4ttet feine Linien mit 24 Stunden Fl\u00fcssigkeitszufuhr und reduziert das Auftreten von Augenringen f\u00fcr ein volleres Aussehen ruht. HYDRATE UND 24 STUNDEN FORTIFIZIEREN GLATTE [&hellip;]<\/p>\n","protected":false},"featured_media":2727,"template":"","meta":{"_acf_changed":false,"footnotes":""},"product_brand":[],"product_cat":[47,42,54],"product_tag":[],"class_list":{"0":"post-2243","1":"product","2":"type-product","3":"status-publish","4":"has-post-thumbnail","6":"product_cat-dermocosmetique","7":"product_cat-para-pharmacie","8":"product_cat-soins-du-visage","10":"first","11":"instock","12":"taxable","13":"shipping-taxable","14":"purchasable","15":"product-type-simple"},"acf":[],"_links":{"self":[{"href":"https:\/\/www.pharmacieonline.lu\/de\/wp-json\/wp\/v2\/product\/2243","targetHints":{"allow":["GET"]}}],"collection":[{"href":"https:\/\/www.pharmacieonline.lu\/de\/wp-json\/wp\/v2\/product"}],"about":[{"href":"https:\/\/www.pharmacieonline.lu\/de\/wp-json\/wp\/v2\/types\/product"}],"version-history":[{"count":0,"href":"https:\/\/www.pharmacieonline.lu\/de\/wp-json\/wp\/v2\/product\/2243\/revisions"}],"wp:featuredmedia":[{"embeddable":true,"href":"https:\/\/www.pharmacieonline.lu\/de\/wp-json\/wp\/v2\/media\/2727"}],"wp:attachment":[{"href":"https:\/\/www.pharmacieonline.lu\/de\/wp-json\/wp\/v2\/media?parent=2243"}],"wp:term":[{"taxonomy":"product_brand","embeddable":true,"href":"https:\/\/www.pharmacieonline.lu\/de\/wp-json\/wp\/v2\/product_brand?post=2243"},{"taxonomy":"product_cat","embeddable":true,"href":"https:\/\/www.pharmacieonline.lu\/de\/wp-json\/wp\/v2\/product_cat?post=2243"},{"taxonomy":"product_tag","embeddable":true,"href":"https:\/\/www.pharmacieonline.lu\/de\/wp-json\/wp\/v2\/product_tag?post=2243"}],"curies":[{"name":"wp","href":"https:\/\/api.w.org\/{rel}","templated":true}]}}