{"id":22432,"date":"2022-01-10T12:03:11","date_gmt":"2022-01-10T11:03:11","guid":{"rendered":"https:\/\/www.pharmacieonline.lu\/?post_type=product&#038;p=22432"},"modified":"2026-04-10T00:25:36","modified_gmt":"2026-04-09T22:25:36","slug":"nuxe-merveillance-lift-serum-30ml","status":"publish","type":"product","link":"https:\/\/www.pharmacieonline.lu\/de\/produit\/nuxe-merveillance-lift-serum-30ml\/","title":{"rendered":"NUXE MERVEILLANCE LIFT S\u00c9RUM 30ML"},"content":{"rendered":"<p>Serum-in-\u00d6l Straffender Aktivator, Wonder Lift 30 ml<\/p>\n<p>Anti-Aging-Serum &#8211; festigt und gl\u00e4ttet die Haut<\/p>\n<p>97 % Inhaltsstoffe nat\u00fcrlichen Ursprungs<\/p>\n<p>Portr\u00e4t<\/p>\n<p>Merveillance LIFT &#8211; The Firming Activating Serum-in-Oil: Enth\u00fcllen Sie eine Haut, die so stark ist wie Sie selbst!<br \/>\nErleben Sie pure Kraft mit einer 100 % aktiven Textur.<\/p>\n<p>Dieses Anti-Aging-Serum ist mit ultrakorrigierendem Mikroalgen\u00f6l angereichert, einem gr\u00fcnen(2) Wirkstoff, der die Kraft von 4 Milliarden aktiven Zellen in einem einzigen Tropfen konzentriert, um Ihre Haut jeden Tag zu st\u00e4rken. 3 Tropfen gen\u00fcgen f\u00fcr eine sofort glatte, geschmeidige und straffe Haut.<\/p>\n<p>+32 % Festigkeit nach 1 Monat(1). St\u00e4rker, widerstandsf\u00e4higer, die Haut sieht sichtbar j\u00fcnger aus.<\/p>\n<p>Der ideale Verb\u00fcndete f\u00fcr alle Hauttypen dank einer nicht fettenden und nicht klebrigen \u00d6ltextur.<br \/>\nAnti-Aging-Wirkung und ultimativer Genuss mit zarten Blumen- und Moschusakkorden &#8230;<\/p>\n<p>Behandlung formuliert und hergestellt in Frankreich.<\/p>","protected":false},"excerpt":{"rendered":"<p>Serum-in-\u00d6l Straffender Aktivator, Wonder Lift 30 ml Anti-Aging-Serum &#8211; festigt und gl\u00e4ttet die Haut 97 % Inhaltsstoffe nat\u00fcrlichen Ursprungs Portr\u00e4t Merveillance LIFT &#8211; The Firming Activating Serum-in-Oil: Enth\u00fcllen Sie eine Haut, die so stark ist wie Sie selbst! Erleben Sie pure Kraft mit einer 100 % aktiven Textur. Dieses Anti-Aging-Serum ist mit ultrakorrigierendem Mikroalgen\u00f6l angereichert, [&hellip;]<\/p>\n","protected":false},"featured_media":22433,"template":"","meta":{"_acf_changed":false,"footnotes":""},"product_brand":[],"product_cat":[47,42,54,782],"product_tag":[],"class_list":{"0":"post-22432","1":"product","2":"type-product","3":"status-publish","4":"has-post-thumbnail","6":"product_cat-dermocosmetique","7":"product_cat-para-pharmacie","8":"product_cat-soins-du-visage","9":"product_cat-vegan","11":"first","12":"instock","13":"taxable","14":"shipping-taxable","15":"purchasable","16":"product-type-simple"},"acf":[],"_links":{"self":[{"href":"https:\/\/www.pharmacieonline.lu\/de\/wp-json\/wp\/v2\/product\/22432","targetHints":{"allow":["GET"]}}],"collection":[{"href":"https:\/\/www.pharmacieonline.lu\/de\/wp-json\/wp\/v2\/product"}],"about":[{"href":"https:\/\/www.pharmacieonline.lu\/de\/wp-json\/wp\/v2\/types\/product"}],"version-history":[{"count":0,"href":"https:\/\/www.pharmacieonline.lu\/de\/wp-json\/wp\/v2\/product\/22432\/revisions"}],"wp:featuredmedia":[{"embeddable":true,"href":"https:\/\/www.pharmacieonline.lu\/de\/wp-json\/wp\/v2\/media\/22433"}],"wp:attachment":[{"href":"https:\/\/www.pharmacieonline.lu\/de\/wp-json\/wp\/v2\/media?parent=22432"}],"wp:term":[{"taxonomy":"product_brand","embeddable":true,"href":"https:\/\/www.pharmacieonline.lu\/de\/wp-json\/wp\/v2\/product_brand?post=22432"},{"taxonomy":"product_cat","embeddable":true,"href":"https:\/\/www.pharmacieonline.lu\/de\/wp-json\/wp\/v2\/product_cat?post=22432"},{"taxonomy":"product_tag","embeddable":true,"href":"https:\/\/www.pharmacieonline.lu\/de\/wp-json\/wp\/v2\/product_tag?post=22432"}],"curies":[{"name":"wp","href":"https:\/\/api.w.org\/{rel}","templated":true}]}}