{"id":2246,"date":"2020-11-25T17:27:56","date_gmt":"2020-11-25T16:27:56","guid":{"rendered":"https:\/\/www.pharmacieonline.lu\/produit\/vichy-normaderm-phytosol-soin-50\/"},"modified":"2026-04-15T12:25:28","modified_gmt":"2026-04-15T10:25:28","slug":"vichy-normaderm-phytosol-soin-50","status":"publish","type":"product","link":"https:\/\/www.pharmacieonline.lu\/de\/produit\/vichy-normaderm-phytosol-soin-50\/","title":{"rendered":"VICHY NORMADERM PHYTOSOL SOIN 50"},"content":{"rendered":"<p>Phytosolution &#8211; Doppelte Korrektur der t\u00e4glichen Pflege<\/p>\n<p>Eine t\u00e4gliche Doppelkorrektur f\u00fcr zu Akne neigende Haut mit dermatologischen Wirkstoffen nat\u00fcrlichen Ursprungs: 1) Reinigt und korrigiert Unvollkommenheiten, reduziert Mitesser und Akne-Flecken. 2) Regeneriert die Haut: Befeuchtet 24 Stunden lang , strafft sichtbar die Poren und st\u00e4rkt die Barrierefunktion der Haut gegen \u00e4u\u00dfere Einfl\u00fcsse. Schlie\u00dflich eine Anti-Unvollkommenheits-Behandlung, die eine sensorische, frische, leichte und luftige Textur ohne ein fettiges oder klebriges Finish bietet, das schnell eindringt.<\/p>\n<p>Morgens und abends anwenden.<\/p>\n<p>Komposition<br \/>\nZUTATEN Diese t\u00e4gliche Behandlung bietet der Haut dank dermatologischer Wirkstoffe nat\u00fcrlichen Ursprungs eine reine Heilungskur: &#8211; Salicyls\u00e4ure nat\u00fcrlichen Ursprungs f\u00fcr ein Peeling &#8211; Hyalurons\u00e4ure nat\u00fcrlichen Ursprungs zur Hydratation und Auff\u00fcllung der Haut &#8211; Das Phycosaccharid zur Reduzierung der Talgproduktion<\/p>","protected":false},"excerpt":{"rendered":"<p>Phytosolution &#8211; Doppelte Korrektur der t\u00e4glichen Pflege Eine t\u00e4gliche Doppelkorrektur f\u00fcr zu Akne neigende Haut mit dermatologischen Wirkstoffen nat\u00fcrlichen Ursprungs: 1) Reinigt und korrigiert Unvollkommenheiten, reduziert Mitesser und Akne-Flecken. 2) Regeneriert die Haut: Befeuchtet 24 Stunden lang , strafft sichtbar die Poren und st\u00e4rkt die Barrierefunktion der Haut gegen \u00e4u\u00dfere Einfl\u00fcsse. Schlie\u00dflich eine Anti-Unvollkommenheits-Behandlung, die [&hellip;]<\/p>\n","protected":false},"featured_media":2698,"template":"","meta":{"_acf_changed":false,"footnotes":""},"product_brand":[],"product_cat":[47,42,762],"product_tag":[],"class_list":{"0":"post-2246","1":"product","2":"type-product","3":"status-publish","4":"has-post-thumbnail","6":"product_cat-dermocosmetique","7":"product_cat-para-pharmacie","8":"product_cat-peaux-a-problemes","10":"first","11":"instock","12":"taxable","13":"shipping-taxable","14":"purchasable","15":"product-type-simple"},"acf":[],"_links":{"self":[{"href":"https:\/\/www.pharmacieonline.lu\/de\/wp-json\/wp\/v2\/product\/2246","targetHints":{"allow":["GET"]}}],"collection":[{"href":"https:\/\/www.pharmacieonline.lu\/de\/wp-json\/wp\/v2\/product"}],"about":[{"href":"https:\/\/www.pharmacieonline.lu\/de\/wp-json\/wp\/v2\/types\/product"}],"version-history":[{"count":0,"href":"https:\/\/www.pharmacieonline.lu\/de\/wp-json\/wp\/v2\/product\/2246\/revisions"}],"wp:featuredmedia":[{"embeddable":true,"href":"https:\/\/www.pharmacieonline.lu\/de\/wp-json\/wp\/v2\/media\/2698"}],"wp:attachment":[{"href":"https:\/\/www.pharmacieonline.lu\/de\/wp-json\/wp\/v2\/media?parent=2246"}],"wp:term":[{"taxonomy":"product_brand","embeddable":true,"href":"https:\/\/www.pharmacieonline.lu\/de\/wp-json\/wp\/v2\/product_brand?post=2246"},{"taxonomy":"product_cat","embeddable":true,"href":"https:\/\/www.pharmacieonline.lu\/de\/wp-json\/wp\/v2\/product_cat?post=2246"},{"taxonomy":"product_tag","embeddable":true,"href":"https:\/\/www.pharmacieonline.lu\/de\/wp-json\/wp\/v2\/product_tag?post=2246"}],"curies":[{"name":"wp","href":"https:\/\/api.w.org\/{rel}","templated":true}]}}