{"id":22472,"date":"2022-01-13T11:29:45","date_gmt":"2022-01-13T10:29:45","guid":{"rendered":"https:\/\/www.pharmacieonline.lu\/?post_type=product&#038;p=22472"},"modified":"2026-04-04T05:55:21","modified_gmt":"2026-04-04T03:55:21","slug":"caudalie-the-vignes-soin-corps-n-200ml-p","status":"publish","type":"product","link":"https:\/\/www.pharmacieonline.lu\/de\/produit\/caudalie-the-vignes-soin-corps-n-200ml-p\/","title":{"rendered":"CAUDALIE THE VIGNES SOIN CORPS N 200ML P"},"content":{"rendered":"<p>Pflegende Hyaluron-K\u00f6rperpflege<br \/>\nWEINTEE<br \/>\nHauttyp: Normale Haut<br \/>\nBedarf: K\u00f6rperfl\u00fcssigkeit<br \/>\nHauptbestandteile: Hyalurons\u00e4ure, Bio-Sheabutter, Polyphenole<br \/>\nTextur: Milch<br \/>\nAnwendung: Morgens und abends, jeden Tag<br \/>\nWas ist das ? Th\u00e9 des Vignes Hyaluronic Nourishing Body Care spendet sofort Feuchtigkeit und pflegt f\u00fcr sichtbar weichere, geschmeidigere und strahlendere Haut. Seine frische und leichte Textur zieht schnell ein, ohne zu fetten. Es verleiht der Haut einen zarten Duft mit dem legend\u00e4ren Th\u00e9 des Vignes-Duft mit Noten von wei\u00dfem Moschus, Neroli und Ingwer.<\/p>\n<p>Formel :<\/p>\n<p>98 % Inhaltsstoffe nat\u00fcrlichen Ursprungs<br \/>\nVegan<\/p>\n<p>Sichtbare Ergebnisse<\/p>\n<p>87 % der Frauen empfanden ihre Haut den ganzen Tag \u00fcber mit Feuchtigkeit versorgt.*<\/p>\n<p>*Klinische Studie, % Zufriedenheit, 22 Freiwillige, 28 Tage.<\/p>\n<p>Unsere Zutaten<br \/>\n&#8211;<br \/>\nHyalurons\u00e4ure: 100 % nat\u00fcrlichen Ursprungs und biotechnologisch hergestellt, gl\u00e4ttet und hydratisiert kontinuierlich die Hautoberfl\u00e4che.<br \/>\nBio-Sheabutter: 100 % nat\u00fcrlich, biologisch und nachhaltig in Burkina Faso von einer Frauenkooperative hergestellt, n\u00e4hrt, regeneriert und repariert trockene Haut.<br \/>\nPolyphenole: Aus franz\u00f6sischen Traubenkernen extrahiert, sind sie Antioxidantien.<\/p>\n<p>Vollst\u00e4ndige Liste der Inhaltsstoffe: Aqua\/Wasser\/Eau, Coco-Caprylat\/Caprat, Glycerin, Vitis Vinifera (Trauben)-Fruchtwasser, Butyrospermum Parkii (Shea)-Butterextrakt, Candelilla\/Jojoba\/Reiskleie-Polyglyceryl-3-Ester, Glycerylstearat, Palmitoyl Traubenkernextrakt, Cetearylalkohol, Natriumstearoyllactylat, Saccharidisomerat, Caprylylglycol, Xanthangummi, Kaliumsorbat, Acrylate\/C10-30-Alkylacrylat-Crosspolymer, Vitis Vinifera (Trauben)-Saft, Tocopherol, Helianthus annuus (Sonnenblumen)-Kern\u00f6l, Natrium Hydroxid, Zitronens\u00e4ure, Natriumphytat, Limonen, Natriumhyaluronat, Natriumbenzoat, Natriumcitrat, Parf\u00fcm (Duft), Linalool.(236\/015)<\/p>","protected":false},"excerpt":{"rendered":"<p>Pflegende Hyaluron-K\u00f6rperpflege WEINTEE Hauttyp: Normale Haut Bedarf: K\u00f6rperfl\u00fcssigkeit Hauptbestandteile: Hyalurons\u00e4ure, Bio-Sheabutter, Polyphenole Textur: Milch Anwendung: Morgens und abends, jeden Tag Was ist das ? Th\u00e9 des Vignes Hyaluronic Nourishing Body Care spendet sofort Feuchtigkeit und pflegt f\u00fcr sichtbar weichere, geschmeidigere und strahlendere Haut. Seine frische und leichte Textur zieht schnell ein, ohne zu fetten. Es [&hellip;]<\/p>\n","protected":false},"featured_media":22473,"template":"","meta":{"_acf_changed":false,"footnotes":""},"product_brand":[],"product_cat":[47,42,56,782],"product_tag":[],"class_list":{"0":"post-22472","1":"product","2":"type-product","3":"status-publish","4":"has-post-thumbnail","6":"product_cat-dermocosmetique","7":"product_cat-para-pharmacie","8":"product_cat-soins-du-corps","9":"product_cat-vegan","11":"first","12":"instock","13":"taxable","14":"shipping-taxable","15":"purchasable","16":"product-type-simple"},"acf":[],"_links":{"self":[{"href":"https:\/\/www.pharmacieonline.lu\/de\/wp-json\/wp\/v2\/product\/22472","targetHints":{"allow":["GET"]}}],"collection":[{"href":"https:\/\/www.pharmacieonline.lu\/de\/wp-json\/wp\/v2\/product"}],"about":[{"href":"https:\/\/www.pharmacieonline.lu\/de\/wp-json\/wp\/v2\/types\/product"}],"version-history":[{"count":0,"href":"https:\/\/www.pharmacieonline.lu\/de\/wp-json\/wp\/v2\/product\/22472\/revisions"}],"wp:featuredmedia":[{"embeddable":true,"href":"https:\/\/www.pharmacieonline.lu\/de\/wp-json\/wp\/v2\/media\/22473"}],"wp:attachment":[{"href":"https:\/\/www.pharmacieonline.lu\/de\/wp-json\/wp\/v2\/media?parent=22472"}],"wp:term":[{"taxonomy":"product_brand","embeddable":true,"href":"https:\/\/www.pharmacieonline.lu\/de\/wp-json\/wp\/v2\/product_brand?post=22472"},{"taxonomy":"product_cat","embeddable":true,"href":"https:\/\/www.pharmacieonline.lu\/de\/wp-json\/wp\/v2\/product_cat?post=22472"},{"taxonomy":"product_tag","embeddable":true,"href":"https:\/\/www.pharmacieonline.lu\/de\/wp-json\/wp\/v2\/product_tag?post=22472"}],"curies":[{"name":"wp","href":"https:\/\/api.w.org\/{rel}","templated":true}]}}