{"id":2258,"date":"2020-11-25T17:27:57","date_gmt":"2020-11-25T16:27:57","guid":{"rendered":"https:\/\/www.pharmacieonline.lu\/produit\/avent-2-tetines-natural-2-0-nourr-epais\/"},"modified":"2026-04-21T20:25:21","modified_gmt":"2026-04-21T18:25:21","slug":"avent-2-tetines-natural-2-0-nourr-epais","status":"publish","type":"product","link":"https:\/\/www.pharmacieonline.lu\/de\/produit\/avent-2-tetines-natural-2-0-nourr-epais\/","title":{"rendered":"AVENT 2 TETINES NATURAL 2.0 NOURR EPAIS"},"content":{"rendered":"<p>Ideal f\u00fcr gemischtes Stillen ab 6 m<\/p>\n<p>Unser ultraweicher Schnuller mit flexiblem Spiraldesign weist Eigenschaften auf, die denen der Brust n\u00e4her kommen. Seine nat\u00fcrliche Form, die die Brust imitiert, und seine Komfortzellen erm\u00f6glichen ein nat\u00fcrliches Stillen und erleichtern den Wechsel zwischen Brust und Flasche.<\/p>","protected":false},"excerpt":{"rendered":"<p>Ideal f\u00fcr gemischtes Stillen ab 6 m Unser ultraweicher Schnuller mit flexiblem Spiraldesign weist Eigenschaften auf, die denen der Brust n\u00e4her kommen. Seine nat\u00fcrliche Form, die die Brust imitiert, und seine Komfortzellen erm\u00f6glichen ein nat\u00fcrliches Stillen und erleichtern den Wechsel zwischen Brust und Flasche.<\/p>\n","protected":false},"featured_media":2681,"template":"","meta":{"_acf_changed":false,"footnotes":""},"product_brand":[],"product_cat":[116,121,44],"product_tag":[],"class_list":{"0":"post-2258","1":"product","2":"type-product","3":"status-publish","4":"has-post-thumbnail","6":"product_cat-puericulture","7":"product_cat-tetines-accessoires","8":"product_cat-bebe-maman","10":"first","11":"outofstock","12":"taxable","13":"shipping-taxable","14":"purchasable","15":"product-type-simple"},"acf":[],"_links":{"self":[{"href":"https:\/\/www.pharmacieonline.lu\/de\/wp-json\/wp\/v2\/product\/2258","targetHints":{"allow":["GET"]}}],"collection":[{"href":"https:\/\/www.pharmacieonline.lu\/de\/wp-json\/wp\/v2\/product"}],"about":[{"href":"https:\/\/www.pharmacieonline.lu\/de\/wp-json\/wp\/v2\/types\/product"}],"version-history":[{"count":0,"href":"https:\/\/www.pharmacieonline.lu\/de\/wp-json\/wp\/v2\/product\/2258\/revisions"}],"wp:featuredmedia":[{"embeddable":true,"href":"https:\/\/www.pharmacieonline.lu\/de\/wp-json\/wp\/v2\/media\/2681"}],"wp:attachment":[{"href":"https:\/\/www.pharmacieonline.lu\/de\/wp-json\/wp\/v2\/media?parent=2258"}],"wp:term":[{"taxonomy":"product_brand","embeddable":true,"href":"https:\/\/www.pharmacieonline.lu\/de\/wp-json\/wp\/v2\/product_brand?post=2258"},{"taxonomy":"product_cat","embeddable":true,"href":"https:\/\/www.pharmacieonline.lu\/de\/wp-json\/wp\/v2\/product_cat?post=2258"},{"taxonomy":"product_tag","embeddable":true,"href":"https:\/\/www.pharmacieonline.lu\/de\/wp-json\/wp\/v2\/product_tag?post=2258"}],"curies":[{"name":"wp","href":"https:\/\/api.w.org\/{rel}","templated":true}]}}