{"id":22589,"date":"2022-01-21T17:08:40","date_gmt":"2022-01-21T16:08:40","guid":{"rendered":"https:\/\/www.pharmacieonline.lu\/?post_type=product&#038;p=22589"},"modified":"2026-04-06T07:55:30","modified_gmt":"2026-04-06T05:55:30","slug":"advantix-250-1250-spot-on-chien-625-ml","status":"publish","type":"product","link":"https:\/\/www.pharmacieonline.lu\/de\/produit\/advantix-250-1250-spot-on-chien-625-ml\/","title":{"rendered":"ADVANTIX 250\/1250 SPOT ON CHIEN 6*2,5 ML"},"content":{"rendered":"<p>Zur Bek\u00e4mpfung und Vorbeugung von Flohbefall (C. canis, C. felis) und zur Bek\u00e4mpfung von Haarl\u00e4usen (Trichodectes canis) bei Hunden.<\/p>\n<p>Die auf dem Hund vorhandenen Fl\u00f6he werden am Tag nach der Behandlung abget\u00f6tet. Eine einmalige Behandlung beugt vier Wochen lang einem erneuten Flohbefall vor.<\/p>\n<p>Das Produkt hat eine anhaltende akarizide und abweisende Wirkung gegen Zeckenbefall (Rhipicephalus sanguineus und Ixodes ricinus f\u00fcr vier Wochen und Dermacentor reticulatus f\u00fcr drei Wochen).<\/p>\n<p>Durch die Abwehr und Abt\u00f6tung der Vektorzecke Rhipicephalus sanguineus reduziert das Produkt das Risiko einer Kontamination mit dem Erreger Ehrlichia canis. Dies verringert das Risiko einer Ehrlichiose bei Hunden. Studien haben gezeigt, dass das Risiko ab 3 Tagen nach der Verwendung des Produkts abzunehmen beginnt. Die Wirkung h\u00e4lt 4 Wochen an.<\/p>\n<p>Zecken, die sich bereits auf dem Hund befanden, d\u00fcrfen nicht innerhalb von zwei Tagen nach der Behandlung abget\u00f6tet werden und k\u00f6nnen anhaften und sichtbar bleiben. Daher wird empfohlen, Zecken, die sich zum Zeitpunkt der Behandlung bereits auf dem Hund befinden, zu entfernen, um zu verhindern, dass sie sich festsetzen und eine Blutmahlzeit einnehmen.<\/p>\n<p>Eine Behandlung bietet abweisende (Anti-Fress-)Aktivit\u00e4t gegen Sandm\u00fccken (Phlebotomus papatasi f\u00fcr zwei Wochen und Phlebotomus perniciosus f\u00fcr drei Wochen), gegen M\u00fccken (A. aegypti f\u00fcr zwei Wochen und C. pipiens f\u00fcr vier Wochen) und gegen Stallfliegen (S. calcitrans) f\u00fcr vier Wochen.<\/p>","protected":false},"excerpt":{"rendered":"<p>Zur Bek\u00e4mpfung und Vorbeugung von Flohbefall (C. canis, C. felis) und zur Bek\u00e4mpfung von Haarl\u00e4usen (Trichodectes canis) bei Hunden. Die auf dem Hund vorhandenen Fl\u00f6he werden am Tag nach der Behandlung abget\u00f6tet. Eine einmalige Behandlung beugt vier Wochen lang einem erneuten Flohbefall vor. Das Produkt hat eine anhaltende akarizide und abweisende Wirkung gegen Zeckenbefall (Rhipicephalus [&hellip;]<\/p>\n","protected":false},"featured_media":22591,"template":"","meta":{"_acf_changed":false,"footnotes":""},"product_brand":[],"product_cat":[151,157,46],"product_tag":[],"class_list":{"0":"post-22589","1":"product","2":"type-product","3":"status-publish","4":"has-post-thumbnail","6":"product_cat-chiens","7":"product_cat-puces-et-tiques-chiens","8":"product_cat-veterinaire","10":"first","11":"instock","12":"taxable","13":"shipping-taxable","14":"purchasable","15":"product-type-simple"},"acf":[],"_links":{"self":[{"href":"https:\/\/www.pharmacieonline.lu\/de\/wp-json\/wp\/v2\/product\/22589","targetHints":{"allow":["GET"]}}],"collection":[{"href":"https:\/\/www.pharmacieonline.lu\/de\/wp-json\/wp\/v2\/product"}],"about":[{"href":"https:\/\/www.pharmacieonline.lu\/de\/wp-json\/wp\/v2\/types\/product"}],"version-history":[{"count":0,"href":"https:\/\/www.pharmacieonline.lu\/de\/wp-json\/wp\/v2\/product\/22589\/revisions"}],"wp:featuredmedia":[{"embeddable":true,"href":"https:\/\/www.pharmacieonline.lu\/de\/wp-json\/wp\/v2\/media\/22591"}],"wp:attachment":[{"href":"https:\/\/www.pharmacieonline.lu\/de\/wp-json\/wp\/v2\/media?parent=22589"}],"wp:term":[{"taxonomy":"product_brand","embeddable":true,"href":"https:\/\/www.pharmacieonline.lu\/de\/wp-json\/wp\/v2\/product_brand?post=22589"},{"taxonomy":"product_cat","embeddable":true,"href":"https:\/\/www.pharmacieonline.lu\/de\/wp-json\/wp\/v2\/product_cat?post=22589"},{"taxonomy":"product_tag","embeddable":true,"href":"https:\/\/www.pharmacieonline.lu\/de\/wp-json\/wp\/v2\/product_tag?post=22589"}],"curies":[{"name":"wp","href":"https:\/\/api.w.org\/{rel}","templated":true}]}}