{"id":22593,"date":"2022-01-21T17:10:22","date_gmt":"2022-01-21T16:10:22","guid":{"rendered":"https:\/\/www.pharmacieonline.lu\/?post_type=product&#038;p=22593"},"modified":"2026-04-03T09:55:24","modified_gmt":"2026-04-03T07:55:24","slug":"drontal-tasty-dog-35-2-cp","status":"publish","type":"product","link":"https:\/\/www.pharmacieonline.lu\/de\/produit\/drontal-tasty-dog-35-2-cp\/","title":{"rendered":"DRONTAL TASTY DOG 35 2 CP"},"content":{"rendered":"<p>Hunde bekommen viel h\u00e4ufiger W\u00fcrmer, als die meisten Menschen denken, und diese W\u00fcrmer k\u00f6nnen die Gesundheit Ihres Hundes sch\u00e4digen. Spulw\u00fcrmer reisen durch den ganzen K\u00f6rper und k\u00f6nnen Organsch\u00e4den und Entz\u00fcndungen verursachen. Andere W\u00fcrmer sch\u00e4digen die Darmwand und verringern so die Aufnahme von N\u00e4hrstoffen, k\u00f6nnen aber auch Durchfall oder Erbrechen verursachen. W\u00fcrmer beeintr\u00e4chtigen auch die Wirksamkeit eines Impfstoffs. Aus diesem Grund wird empfohlen, Ihren Hund 4 Mal im Jahr zu entwurmen.<\/p>\n<p>Entwurmungsmittel f\u00fcr Hunde Drontal<\/p>\n<p>Drontal ist ein Breitband-Entwurmungsmittel, das den Befall von Hunden mit Spulw\u00fcrmern, Hakenw\u00fcrmern, Peitschenw\u00fcrmern und Bandw\u00fcrmern in einer Einzeldosis behandelt. Die Wirkstoffe in Drontal Chien sind Pyrantelembonat, Praziquantel und Febantel. Die Tabletten haben ein herzhaftes Rindfleischaroma.<\/p>\n<p>Richtungen<br \/>\nSpulw\u00fcrmer t\u00f6ten.<br \/>\nT\u00f6tet Hakenw\u00fcrmer.<br \/>\nT\u00f6tet Peitschenw\u00fcrmer.<br \/>\nT\u00f6tet Bandw\u00fcrmer wie Fuchsbandwurm und Katzenbandwurm.<br \/>\nKontraindikationen<\/p>\n<p>Drontal Dog (Drontal Dog Tasty) sollte H\u00fcndinnen in der ersten H\u00e4lfte der Tr\u00e4chtigkeitszeit nicht gleichzeitig mit einem anderen Entwurmungsmittel, das Piperazin enth\u00e4lt, und H\u00fcndinnen mit einem Gewicht von weniger als 2,5 kg verabreicht werden.<\/p>\n<p>Drontal Large Dog (Drontal Large Dog Tasty) sollte H\u00fcndinnen in der ersten H\u00e4lfte der Tr\u00e4chtigkeitszeit nicht gleichzeitig mit einem anderen Entwurmungsmittel, das Piperazin enth\u00e4lt, und H\u00fcndinnen mit einem Gewicht von weniger als 10 kg verabreicht werden.<\/p>\n<p>Verabreichung und Dosierung<\/p>\n<p>Drontal Dog (Drontal Dog Tasty): 1 Tablette pro 10 kg K\u00f6rpergewicht. Dies entspricht 15 mg Febantel, 14,4 mg Pyrantelembonat und 5 mg Praziquantel pro kg K\u00f6rpergewicht.<\/p>\n<p>Drontal Large Dog (Drontal Large Dog Tasty): 1 Tablette pro 35 kg K\u00f6rpergewicht. Dies entspricht 15 mg Febantel, 14,4 mg Pyrantelembonat und 5 mg Praziquantel pro kg K\u00f6rpergewicht.<\/p>\n<p>Die Tabletten k\u00f6nnen dem Hund direkt auf die Zunge im hinteren Maul gegeben werden, sie k\u00f6nnen aber auch mit dem Futter gemischt werden.<\/p>","protected":false},"excerpt":{"rendered":"<p>Hunde bekommen viel h\u00e4ufiger W\u00fcrmer, als die meisten Menschen denken, und diese W\u00fcrmer k\u00f6nnen die Gesundheit Ihres Hundes sch\u00e4digen. Spulw\u00fcrmer reisen durch den ganzen K\u00f6rper und k\u00f6nnen Organsch\u00e4den und Entz\u00fcndungen verursachen. Andere W\u00fcrmer sch\u00e4digen die Darmwand und verringern so die Aufnahme von N\u00e4hrstoffen, k\u00f6nnen aber auch Durchfall oder Erbrechen verursachen. W\u00fcrmer beeintr\u00e4chtigen auch die Wirksamkeit [&hellip;]<\/p>\n","protected":false},"featured_media":22595,"template":"","meta":{"_acf_changed":false,"footnotes":""},"product_brand":[],"product_cat":[151,158,46],"product_tag":[],"class_list":{"0":"post-22593","1":"product","2":"type-product","3":"status-publish","4":"has-post-thumbnail","6":"product_cat-chiens","7":"product_cat-parasites-chiens","8":"product_cat-veterinaire","10":"first","11":"instock","12":"taxable","13":"shipping-taxable","14":"purchasable","15":"product-type-simple"},"acf":[],"_links":{"self":[{"href":"https:\/\/www.pharmacieonline.lu\/de\/wp-json\/wp\/v2\/product\/22593","targetHints":{"allow":["GET"]}}],"collection":[{"href":"https:\/\/www.pharmacieonline.lu\/de\/wp-json\/wp\/v2\/product"}],"about":[{"href":"https:\/\/www.pharmacieonline.lu\/de\/wp-json\/wp\/v2\/types\/product"}],"version-history":[{"count":0,"href":"https:\/\/www.pharmacieonline.lu\/de\/wp-json\/wp\/v2\/product\/22593\/revisions"}],"wp:featuredmedia":[{"embeddable":true,"href":"https:\/\/www.pharmacieonline.lu\/de\/wp-json\/wp\/v2\/media\/22595"}],"wp:attachment":[{"href":"https:\/\/www.pharmacieonline.lu\/de\/wp-json\/wp\/v2\/media?parent=22593"}],"wp:term":[{"taxonomy":"product_brand","embeddable":true,"href":"https:\/\/www.pharmacieonline.lu\/de\/wp-json\/wp\/v2\/product_brand?post=22593"},{"taxonomy":"product_cat","embeddable":true,"href":"https:\/\/www.pharmacieonline.lu\/de\/wp-json\/wp\/v2\/product_cat?post=22593"},{"taxonomy":"product_tag","embeddable":true,"href":"https:\/\/www.pharmacieonline.lu\/de\/wp-json\/wp\/v2\/product_tag?post=22593"}],"curies":[{"name":"wp","href":"https:\/\/api.w.org\/{rel}","templated":true}]}}