{"id":2283,"date":"2020-11-25T17:27:57","date_gmt":"2020-11-25T16:27:57","guid":{"rendered":"https:\/\/www.pharmacieonline.lu\/produit\/avene-cicalfate-creme-100-ml\/"},"modified":"2026-04-02T22:25:26","modified_gmt":"2026-04-02T20:25:26","slug":"avene-cicalfate-creme-100-ml","status":"publish","type":"product","link":"https:\/\/www.pharmacieonline.lu\/de\/produit\/avene-cicalfate-creme-100-ml\/","title":{"rendered":"AVENE CICALFATE+ CREME 100 ML"},"content":{"rendered":"<p>Cicalfate + ist eine Formel, die sowohl repariert als auch sch\u00fctzt und sehr gut vertr\u00e4glich ist. Es ist die Creme gegen Reizungen f\u00fcr die ganze Familie. Noch wirksamer und sofort beruhigender dank einer einzigartigen Kombination von Wirkstoffen: 1. Die Reparatur von [C + -Restore] TM, dem ersten Wirkstoff zur postbiotischen Reparatur, der aus Av\u00e8ne Thermal Spring Water gewonnen wird, f\u00f6rdert die epidermale Reparatur. . Die Kombination von Kupfersulfat und Zinksulfat begrenzt das Risiko einer bakteriellen Proliferation. 3. BeruhigendRich in Av\u00e8ne Thermalwasser beruhigt es geschw\u00e4chte Haut.<\/p>\n<p>Komposition<\/p>\n<p>AVENE THERMAL SPRING WATER (AVENE AQUA). CAPRYL \/ CAPRIC TRIGLYCERIDE. MINERAL\u00d6L (PARAFFINUM LIQUIDUM). GLYCERIN. HYDRIERTES PFLANZEN\u00d6L. ZINKOXID. PROPYLENGLYKOL. POLYGLYCERYL-2 SESQUIISOSTEARATE. PEG-22 \/ DODECYLGLYCOL-COPOLYMER. ALUMINIUMSTEARAT. AQUAPHILUS DOLOMIAE FERMENT FILTRATE. ARGININE. Bienenwachs (CERA ALBA). KUPFERSULFAT. MAGNESIUMSTEARAT. MAGNESIUMSULFAT. MIKROKRISTALLINES WACHS (CERA MICROCRISTALLINA). TROMETHAMIN. ZINC SULFATE Verbrauchern wird empfohlen, die Zusammensetzung des Produkts vor dem Kauf systematisch zu \u00fcberpr\u00fcfen.<\/p>","protected":false},"excerpt":{"rendered":"<p>Cicalfate + ist eine Formel, die sowohl repariert als auch sch\u00fctzt und sehr gut vertr\u00e4glich ist. Es ist die Creme gegen Reizungen f\u00fcr die ganze Familie. Noch wirksamer und sofort beruhigender dank einer einzigartigen Kombination von Wirkstoffen: 1. Die Reparatur von [C + -Restore] TM, dem ersten Wirkstoff zur postbiotischen Reparatur, der aus Av\u00e8ne Thermal [&hellip;]<\/p>\n","protected":false},"featured_media":2639,"template":"","meta":{"_acf_changed":false,"footnotes":""},"product_brand":[],"product_cat":[47,42,56],"product_tag":[],"class_list":{"0":"post-2283","1":"product","2":"type-product","3":"status-publish","4":"has-post-thumbnail","6":"product_cat-dermocosmetique","7":"product_cat-para-pharmacie","8":"product_cat-soins-du-corps","10":"first","11":"instock","12":"taxable","13":"shipping-taxable","14":"purchasable","15":"product-type-simple"},"acf":[],"_links":{"self":[{"href":"https:\/\/www.pharmacieonline.lu\/de\/wp-json\/wp\/v2\/product\/2283","targetHints":{"allow":["GET"]}}],"collection":[{"href":"https:\/\/www.pharmacieonline.lu\/de\/wp-json\/wp\/v2\/product"}],"about":[{"href":"https:\/\/www.pharmacieonline.lu\/de\/wp-json\/wp\/v2\/types\/product"}],"version-history":[{"count":0,"href":"https:\/\/www.pharmacieonline.lu\/de\/wp-json\/wp\/v2\/product\/2283\/revisions"}],"wp:featuredmedia":[{"embeddable":true,"href":"https:\/\/www.pharmacieonline.lu\/de\/wp-json\/wp\/v2\/media\/2639"}],"wp:attachment":[{"href":"https:\/\/www.pharmacieonline.lu\/de\/wp-json\/wp\/v2\/media?parent=2283"}],"wp:term":[{"taxonomy":"product_brand","embeddable":true,"href":"https:\/\/www.pharmacieonline.lu\/de\/wp-json\/wp\/v2\/product_brand?post=2283"},{"taxonomy":"product_cat","embeddable":true,"href":"https:\/\/www.pharmacieonline.lu\/de\/wp-json\/wp\/v2\/product_cat?post=2283"},{"taxonomy":"product_tag","embeddable":true,"href":"https:\/\/www.pharmacieonline.lu\/de\/wp-json\/wp\/v2\/product_tag?post=2283"}],"curies":[{"name":"wp","href":"https:\/\/api.w.org\/{rel}","templated":true}]}}