{"id":22893,"date":"2022-02-08T13:34:54","date_gmt":"2022-02-08T12:34:54","guid":{"rendered":"https:\/\/www.pharmacieonline.lu\/?post_type=product&#038;p=22893"},"modified":"2026-04-04T15:55:24","modified_gmt":"2026-04-04T13:55:24","slug":"caudalie-vinotherapist-cr-mains-75ml-p","status":"publish","type":"product","link":"https:\/\/www.pharmacieonline.lu\/de\/produit\/caudalie-vinotherapist-cr-mains-75ml-p\/","title":{"rendered":"CAUDALIE VINOTHERAPIST CR MAINS 75ML P"},"content":{"rendered":"<p>Reparierende Hand- und Nagelcreme<\/p>\n<p>Hauttyp: Trockene Haut<br \/>\nBedarf: K\u00f6rperfl\u00fcssigkeit<br \/>\nHauptbestandteile: Traubenkern\u00f6l, Bio-Sheabutter, Polyphenole<br \/>\nTextur: Creme<br \/>\nAnwendung: So oft wie n\u00f6tig<br \/>\nWas ist das ? Vinotherapist\u2122 Hand and Nail Repair Cream n\u00e4hrt und repariert trockene H\u00e4nde ohne Fetteffekt und sch\u00fctzt sie gleichzeitig vor Austrocknung und \u00e4u\u00dferen Einfl\u00fcssen. Das Spannungsgef\u00fchl wird gemildert, die Haut wird weicher und die N\u00e4gel und Nagelhaut werden gest\u00e4rkt.<\/p>\n<p>Formel :<\/p>\n<p>98 % Inhaltsstoffe nat\u00fcrlichen Ursprungs<br \/>\nVegan<\/p>\n<p>Sichtbare Ergebnisse<\/p>\n<p>100 % der Frauen stellten fest, dass das Spannungsgef\u00fchl abnahm*<\/p>\n<p>*Klinische Studie, % Zufriedenheit, 20 Freiwillige, 28 Tage.<\/p>\n<p>Wussten Sie ? Vinotherapist\u2122 Hand- und Nagelreparaturcreme ist mit einem Lipid-Duo aus Avocado\u00f6l und Oliven\u00f6l angereichert, die sehr nahrhaft f\u00fcr die Haut sind, Beschwerden lindern und Austrocknung verhindern.<\/p>\n<p>Unsere Zutaten<br \/>\n&#8211;<br \/>\nTraubenkern\u00f6l: 100 % nat\u00fcrlichen Ursprungs und kaltgepresst, es ist von Natur aus n\u00e4hrend und antioxidativ.<br \/>\nBio-Sheabutter: 100 % nat\u00fcrlich, biologisch und nachhaltig in Burkina Faso von einer Frauenkooperative hergestellt, n\u00e4hrt, regeneriert und repariert trockene Haut.<br \/>\nPolyphenole: Aus franz\u00f6sischen Traubenkernen extrahiert, sind sie Antioxidantien.<\/p>\n<p>Vollst\u00e4ndige Zutatenliste: Aqua\/Wasser\/Eau, Glycerin, Cetearylalkohol, Vitis Vinifera (Trauben) Samen\u00f6l, Glycerylstearat, Butyrospermum Parkii (Shea) Butterextrakt, Palmitoyl-Traubenkernextrakt, Natriumcetearylsulfat, Coco-Caprylat\/Caprat, Tocopheryl Acetat, Limonen, Persea Gratissima (Avocado)-\u00d6l, Caprylylglykol, Acrylate\/C10-30-Alkylacrylat-Kreuzpolymer, Kaliumsorbat, Phytosterole, Olea Europaea (Oliven)-Frucht\u00f6l, Linalool, Natriumhydroxid, Carbomer, Geraniol, Natriumcarboxymethyl-Beta-Glucan , Sorbitanoleat, Tocopherol, Ascorbylpalmitat, Parf\u00fcm (Duftstoff), Citral.(061\/136)<\/p>\n<p>Die Caudalie-No-List:<\/p>\n<p>Ohne endokrine Disruptoren: Parabene, Phenoxyethanol, Phthalate, Triclosan, Triclocarban, BHA, Teere, synthetische Farbstoffe, 1,4-Dioxan, Formaldehyd, Paraformaldehyd, MIPA, Triethanolamin, Bisphenol A (BPS)<br \/>\nUmweltfreundlich: Nylon, EDTA, Trinatrium-NTA, Cyclotetrasiloxan, Silikone*, Behentrimoniumchlorid, Mikroplastikperlen*, Octinoxat*, Octocrylene, Benzophenone (einschlie\u00dflich Oxybenzon)<br \/>\nOhne petrochemische Derivate: Mineral\u00f6le (Petrolatum, Vaseline, Paraffin, Isoparaffin C10-11, Isododecan, Isohexadecan, hydriertes Polyisobuten, synthetische Wachse, Ceresin, Ozocerite)<br \/>\nOhne Inhaltsstoffe tierischen Ursprungs: Hyalurons\u00e4ure vom Huhn\/Rind, Kollagen vom Schwein, Squalan vom Hai, Elastin vom Rind, Lanolin vom Schaf, Karmin, Keratin, au\u00dfer Honig und Bienenwachs<br \/>\nHohe Toleranz: Sulfate (Natriumlaurethsulfat, Ammoniumlaurylsulfat), Chlorphenesin, Resorcin, Retinylpalmitat, Hydrochinon, Glykolether (einschlie\u00dflich Butoxyethanol, 2-Methoxyethanol, Dipropylenglykol), Benzalkoniumchlorid, MIT (Methylisothiazolinon), MCIT (Methylchlorisothiazolinon), Cocamide MEA, O-Phenylphenol &amp; Salze, Diazolidinylharnstoff, Imidazolidinylharnstoff, Hydantoin DMDM, 5-Brom-5-Nitro-1,3-Dioxan, 2-Brom-2-Nitropropan-1,3-Diol, Poloxamer*, PEG *, Nanopartikel<\/p>","protected":false},"excerpt":{"rendered":"<p>Reparierende Hand- und Nagelcreme Hauttyp: Trockene Haut Bedarf: K\u00f6rperfl\u00fcssigkeit Hauptbestandteile: Traubenkern\u00f6l, Bio-Sheabutter, Polyphenole Textur: Creme Anwendung: So oft wie n\u00f6tig Was ist das ? Vinotherapist\u2122 Hand and Nail Repair Cream n\u00e4hrt und repariert trockene H\u00e4nde ohne Fetteffekt und sch\u00fctzt sie gleichzeitig vor Austrocknung und \u00e4u\u00dferen Einfl\u00fcssen. Das Spannungsgef\u00fchl wird gemildert, die Haut wird weicher und [&hellip;]<\/p>\n","protected":false},"featured_media":22894,"template":"","meta":{"_acf_changed":false,"footnotes":""},"product_brand":[],"product_cat":[47,42,764,782],"product_tag":[],"class_list":{"0":"post-22893","1":"product","2":"type-product","3":"status-publish","4":"has-post-thumbnail","6":"product_cat-dermocosmetique","7":"product_cat-para-pharmacie","8":"product_cat-soins-mains","9":"product_cat-vegan","11":"first","12":"instock","13":"taxable","14":"shipping-taxable","15":"purchasable","16":"product-type-simple"},"acf":[],"_links":{"self":[{"href":"https:\/\/www.pharmacieonline.lu\/de\/wp-json\/wp\/v2\/product\/22893","targetHints":{"allow":["GET"]}}],"collection":[{"href":"https:\/\/www.pharmacieonline.lu\/de\/wp-json\/wp\/v2\/product"}],"about":[{"href":"https:\/\/www.pharmacieonline.lu\/de\/wp-json\/wp\/v2\/types\/product"}],"version-history":[{"count":0,"href":"https:\/\/www.pharmacieonline.lu\/de\/wp-json\/wp\/v2\/product\/22893\/revisions"}],"wp:featuredmedia":[{"embeddable":true,"href":"https:\/\/www.pharmacieonline.lu\/de\/wp-json\/wp\/v2\/media\/22894"}],"wp:attachment":[{"href":"https:\/\/www.pharmacieonline.lu\/de\/wp-json\/wp\/v2\/media?parent=22893"}],"wp:term":[{"taxonomy":"product_brand","embeddable":true,"href":"https:\/\/www.pharmacieonline.lu\/de\/wp-json\/wp\/v2\/product_brand?post=22893"},{"taxonomy":"product_cat","embeddable":true,"href":"https:\/\/www.pharmacieonline.lu\/de\/wp-json\/wp\/v2\/product_cat?post=22893"},{"taxonomy":"product_tag","embeddable":true,"href":"https:\/\/www.pharmacieonline.lu\/de\/wp-json\/wp\/v2\/product_tag?post=22893"}],"curies":[{"name":"wp","href":"https:\/\/api.w.org\/{rel}","templated":true}]}}