{"id":2290,"date":"2020-11-25T17:27:57","date_gmt":"2020-11-25T16:27:57","guid":{"rendered":"https:\/\/www.pharmacieonline.lu\/produit\/avene-hydrance-bb-legere-40-ml\/"},"modified":"2026-04-03T04:26:13","modified_gmt":"2026-04-03T02:26:13","slug":"avene-hydrance-bb-legere-40-ml","status":"publish","type":"product","link":"https:\/\/www.pharmacieonline.lu\/de\/produit\/avene-hydrance-bb-legere-40-ml\/","title":{"rendered":"AVENE HYDRANCE BB LEGERE 40 ML"},"content":{"rendered":"<p>HYDRANCE BB-LIGHT &#8211; GET\u00d6NTE FEUCHTIGKEITSEMULSION SPF 30<\/p>\n<p>40 ml R\u00f6hrchen<\/p>\n<p>In einem einzigen Schritt befeuchtet, beleuchtet und sch\u00fctzt diese Behandlung f\u00fcr einen gleichm\u00e4\u00dfigen und strahlenden Teint. BB Light-Farbton, der sich an die meisten Hautt\u00f6ne anpasst und einen nat\u00fcrlichen, gesunden Gl\u00fcheffekt erzielt. Die leichte, nicht fettende Textur macht die Haut den ganzen Tag weich und angenehm.<br \/>\nDiese perfektionierende BB Lumi\u00e8re-Behandlung, die subtil get\u00f6nt ist, um sich an die meisten Hautt\u00f6ne anzupassen, spendet Feuchtigkeit *, beleuchtet und sch\u00fctzt dank: &#8211; dem patentierten Cohederm-Komplex **, der dauerhafte Feuchtigkeit spendet, &#8211; der Kombination aus Perlmutt und Mineralpigmente, die Farbfehler verwischen und den Teint aufhellen &#8211; das Sunsitive Protection-Filtersystem mit hohem Lichtschutzfaktor 30 und Pre-Tocopheryl-Schutz, das wirksam vor Umwelteinfl\u00fcssen (UV, freie Radikale und Verschmutzung) sch\u00fctzt. * Windelhydratation Oberhaut. ** Zum Patent angemeldet.<\/p>\n<p>&nbsp;<\/p>\n<p>AVENE THERMAL SPRING WATER (AVENE AQUA). C12-15 ALKYLBENZOAT. DICAPRYLYL-CARBONAT. GLYCERIN. METHYLEN BIS-BENZOTRIAZOLYLTETRAMETHYLBUTYLPHENOL <\/p>","protected":false},"excerpt":{"rendered":"<p>HYDRANCE BB-LIGHT &#8211; GET\u00d6NTE FEUCHTIGKEITSEMULSION SPF 30 40 ml R\u00f6hrchen In einem einzigen Schritt befeuchtet, beleuchtet und sch\u00fctzt diese Behandlung f\u00fcr einen gleichm\u00e4\u00dfigen und strahlenden Teint. BB Light-Farbton, der sich an die meisten Hautt\u00f6ne anpasst und einen nat\u00fcrlichen, gesunden Gl\u00fcheffekt erzielt. Die leichte, nicht fettende Textur macht die Haut den ganzen Tag weich und angenehm. [&hellip;]<\/p>\n","protected":false},"featured_media":2663,"template":"","meta":{"_acf_changed":false,"footnotes":""},"product_brand":[],"product_cat":[47,42,54],"product_tag":[],"class_list":{"0":"post-2290","1":"product","2":"type-product","3":"status-publish","4":"has-post-thumbnail","6":"product_cat-dermocosmetique","7":"product_cat-para-pharmacie","8":"product_cat-soins-du-visage","10":"first","11":"instock","12":"taxable","13":"shipping-taxable","14":"purchasable","15":"product-type-simple"},"acf":[],"_links":{"self":[{"href":"https:\/\/www.pharmacieonline.lu\/de\/wp-json\/wp\/v2\/product\/2290","targetHints":{"allow":["GET"]}}],"collection":[{"href":"https:\/\/www.pharmacieonline.lu\/de\/wp-json\/wp\/v2\/product"}],"about":[{"href":"https:\/\/www.pharmacieonline.lu\/de\/wp-json\/wp\/v2\/types\/product"}],"version-history":[{"count":0,"href":"https:\/\/www.pharmacieonline.lu\/de\/wp-json\/wp\/v2\/product\/2290\/revisions"}],"wp:featuredmedia":[{"embeddable":true,"href":"https:\/\/www.pharmacieonline.lu\/de\/wp-json\/wp\/v2\/media\/2663"}],"wp:attachment":[{"href":"https:\/\/www.pharmacieonline.lu\/de\/wp-json\/wp\/v2\/media?parent=2290"}],"wp:term":[{"taxonomy":"product_brand","embeddable":true,"href":"https:\/\/www.pharmacieonline.lu\/de\/wp-json\/wp\/v2\/product_brand?post=2290"},{"taxonomy":"product_cat","embeddable":true,"href":"https:\/\/www.pharmacieonline.lu\/de\/wp-json\/wp\/v2\/product_cat?post=2290"},{"taxonomy":"product_tag","embeddable":true,"href":"https:\/\/www.pharmacieonline.lu\/de\/wp-json\/wp\/v2\/product_tag?post=2290"}],"curies":[{"name":"wp","href":"https:\/\/api.w.org\/{rel}","templated":true}]}}