{"id":2293,"date":"2020-11-25T17:27:57","date_gmt":"2020-11-25T16:27:57","guid":{"rendered":"https:\/\/www.pharmacieonline.lu\/produit\/dercos-kerasol-masque-200-ml\/"},"modified":"2026-04-22T21:55:37","modified_gmt":"2026-04-22T19:55:37","slug":"dercos-kerasol-masque-200-ml","status":"publish","type":"product","link":"https:\/\/www.pharmacieonline.lu\/de\/produit\/dercos-kerasol-masque-200-ml\/","title":{"rendered":"DERCOS KERASOL MASQUE 200 ML"},"content":{"rendered":"<p>Haarmaske &#8211; Reparaturmaske f\u00fcr strapaziertes Haar Chemische, mechanische und thermische Einfl\u00fcsse wirken sich stark auf die Haarstruktur aus und senken den Keratinspiegel. Das Haar ist dann sehr gesch\u00e4digt: rau, stumpf, zerbrechlich &#8230; Kera-Solutions Mask 2 min. Repairer kombiniert eine mikrof\u00fcllende Formel Pro-Keratin Complex, um das Haar nach Gebrauch zu reparieren und zu st\u00e4rken. In Kombination mit Kera-Solutions Reconstituting Shampoo reduziert es den Haarschaden sofort um 60% *. * Instrumenteller Test auf Oberfl\u00e4chensch\u00e4den nach Verwendung der Shampoo + Masken-Routine<\/p>\n<p>REPARATUREN HAAR NACH GEBRAUCH<br \/>\nN\u00c4HRT DIE HAARFASER<br \/>\nWIEGT KEIN HAAR<br \/>\nBEWEGT HAAR<br \/>\nVerbessert die Weichheit und den Glanz des Haares<br \/>\nKomposition<\/p>\n<p>AQUA \/ WATER &#8211; Cetearylalkohol &#8211; Dicetyldimoniumchlorid &#8211; COCO NUCIFERA OIL \/ Kokos\u00f6l &#8211; Cetrimoniumchloride &#8211; ESSIGS\u00c4URE &#8211; Amodimethicone &#8211; Cetyl ESTER &#8211; Chlorhexidindigluconat &#8211; Dimethicone &#8211; HYDROLYZED CORN PROTEIN &#8211; Hydrolyzed Soy Protein &#8211; Weizenprotein &#8211; ISOPROPYLALKOHOL &#8211; Panthenol &#8211; PEG-100 STEARAT &#8211; PHENOXYETHANOL &#8211; NATRIUMBENZOAT &#8211; STEARETH-6 &#8211; Weins\u00e4ure &#8211; TRIDECETH-10 &#8211; TRIDECETH-3 &#8211; TRISODIUM HEDTA &#8211; PARFUM \/ DUFT<\/p>","protected":false},"excerpt":{"rendered":"<p>Haarmaske &#8211; Reparaturmaske f\u00fcr strapaziertes Haar Chemische, mechanische und thermische Einfl\u00fcsse wirken sich stark auf die Haarstruktur aus und senken den Keratinspiegel. Das Haar ist dann sehr gesch\u00e4digt: rau, stumpf, zerbrechlich &#8230; Kera-Solutions Mask 2 min. Repairer kombiniert eine mikrof\u00fcllende Formel Pro-Keratin Complex, um das Haar nach Gebrauch zu reparieren und zu st\u00e4rken. In Kombination [&hellip;]<\/p>\n","protected":false},"featured_media":2641,"template":"","meta":{"_acf_changed":false,"footnotes":""},"product_brand":[],"product_cat":[47,42,74,53],"product_tag":[],"class_list":{"0":"post-2293","1":"product","2":"type-product","3":"status-publish","4":"has-post-thumbnail","6":"product_cat-dermocosmetique","7":"product_cat-para-pharmacie","8":"product_cat-apres-shampoing-et-soins","9":"product_cat-cheveux","11":"first","12":"instock","13":"taxable","14":"shipping-taxable","15":"purchasable","16":"product-type-simple"},"acf":[],"_links":{"self":[{"href":"https:\/\/www.pharmacieonline.lu\/de\/wp-json\/wp\/v2\/product\/2293","targetHints":{"allow":["GET"]}}],"collection":[{"href":"https:\/\/www.pharmacieonline.lu\/de\/wp-json\/wp\/v2\/product"}],"about":[{"href":"https:\/\/www.pharmacieonline.lu\/de\/wp-json\/wp\/v2\/types\/product"}],"version-history":[{"count":0,"href":"https:\/\/www.pharmacieonline.lu\/de\/wp-json\/wp\/v2\/product\/2293\/revisions"}],"wp:featuredmedia":[{"embeddable":true,"href":"https:\/\/www.pharmacieonline.lu\/de\/wp-json\/wp\/v2\/media\/2641"}],"wp:attachment":[{"href":"https:\/\/www.pharmacieonline.lu\/de\/wp-json\/wp\/v2\/media?parent=2293"}],"wp:term":[{"taxonomy":"product_brand","embeddable":true,"href":"https:\/\/www.pharmacieonline.lu\/de\/wp-json\/wp\/v2\/product_brand?post=2293"},{"taxonomy":"product_cat","embeddable":true,"href":"https:\/\/www.pharmacieonline.lu\/de\/wp-json\/wp\/v2\/product_cat?post=2293"},{"taxonomy":"product_tag","embeddable":true,"href":"https:\/\/www.pharmacieonline.lu\/de\/wp-json\/wp\/v2\/product_tag?post=2293"}],"curies":[{"name":"wp","href":"https:\/\/api.w.org\/{rel}","templated":true}]}}