{"id":22941,"date":"2022-02-10T12:00:49","date_gmt":"2022-02-10T11:00:49","guid":{"rendered":"https:\/\/www.pharmacieonline.lu\/?post_type=product&#038;p=22941"},"modified":"2026-04-10T10:25:23","modified_gmt":"2026-04-10T08:25:23","slug":"detoxssentiel-oh-alcool","status":"publish","type":"product","link":"https:\/\/www.pharmacieonline.lu\/de\/produit\/detoxssentiel-oh-alcool\/","title":{"rendered":"DETOXSSENTIEL OH\/ALCOOL"},"content":{"rendered":"<p>Entgiftung von den sch\u00e4dlichen Wirkungen von Alkohol<\/p>\n<p>Formel entwickelt von Dr. Jacques Bassier*;<br \/>\nErstes Nahrungserg\u00e4nzungsmittel zur gezielten Entgiftung gegen die sch\u00e4dliche Wirkung von Alkohol;<br \/>\nInnovative Kombination aus einem synergistischen Komplex f\u00fcr eine wesentliche globale Wirkung und spezifischen Wirkstoffen zum Schutz des K\u00f6rpers vor sch\u00e4dlichen Substanzen im Zusammenhang mit Alkoholkonsum;<br \/>\nPatentiertes Curcusentiel\u00ae Curcumin mit hoher Bioverf\u00fcgbarkeit: 270-mal besser bioverf\u00fcgbar als ein Standardextrakt;<br \/>\nOptimale Bioverf\u00fcgbarkeit: Suvimine 13\u00ae Mikron\u00e4hrstoffkomplex;<br \/>\nHigh Quality Process\u00ae;<br \/>\nClean-Label THERASCIENCE;<br \/>\nStevia: 100 % nat\u00fcrliches S\u00fc\u00dfungsmittel;<br \/>\n100 % pflanzliche Kapseln;<br \/>\nNat\u00fcrlicher Maracuja-Geschmack.<\/p>\n<p>*Doktor der Medizin, Abschluss an der Fakult\u00e4t von Marseille<\/p>\n<p>Beschreibung<br \/>\nDETOXSSENTIEL ALCOHOL bringt eine Tagesdosis (10 TAGE KUR)<\/p>\n<p>3 braune Kapseln mit:\u2003- 200 mg \u03b1-Lipons\u00e4ure;<br \/>\n&#8211; 80 mg Betain-HCl;<br \/>\n&#8211; 40,5 mg Curcusentiel\u00ae-Komplex, der einen in Gingerole titrierten Ingwerextrakt und ein patentiertes mikroverkapseltes Curcumin kombiniert, das 270-mal bioverf\u00fcgbarer ist als ein Standardextrakt, das zur Erhaltung der Lebergesundheit beitr\u00e4gt, die Ansammlung von Fett verhindert und deren Abbau durch die Leber erleichtert;<br \/>\n&#8211; 300 mg Mausohrextrakt, der die Ausscheidungsfunktionen des K\u00f6rpers erleichtert;<br \/>\n&#8211; 83,3 mg Gr\u00fcntee-Extrakt, titriert mit 31,7 mg Polyphenolen und 20 mg Catechinen, der den K\u00f6rper sch\u00fctzt, indem er dank Antioxidantien seine nat\u00fcrlichen Abwehrkr\u00e4fte gegen die sch\u00e4dlichen Auswirkungen freier Radikale st\u00e4rkt;<br \/>\n&#8211; Suvimine 13\u00ae Mikron\u00e4hrstoffkomplex.<br \/>\n1 wei\u00dfe Kapsel mit 300 mg N-Acetylcystein;<br \/>\n1 Beutel (nat\u00fcrliches Passionsfruchtaroma) mit:\u2003- 3 g L-Arginin;<br \/>\n&#8211; 500 mg L-Carnosin;<br \/>\n&#8211; 450 mg Betain-HCl;<br \/>\n&#8211; 1,3 g Muskatellersalbeipulver, das vor der Einwirkung freier Radikale durch Alkohol sch\u00fctzt;<br \/>\n&#8211; 13,8 mg Chrysantellum-Flavonoide;<br \/>\n&#8211; 140 mg Mariendistel-Silymarin, das zum Entgiftungspotential der Leber und zu deren Schutz beitr\u00e4gt.<\/p>\n<p>Warum DETOXSSENTIEL ALCOHOL von THERASCIENCE Laboratory w\u00e4hlen?<\/p>\n<p>F\u00fcr eine gezielte Entgiftung, die Ihren K\u00f6rper vor den sch\u00e4dlichen Auswirkungen des Alkohols sch\u00fctzt.<\/p>","protected":false},"excerpt":{"rendered":"<p>Entgiftung von den sch\u00e4dlichen Wirkungen von Alkohol Formel entwickelt von Dr. Jacques Bassier*; Erstes Nahrungserg\u00e4nzungsmittel zur gezielten Entgiftung gegen die sch\u00e4dliche Wirkung von Alkohol; Innovative Kombination aus einem synergistischen Komplex f\u00fcr eine wesentliche globale Wirkung und spezifischen Wirkstoffen zum Schutz des K\u00f6rpers vor sch\u00e4dlichen Substanzen im Zusammenhang mit Alkoholkonsum; Patentiertes Curcusentiel\u00ae Curcumin mit hoher Bioverf\u00fcgbarkeit: [&hellip;]<\/p>\n","protected":false},"featured_media":22943,"template":"","meta":{"_acf_changed":false,"footnotes":""},"product_brand":[],"product_cat":[962,42,953,948],"product_tag":[],"class_list":{"0":"post-22941","1":"product","2":"type-product","3":"status-publish","4":"has-post-thumbnail","6":"product_cat-detoxssentiel","7":"product_cat-para-pharmacie","8":"product_cat-complements-alimentaires","9":"product_cat-therascience-physionutrition","11":"first","12":"instock","13":"taxable","14":"shipping-taxable","15":"purchasable","16":"product-type-simple"},"acf":[],"_links":{"self":[{"href":"https:\/\/www.pharmacieonline.lu\/de\/wp-json\/wp\/v2\/product\/22941","targetHints":{"allow":["GET"]}}],"collection":[{"href":"https:\/\/www.pharmacieonline.lu\/de\/wp-json\/wp\/v2\/product"}],"about":[{"href":"https:\/\/www.pharmacieonline.lu\/de\/wp-json\/wp\/v2\/types\/product"}],"version-history":[{"count":0,"href":"https:\/\/www.pharmacieonline.lu\/de\/wp-json\/wp\/v2\/product\/22941\/revisions"}],"wp:featuredmedia":[{"embeddable":true,"href":"https:\/\/www.pharmacieonline.lu\/de\/wp-json\/wp\/v2\/media\/22943"}],"wp:attachment":[{"href":"https:\/\/www.pharmacieonline.lu\/de\/wp-json\/wp\/v2\/media?parent=22941"}],"wp:term":[{"taxonomy":"product_brand","embeddable":true,"href":"https:\/\/www.pharmacieonline.lu\/de\/wp-json\/wp\/v2\/product_brand?post=22941"},{"taxonomy":"product_cat","embeddable":true,"href":"https:\/\/www.pharmacieonline.lu\/de\/wp-json\/wp\/v2\/product_cat?post=22941"},{"taxonomy":"product_tag","embeddable":true,"href":"https:\/\/www.pharmacieonline.lu\/de\/wp-json\/wp\/v2\/product_tag?post=22941"}],"curies":[{"name":"wp","href":"https:\/\/api.w.org\/{rel}","templated":true}]}}