{"id":2295,"date":"2020-11-25T17:27:57","date_gmt":"2020-11-25T16:27:57","guid":{"rendered":"https:\/\/www.pharmacieonline.lu\/produit\/nuxe-nuxuriance-gold-serum-nutri-revital\/"},"modified":"2026-04-05T16:25:18","modified_gmt":"2026-04-05T14:25:18","slug":"nuxe-nuxuriance-gold-serum-nutri-revital","status":"publish","type":"product","link":"https:\/\/www.pharmacieonline.lu\/de\/produit\/nuxe-nuxuriance-gold-serum-nutri-revital\/","title":{"rendered":"NUXE NUXURIANCE GOLD SERUM NUTRI REVITAL"},"content":{"rendered":"<p>Absolutes Anti-Aging-Serum &#8211; Regeneriert, st\u00e4rkt und belebt die Ausstrahlung. Trockene Haut, altersschwach.<\/p>\n<p>Dieses Nutri-Revitalizing Serum mit einem samtigen &#8222;Touch&#8220; kombiniert die Kraft von Bi-Floral\u00ae-Zellen aus Safran und Bougainvillea, Porzellan Rose Ol\u00e9actif\u00ae und einem nat\u00fcrlichen Nutri-Rekonstitutionskomplex f\u00fcr absolute Anti-Aging-Kraft.<\/p>\n<p>Tag f\u00fcr Tag wird die Haut regeneriert: glatter, straffer, weniger fein.<\/p>\n<p>Wie befestigt leuchtet es auf; sch\u00f6ner, voller Leben.<\/p>\n<p>Morgens und \/ oder abends auf perfekt gereinigte Haut, Gesicht, Hals und Dekollet\u00e9 auftragen.<\/p>\n<p>1- Tragen Sie ein paar kleine Ber\u00fchrungen des Serums auf Gesicht, Hals und Dekollet\u00e9 auf.<\/p>\n<p>2- Gl\u00e4tten Sie die Textur vorsichtig von innen nach au\u00dfen.<\/p>\n<p>Hauptwirkstoffe nat\u00fcrlichen Ursprungs: Bi-Florales\u00ae-Zellen von Safran und Bougainvillea, Oleoactif\u00ae von Porzellanrose, Nutri-wiederherstellender nat\u00fcrlicher Komplex (Jiogulan- und Cistus-Bl\u00fcten), Mikrohyalurons\u00e4ure.<\/p>\n<p>ZUTATEN<\/p>\n<p>AQUA \/ WASSER, ALKOHOL DENAT., DIMETHIKON, GLYCERIN, NATRIUMACRYLATEN COPOLYMER, CORYLUS AVELLANA (HAZEL) SAMEN\u00d6L, OCTYLDODECANOL, LECITHIN, PARFUM \/ FRAGRANZ, PHENOXYETYLIOL CROSSPOLYMER, Dimethicone Crosspolymer, Hyalurons\u00e4ure, Bougainvillea GLABRA LEAF Zellextraktes, SODIUM HYDROXIDE, Decyl Glucoside, Glutamin, Phenethylalkohol, Mica, Brassica campestris (491) OUSILEED (SEXOPEED), CUSTOMERIC OUSTRIS, TAPESTRIS, CUSTOMERIC OUSTRIS, CUSTOMO, OUSILEED, 777, OUSILEED 77 incanus BLUMEN \/ Blatt \/ STEM EXTRACT, Citronens\u00e4ure, gynostemma pentaphyllum Blatt- \/ STEM EXTRACT, Etlingera ELATIOR EXTRACT, Simmondsia Chinensis (Jojoba) Samen\u00f6l, Crocus sativus Bl\u00fctenextrakt, eichhornia, BENZOLYLATE CRASSYLATE EXTRACT, eichhornia, BENZOLYLATE CRASSIDHATE EXTRACT, eichhornia, BENZOLYLATE CRASSYLATE EXTRACT, BENZOLYLACE EXTRACT, SALTYLACE, BENZOLYLATE EXTRACT, eichhornia. COUMARIN, GERANIOL <\/p>","protected":false},"excerpt":{"rendered":"<p>Absolutes Anti-Aging-Serum &#8211; Regeneriert, st\u00e4rkt und belebt die Ausstrahlung. Trockene Haut, altersschwach. Dieses Nutri-Revitalizing Serum mit einem samtigen &#8222;Touch&#8220; kombiniert die Kraft von Bi-Floral\u00ae-Zellen aus Safran und Bougainvillea, Porzellan Rose Ol\u00e9actif\u00ae und einem nat\u00fcrlichen Nutri-Rekonstitutionskomplex f\u00fcr absolute Anti-Aging-Kraft. Tag f\u00fcr Tag wird die Haut regeneriert: glatter, straffer, weniger fein. Wie befestigt leuchtet es auf; sch\u00f6ner, [&hellip;]<\/p>\n","protected":false},"featured_media":2673,"template":"","meta":{"_acf_changed":false,"footnotes":""},"product_brand":[],"product_cat":[47,42,54,782],"product_tag":[822],"class_list":{"0":"post-2295","1":"product","2":"type-product","3":"status-publish","4":"has-post-thumbnail","6":"product_cat-dermocosmetique","7":"product_cat-para-pharmacie","8":"product_cat-soins-du-visage","9":"product_cat-vegan","10":"product_tag-nuxe-promo","12":"first","13":"outofstock","14":"taxable","15":"shipping-taxable","16":"purchasable","17":"product-type-simple"},"acf":[],"_links":{"self":[{"href":"https:\/\/www.pharmacieonline.lu\/de\/wp-json\/wp\/v2\/product\/2295","targetHints":{"allow":["GET"]}}],"collection":[{"href":"https:\/\/www.pharmacieonline.lu\/de\/wp-json\/wp\/v2\/product"}],"about":[{"href":"https:\/\/www.pharmacieonline.lu\/de\/wp-json\/wp\/v2\/types\/product"}],"version-history":[{"count":0,"href":"https:\/\/www.pharmacieonline.lu\/de\/wp-json\/wp\/v2\/product\/2295\/revisions"}],"wp:featuredmedia":[{"embeddable":true,"href":"https:\/\/www.pharmacieonline.lu\/de\/wp-json\/wp\/v2\/media\/2673"}],"wp:attachment":[{"href":"https:\/\/www.pharmacieonline.lu\/de\/wp-json\/wp\/v2\/media?parent=2295"}],"wp:term":[{"taxonomy":"product_brand","embeddable":true,"href":"https:\/\/www.pharmacieonline.lu\/de\/wp-json\/wp\/v2\/product_brand?post=2295"},{"taxonomy":"product_cat","embeddable":true,"href":"https:\/\/www.pharmacieonline.lu\/de\/wp-json\/wp\/v2\/product_cat?post=2295"},{"taxonomy":"product_tag","embeddable":true,"href":"https:\/\/www.pharmacieonline.lu\/de\/wp-json\/wp\/v2\/product_tag?post=2295"}],"curies":[{"name":"wp","href":"https:\/\/api.w.org\/{rel}","templated":true}]}}