{"id":2296,"date":"2020-11-25T17:27:57","date_gmt":"2020-11-25T16:27:57","guid":{"rendered":"https:\/\/www.pharmacieonline.lu\/produit\/nuxe-nuxuriance-gold-cr-huile-nutri-fort\/"},"modified":"2026-04-03T04:26:18","modified_gmt":"2026-04-03T02:26:18","slug":"nuxe-nuxuriance-gold-cr-huile-nutri-fort","status":"publish","type":"product","link":"https:\/\/www.pharmacieonline.lu\/de\/produit\/nuxe-nuxuriance-gold-cr-huile-nutri-fort\/","title":{"rendered":"NUXE NUXURIANCE GOLD CR HUILE NUTRI FORT"},"content":{"rendered":"<p>Dieses mit N\u00e4hrstoffen angereicherte Creme\u00f6l kombiniert die Kraft von Safran- und Bougainvillea-Bi-Floral\u00ae-Zellen, Porzellan-Rosen-Ol\u00e9actif\u00ae und einem nat\u00fcrlichen N\u00e4hrstoff-Wiederherstellungskomplex f\u00fcr absolute Anti-Aging-Kraft.<\/p>\n<p>Tag f\u00fcr Tag st\u00e4rkt sich die Haut und wird straffer. Falten werden gegl\u00e4ttet, die Haut intensiv aufgef\u00fcllt.<\/p>\n<p>&nbsp;<\/p>\n<p>Verwendung<\/p>\n<p>Morgens nach dem Nutri-Revitalizing Serum auf Gesicht, Hals und Dekollet\u00e9 auftragen.<\/p>\n<p>1- Nehmen Sie das Creme\u00f6l mit den Fingerspitzen und erw\u00e4rmen Sie die Textur zwischen Ihren H\u00e4nden leicht.<\/p>\n<p>2- Tragen Sie es dann in zarten Gl\u00e4ttungsbewegungen von unten nach oben auf Gesicht, Hals und Dekollet\u00e9 auf.<\/p>\n<p>Komposition<br \/>\nSEINE FORMEL<\/p>\n<p>Hauptwirkstoffe nat\u00fcrlichen Ursprungs: Bi-Florales\u00ae-Zellen aus Safran und Bougainvillea, Oleoactif\u00ae aus Porzellanrose, nat\u00fcrlicher N\u00e4hrstoff-Wiederherstellungskomplex (Jiogulan und Cistus Flowers), Macadamia-\u00d6l.<\/p>\n<p>AQUA \/ WASSER, SQUALAN, GLYCERIN, COCO-CAPRYLAT \/ CAPRAT, BEHENYLALKOHOL, MACADAMIA INTEGRIFOLIA-SAMEN\u00d6L, ARACHIDYLALKOHOL, DIMETHIKON, CETEARYLALKOHOL, HYDROGENAT-COLAT, CAGEARL-ALKOHOL, HYDROGENAT-COLONAT-COLONAT, 303 Alkylacrylat CROSSPOLYMER, Phenoxyethanol, Ethylhexylglycerin, Sodium Stearoyl Glutamate, Dehydroessigs\u00e4ure, Capryloyl Glycine, Natriumgluconat, SODIUM HYDROXIDE, Xanthangum, Citronens\u00e4ure, Hyalurons\u00e4ure, Bougainvillea glabra LEAF Zellextraktes, Decyl glucoside, Glutamin, Phenethylalkohol, Brassica campestris ( Raps) Samen\u00f6l, CI 77491 \/ Eisenoxiden SOLANUM LYCOPERSICUM (Tomate) FRUIT EXTRACT, Cistus Incanus BLUMEN \/ Blatt \/ STEM EXTRACT, gynostemma pentaphyllum Blatt- \/ STEM EXTRACT, Etlingera ELATIOR EXTRACT (Tomate) FRUIT EXTRACT, Cistus Incanus BLUMEN \/ Blatt \/ STEM EXTRACT, gynostemma pentaphyllum Blatt- \/ STEM EXTRACT, Etlingera ELATIOR OTRAJIL EXTRACT, CROUSISMOND EXTRAKT, EICHHORNIA CRASSIPES EXTRAKT, BENZYLALKOHOL, BENZYLSALICYLAT, LINALOOL, COUMARIN, GERANIOL, CITRONELLOL [N4002 \/ A.<\/p>","protected":false},"excerpt":{"rendered":"<p>Dieses mit N\u00e4hrstoffen angereicherte Creme\u00f6l kombiniert die Kraft von Safran- und Bougainvillea-Bi-Floral\u00ae-Zellen, Porzellan-Rosen-Ol\u00e9actif\u00ae und einem nat\u00fcrlichen N\u00e4hrstoff-Wiederherstellungskomplex f\u00fcr absolute Anti-Aging-Kraft. Tag f\u00fcr Tag st\u00e4rkt sich die Haut und wird straffer. Falten werden gegl\u00e4ttet, die Haut intensiv aufgef\u00fcllt. &nbsp; Verwendung Morgens nach dem Nutri-Revitalizing Serum auf Gesicht, Hals und Dekollet\u00e9 auftragen. 1- Nehmen Sie das Creme\u00f6l [&hellip;]<\/p>\n","protected":false},"featured_media":2676,"template":"","meta":{"_acf_changed":false,"footnotes":""},"product_brand":[],"product_cat":[47,42,54,782],"product_tag":[822],"class_list":{"0":"post-2296","1":"product","2":"type-product","3":"status-publish","4":"has-post-thumbnail","6":"product_cat-dermocosmetique","7":"product_cat-para-pharmacie","8":"product_cat-soins-du-visage","9":"product_cat-vegan","10":"product_tag-nuxe-promo","12":"first","13":"outofstock","14":"taxable","15":"shipping-taxable","16":"purchasable","17":"product-type-simple"},"acf":[],"_links":{"self":[{"href":"https:\/\/www.pharmacieonline.lu\/de\/wp-json\/wp\/v2\/product\/2296","targetHints":{"allow":["GET"]}}],"collection":[{"href":"https:\/\/www.pharmacieonline.lu\/de\/wp-json\/wp\/v2\/product"}],"about":[{"href":"https:\/\/www.pharmacieonline.lu\/de\/wp-json\/wp\/v2\/types\/product"}],"version-history":[{"count":0,"href":"https:\/\/www.pharmacieonline.lu\/de\/wp-json\/wp\/v2\/product\/2296\/revisions"}],"wp:featuredmedia":[{"embeddable":true,"href":"https:\/\/www.pharmacieonline.lu\/de\/wp-json\/wp\/v2\/media\/2676"}],"wp:attachment":[{"href":"https:\/\/www.pharmacieonline.lu\/de\/wp-json\/wp\/v2\/media?parent=2296"}],"wp:term":[{"taxonomy":"product_brand","embeddable":true,"href":"https:\/\/www.pharmacieonline.lu\/de\/wp-json\/wp\/v2\/product_brand?post=2296"},{"taxonomy":"product_cat","embeddable":true,"href":"https:\/\/www.pharmacieonline.lu\/de\/wp-json\/wp\/v2\/product_cat?post=2296"},{"taxonomy":"product_tag","embeddable":true,"href":"https:\/\/www.pharmacieonline.lu\/de\/wp-json\/wp\/v2\/product_tag?post=2296"}],"curies":[{"name":"wp","href":"https:\/\/api.w.org\/{rel}","templated":true}]}}