{"id":2297,"date":"2020-11-25T17:27:57","date_gmt":"2020-11-25T16:27:57","guid":{"rendered":"https:\/\/www.pharmacieonline.lu\/produit\/nuxe-nuxuriance-gold-baume-nuit-nutrifor\/"},"modified":"2026-04-05T03:55:44","modified_gmt":"2026-04-05T01:55:44","slug":"nuxe-nuxuriance-gold-baume-nuit-nutrifor","status":"publish","type":"product","link":"https:\/\/www.pharmacieonline.lu\/de\/produit\/nuxe-nuxuriance-gold-baume-nuit-nutrifor\/","title":{"rendered":"NUXE NUXURIANCE GOLD BAUME NUIT NUTRIFOR"},"content":{"rendered":"<p>Dieser n\u00e4hrstoffverst\u00e4rkende Nachtbalsam kombiniert die Kraft von Safran- und Bougainvillea Bi-Floral\u00ae-Zellen, Porzellan Rose Ol\u00e9actif\u00ae und einem nat\u00fcrlichen N\u00e4hrstoff-Wiederherstellungskomplex f\u00fcr absolute Anti-Aging-Kraft. Die mit Sheabutter angereicherte Formel f\u00fcllt die Haut mit N\u00e4hrstoffen und revitalisiert sie \u00fcber Nacht. Wenn Sie aufwachen, verblassen die Anzeichen von M\u00fcdigkeit. Die Haut ist glatt und strahlend. Nacht f\u00fcr Nacht st\u00e4rkt es und wird widerstandsf\u00e4higer. Sie ist sch\u00f6ner, voller Leben.<\/p>\n<p>Verwenden<\/p>\n<p>Abends nach dem Nutri-Revitalizing Serum auf Gesicht, Hals und Dekollet\u00e9 auftragen.<\/p>\n<p>1- Nehmen Sie den Nachtbalsam mit Ihren Fingerspitzen und erw\u00e4rmen Sie die Textur zwischen Ihren H\u00e4nden leicht.<\/p>\n<p>2- Tragen Sie es dann in sanften Gl\u00e4ttungsbewegungen von unten nach oben auf Gesicht, Hals und Dekollet\u00e9 auf.<\/p>\n<p>3- Legen Sie Ihre H\u00e4nde vorsichtig auf Ihr Gesicht, bedecken Sie das Kinn, die Wangen und die Stirn und lassen Sie die Haut einige Momente lang aufsaugen. Wiederholen Sie diese Geste um den Hals und am Ausschnitt.<\/p>\n<p>Komposition<br \/>\nSEINE FORMEL<\/p>\n<p>Hauptwirkstoffe nat\u00fcrlichen Ursprungs: Bi-Florales\u00ae-Zellen aus Safran und Bougainvillea, Oleoactif\u00ae aus Porzellanrose, Komplex zur Wiederherstellung nat\u00fcrlicher N\u00e4hrstoffe (Jiogulan und Cistus Flowers), Sheabutter.<\/p>\n<p>ZUTATEN<\/p>\n<p>AQUA \/ Wasser, Dicaprylylether, Behenylalkohol, Glycerin, Macadamia integrifolia Samen\u00f6l Cetearylalkohol, Dimethicon, BUTYROSPERMUM PARKII (SHEA) BUTTER, Arachidylalkohol, FRAGRAMIA \/ Arachidylalkohol, FRANCOHOLATE \/ LAUROHOLATE \/ Arachidylalkohol, FRAGRUCALATE \/ LACHIDOPRYLATES \/ LAACHYLATES \/ LAACHYLATES \/ LAACHYLATES \/ LAACHALATES \/ ARACHYLATES \/ ARACHYLATES \/ ARQUIDYLATES \/ ARACHYLATES \/ ARACHYLATES \/ ARQUALUCALATES \/ Arachidyl ALCOHOLA C10-30 Alkylacrylat CROSSPOLYMER, Phenoxyethanol, Ethylhexylglycerin, Stearoyl- Natriumglutamat, Dehydroessigs\u00e4ure, capryloylglycine, Natriumgluconat, SODIUM HYDROXIDE, Xanthangum, Citronens\u00e4ure, Hyalurons\u00e4ure, CELL BOUGAINVILLEA GLABRA Blattextraktes, Decyl Glucoside, Glutamin, Phenethylalkohol, Cistus Incanus BLUMEN \/ Blatt \/ STEM EXTRACT, gynostemma pentaphyllum Blatt- \/ STEM EXTRACT, Brassica campestris (Rapssamen) Samen\u00f6l, CI 77491 \/ Eisenoxiden SOLANUM LYCOPERSICUM (Tomate) FRUIT EXTRACT, SEEDORLINGERA ELATI, Kern\u00f6l, CI 77491 \/ EISENOXIDE (Tomate) FRUIT EXTRACT, ETISORLEDSI EXTRACT, OTRISMONDIL EXTRACT, OTRISMONSI, OTRISMONSI, OTRISMONDIL, SIMO-JJOBILA, 491, 491\/491 \/ Tomate) CROCUS SATIVUS BLUMENEXTRAKT, BENZYLALKOHOL, EICHHORNIA CRASSIPES EXTRAKT, BENZYLSALICYLAT, LINALOOL, COUMARIN, GERANIOL, CITRONELLOL [N4003 \/ A].<\/p>","protected":false},"excerpt":{"rendered":"<p>Dieser n\u00e4hrstoffverst\u00e4rkende Nachtbalsam kombiniert die Kraft von Safran- und Bougainvillea Bi-Floral\u00ae-Zellen, Porzellan Rose Ol\u00e9actif\u00ae und einem nat\u00fcrlichen N\u00e4hrstoff-Wiederherstellungskomplex f\u00fcr absolute Anti-Aging-Kraft. Die mit Sheabutter angereicherte Formel f\u00fcllt die Haut mit N\u00e4hrstoffen und revitalisiert sie \u00fcber Nacht. Wenn Sie aufwachen, verblassen die Anzeichen von M\u00fcdigkeit. Die Haut ist glatt und strahlend. Nacht f\u00fcr Nacht st\u00e4rkt es [&hellip;]<\/p>\n","protected":false},"featured_media":2686,"template":"","meta":{"_acf_changed":false,"footnotes":""},"product_brand":[],"product_cat":[47,42,54,782],"product_tag":[822],"class_list":{"0":"post-2297","1":"product","2":"type-product","3":"status-publish","4":"has-post-thumbnail","6":"product_cat-dermocosmetique","7":"product_cat-para-pharmacie","8":"product_cat-soins-du-visage","9":"product_cat-vegan","10":"product_tag-nuxe-promo","12":"first","13":"outofstock","14":"taxable","15":"shipping-taxable","16":"purchasable","17":"product-type-simple"},"acf":[],"_links":{"self":[{"href":"https:\/\/www.pharmacieonline.lu\/de\/wp-json\/wp\/v2\/product\/2297","targetHints":{"allow":["GET"]}}],"collection":[{"href":"https:\/\/www.pharmacieonline.lu\/de\/wp-json\/wp\/v2\/product"}],"about":[{"href":"https:\/\/www.pharmacieonline.lu\/de\/wp-json\/wp\/v2\/types\/product"}],"version-history":[{"count":0,"href":"https:\/\/www.pharmacieonline.lu\/de\/wp-json\/wp\/v2\/product\/2297\/revisions"}],"wp:featuredmedia":[{"embeddable":true,"href":"https:\/\/www.pharmacieonline.lu\/de\/wp-json\/wp\/v2\/media\/2686"}],"wp:attachment":[{"href":"https:\/\/www.pharmacieonline.lu\/de\/wp-json\/wp\/v2\/media?parent=2297"}],"wp:term":[{"taxonomy":"product_brand","embeddable":true,"href":"https:\/\/www.pharmacieonline.lu\/de\/wp-json\/wp\/v2\/product_brand?post=2297"},{"taxonomy":"product_cat","embeddable":true,"href":"https:\/\/www.pharmacieonline.lu\/de\/wp-json\/wp\/v2\/product_cat?post=2297"},{"taxonomy":"product_tag","embeddable":true,"href":"https:\/\/www.pharmacieonline.lu\/de\/wp-json\/wp\/v2\/product_tag?post=2297"}],"curies":[{"name":"wp","href":"https:\/\/api.w.org\/{rel}","templated":true}]}}