{"id":22989,"date":"2022-02-10T16:02:39","date_gmt":"2022-02-10T15:02:39","guid":{"rendered":"https:\/\/www.pharmacieonline.lu\/?post_type=product&#038;p=22989"},"modified":"2026-04-05T18:25:21","modified_gmt":"2026-04-05T16:25:21","slug":"uriage-ds-hair-shamp-antipell-f-200-ml","status":"publish","type":"product","link":"https:\/\/www.pharmacieonline.lu\/de\/produit\/uriage-ds-hair-shamp-antipell-f-200-ml\/","title":{"rendered":"URIAGE DS HAIR SHAMP ANTIPELL F 200 ML"},"content":{"rendered":"<p>Dieses Anti-Schuppen-Behandlungsshampoo beseitigt trockene oder fettige Schuppen. Die Kopfhaut wird gereinigt und Juckreiz gelindert. Seine ultra-sensorische Textur verleiht dem Haar Geschmeidigkeit, Sch\u00f6nheit und Glanz.<\/p>\n<p>Indikation<br \/>\nBERUHIGENDE WIRKUNG<br \/>\nDie patentierte TLR2-Regul-Technologie in Kombination mit Uriage Thermalwasser und Edelwei\u00df wirkt gezielt beruhigend und sch\u00fctzend auf die Kopfhaut.<\/p>\n<p>REINIGENDE WIRKUNG<br \/>\nDie Kombination von Pirocton-Olamin mit Zinklactat hilft bei der Bek\u00e4mpfung und Vorbeugung von \u00fcberm\u00e4\u00dfiger Malassezia, die Schuppen verschlimmert.<\/p>\n<p>Benutzen<br \/>\nEin- bis zweimal w\u00f6chentlich auf das nasse Haar, Stirn und Hals auftragen. Durch sanftes Massieren aufsch\u00e4umen, 2-3 Minuten einwirken lassen und dann gr\u00fcndlich aussp\u00fclen. Verwenden Sie anschlie\u00dfend das DS HAIR GENTLE BALANCING SHAMPOO. Den Kontakt mit den Augen vermeiden.<\/p>\n<p>Komposition<br \/>\nWirkstoffe<br \/>\nPatentierter Komplex: TLR2 Regul<br \/>\nPirocton-Olamin<br \/>\nZinklactat<br \/>\nUriage Thermalwasser<br \/>\nEdelwei\u00df<br \/>\nHohe Toleranz<\/p>\n<p>INCI<br \/>\nAQUA (WASSER, EAU) \u25cf SODIUM LAURETH SULFATE \u25cf SODIUM COCOYLGLUTAMAT \u25cf COCAMIDOPROPYL BETAINE \u25cf DECYLGLUCOSID \u25cf PARFUM (DUFT) \u25cf BUTYLENGLYKOL \u25cf PIROCTONE OLAMIN \u25cf COCO-GLUCOSID \u25cf Glyceryloleat \u25cf ZITRONENS\u00c4URE \u25cf PEG-4 DISTEARYL ETHER \u25cf ZINK LACTATE \u25cf POLYQUATERNIUM-22 \u25cf NATRIUMCHLORID \u25cf POLYACRYLATE CROSSPOLYMER-6 \u25cf GLYCERIN \u25cf DISTEARYLETHER \u25cf LAURETH-2 \u25cf PEG\/PPG-120\/10 TRIMETHYLOLPROPANE TRIOLEATE \u25cf DICAPRYLYLETHER \u25cf KOKOSNUSSS\u00c4URE \u25cf NATRIUMBENZOAT \u25cf HIBISKUS-SABDARIFFA-BL\u00dcTENEXTRAKT \u25cf Phytosphingosin \u25cf t-PH BUTYLALKOHOL \u25cf ALKOHOL \u25cf LEONTOPODIUM ALPINUM BLUMEN-\/BLATTEXTRAKT \u25cf ASIATICOSID \u25cf KALIUMSORBAT<\/p>","protected":false},"excerpt":{"rendered":"<p>Dieses Anti-Schuppen-Behandlungsshampoo beseitigt trockene oder fettige Schuppen. Die Kopfhaut wird gereinigt und Juckreiz gelindert. Seine ultra-sensorische Textur verleiht dem Haar Geschmeidigkeit, Sch\u00f6nheit und Glanz. Indikation BERUHIGENDE WIRKUNG Die patentierte TLR2-Regul-Technologie in Kombination mit Uriage Thermalwasser und Edelwei\u00df wirkt gezielt beruhigend und sch\u00fctzend auf die Kopfhaut. REINIGENDE WIRKUNG Die Kombination von Pirocton-Olamin mit Zinklactat hilft bei [&hellip;]<\/p>\n","protected":false},"featured_media":22991,"template":"","meta":{"_acf_changed":false,"footnotes":""},"product_brand":[],"product_cat":[42,756,72,53],"product_tag":[],"class_list":{"0":"post-22989","1":"product","2":"type-product","3":"status-publish","4":"has-post-thumbnail","6":"product_cat-para-pharmacie","7":"product_cat-shampoing-cheveux","8":"product_cat-anti-pellicules","9":"product_cat-cheveux","11":"first","12":"instock","13":"taxable","14":"shipping-taxable","15":"purchasable","16":"product-type-simple"},"acf":[],"_links":{"self":[{"href":"https:\/\/www.pharmacieonline.lu\/de\/wp-json\/wp\/v2\/product\/22989","targetHints":{"allow":["GET"]}}],"collection":[{"href":"https:\/\/www.pharmacieonline.lu\/de\/wp-json\/wp\/v2\/product"}],"about":[{"href":"https:\/\/www.pharmacieonline.lu\/de\/wp-json\/wp\/v2\/types\/product"}],"version-history":[{"count":0,"href":"https:\/\/www.pharmacieonline.lu\/de\/wp-json\/wp\/v2\/product\/22989\/revisions"}],"wp:featuredmedia":[{"embeddable":true,"href":"https:\/\/www.pharmacieonline.lu\/de\/wp-json\/wp\/v2\/media\/22991"}],"wp:attachment":[{"href":"https:\/\/www.pharmacieonline.lu\/de\/wp-json\/wp\/v2\/media?parent=22989"}],"wp:term":[{"taxonomy":"product_brand","embeddable":true,"href":"https:\/\/www.pharmacieonline.lu\/de\/wp-json\/wp\/v2\/product_brand?post=22989"},{"taxonomy":"product_cat","embeddable":true,"href":"https:\/\/www.pharmacieonline.lu\/de\/wp-json\/wp\/v2\/product_cat?post=22989"},{"taxonomy":"product_tag","embeddable":true,"href":"https:\/\/www.pharmacieonline.lu\/de\/wp-json\/wp\/v2\/product_tag?post=22989"}],"curies":[{"name":"wp","href":"https:\/\/api.w.org\/{rel}","templated":true}]}}