{"id":2303,"date":"2020-11-25T17:27:58","date_gmt":"2020-11-25T16:27:58","guid":{"rendered":"https:\/\/www.pharmacieonline.lu\/produit\/pures-diffusion-spray-amb-provence-90ml\/"},"modified":"2026-04-03T07:55:27","modified_gmt":"2026-04-03T05:55:27","slug":"pures-diffusion-spray-amb-provence-90ml","status":"publish","type":"product","link":"https:\/\/www.pharmacieonline.lu\/de\/produit\/pures-diffusion-spray-amb-provence-90ml\/","title":{"rendered":"PURES DIFFUSION SPRAY AMB PROVENCE 90ML"},"content":{"rendered":"<p>Der Douceur de Provence Home Fragrance mit 3 100% reinen und nat\u00fcrlichen \u00e4therischen \u00d6len ist ideal, um &#8222;gegen verschmutzte Atmosph\u00e4ren zu k\u00e4mpfen&#8220; und schlechte Ger\u00fcche ganz nat\u00fcrlich zu entfernen. Die zarten aromatischen Noten der \u00e4therischen \u00d6le von Lavandin Grosso, Zitrone und Teeb\u00e4ume sind ein wahrer Strau\u00df olfaktorischen Gl\u00fccks, der an sonnige Feiertage in den Feldern der Provence erinnert und an Momente der Weichheit und Gelassenheit erinnert.<\/p>\n<p>99,9% der Inhaltsstoffe sind nat\u00fcrlichen Ursprungs. Raumduft nat\u00fcrlichen Ursprungs, kontrolliert von Ecocert Greenlife &#8211; F32600.<\/p>\n<p>Keine F\u00e4rbung &#8211; Kein synthetischer Duft &#8211; Kein Treibmittel<\/p>\n<p>Spray f\u00fcr den atmosph\u00e4rischen Gebrauch. 2 Sprays pro Tag in der Umgebungsluft.<\/p>\n<p>Produkt aus der Aromatherapie. 99,9% der Inhaltsstoffe sind nat\u00fcrlichen Ursprungs. Raumduft nat\u00fcrlichen Ursprungs, kontrolliert von Ecocert Greenlife &#8211; F32600.<\/p>","protected":false},"excerpt":{"rendered":"<p>Der Douceur de Provence Home Fragrance mit 3 100% reinen und nat\u00fcrlichen \u00e4therischen \u00d6len ist ideal, um &#8222;gegen verschmutzte Atmosph\u00e4ren zu k\u00e4mpfen&#8220; und schlechte Ger\u00fcche ganz nat\u00fcrlich zu entfernen. Die zarten aromatischen Noten der \u00e4therischen \u00d6le von Lavandin Grosso, Zitrone und Teeb\u00e4ume sind ein wahrer Strau\u00df olfaktorischen Gl\u00fccks, der an sonnige Feiertage in den Feldern [&hellip;]<\/p>\n","protected":false},"featured_media":2611,"template":"","meta":{"_acf_changed":false,"footnotes":""},"product_brand":[],"product_cat":[42,79,782],"product_tag":[],"class_list":{"0":"post-2303","1":"product","2":"type-product","3":"status-publish","4":"has-post-thumbnail","6":"product_cat-para-pharmacie","7":"product_cat-aromatherapie","8":"product_cat-vegan","10":"first","11":"outofstock","12":"taxable","13":"shipping-taxable","14":"purchasable","15":"product-type-simple"},"acf":[],"_links":{"self":[{"href":"https:\/\/www.pharmacieonline.lu\/de\/wp-json\/wp\/v2\/product\/2303","targetHints":{"allow":["GET"]}}],"collection":[{"href":"https:\/\/www.pharmacieonline.lu\/de\/wp-json\/wp\/v2\/product"}],"about":[{"href":"https:\/\/www.pharmacieonline.lu\/de\/wp-json\/wp\/v2\/types\/product"}],"version-history":[{"count":0,"href":"https:\/\/www.pharmacieonline.lu\/de\/wp-json\/wp\/v2\/product\/2303\/revisions"}],"wp:featuredmedia":[{"embeddable":true,"href":"https:\/\/www.pharmacieonline.lu\/de\/wp-json\/wp\/v2\/media\/2611"}],"wp:attachment":[{"href":"https:\/\/www.pharmacieonline.lu\/de\/wp-json\/wp\/v2\/media?parent=2303"}],"wp:term":[{"taxonomy":"product_brand","embeddable":true,"href":"https:\/\/www.pharmacieonline.lu\/de\/wp-json\/wp\/v2\/product_brand?post=2303"},{"taxonomy":"product_cat","embeddable":true,"href":"https:\/\/www.pharmacieonline.lu\/de\/wp-json\/wp\/v2\/product_cat?post=2303"},{"taxonomy":"product_tag","embeddable":true,"href":"https:\/\/www.pharmacieonline.lu\/de\/wp-json\/wp\/v2\/product_tag?post=2303"}],"curies":[{"name":"wp","href":"https:\/\/api.w.org\/{rel}","templated":true}]}}