{"id":2305,"date":"2020-11-25T17:27:58","date_gmt":"2020-11-25T16:27:58","guid":{"rendered":"https:\/\/www.pharmacieonline.lu\/produit\/pures-diffusion-spray-amb-vivifiant-90ml\/"},"modified":"2026-04-08T02:25:33","modified_gmt":"2026-04-08T00:25:33","slug":"pures-diffusion-spray-amb-vivifiant-90ml","status":"publish","type":"product","link":"https:\/\/www.pharmacieonline.lu\/de\/produit\/pures-diffusion-spray-amb-vivifiant-90ml\/","title":{"rendered":"PURES DIFFUSION SPRAY AMB VIVIFIANT 90ML"},"content":{"rendered":"<p>Der Vivifying Sweetness Home Fragrance mit 3 100% reinen und nat\u00fcrlichen \u00e4therischen \u00d6len ist ideal, um &#8222;gegen verschmutzte Atmosph\u00e4ren zu k\u00e4mpfen&#8220; und schlechte Ger\u00fcche ganz nat\u00fcrlich zu vertreiben. Die belebenden und w\u00fcrzigen aromatischen Noten von Zitronenschale vermischen sich mit den kraftvollen und energetisierende Frische von Eukalyptus- und Ravintsara-Bl\u00e4ttern: ein wahrer Hauch erfrischender Luft!<\/p>\n<p>99,9% der Inhaltsstoffe sind nat\u00fcrlichen Ursprungs. Raumduft nat\u00fcrlichen Ursprungs, kontrolliert von Ecocert Greenlife &#8211; F32600.<\/p>\n<p>Keine F\u00e4rbung &#8211; Kein synthetischer Duft &#8211; Kein Treibmittel<\/p>\n<p>Verwendung<\/p>\n<p>Wie Puressentiel Vivifiante Gentle Raumduft verwenden? Spray f\u00fcr den atmosph\u00e4rischen Gebrauch. 2 Sprays pro Tag in der Umgebungsluft.<\/p>\n<p>Produkt aus der Aromatherapie. 99,9% der Inhaltsstoffe sind nat\u00fcrlichen Ursprungs. Raumduft nat\u00fcrlichen Ursprungs, kontrolliert von Ecocert Greenlife &#8211; F32600.<\/p>\n<p>Komposition<\/p>\n<p>Ausgestrahlter Eukalyptus-Zitronen-Ravintsara<\/p>","protected":false},"excerpt":{"rendered":"<p>Der Vivifying Sweetness Home Fragrance mit 3 100% reinen und nat\u00fcrlichen \u00e4therischen \u00d6len ist ideal, um &#8222;gegen verschmutzte Atmosph\u00e4ren zu k\u00e4mpfen&#8220; und schlechte Ger\u00fcche ganz nat\u00fcrlich zu vertreiben. Die belebenden und w\u00fcrzigen aromatischen Noten von Zitronenschale vermischen sich mit den kraftvollen und energetisierende Frische von Eukalyptus- und Ravintsara-Bl\u00e4ttern: ein wahrer Hauch erfrischender Luft! 99,9% der [&hellip;]<\/p>\n","protected":false},"featured_media":2617,"template":"","meta":{"_acf_changed":false,"footnotes":""},"product_brand":[],"product_cat":[42,79,782],"product_tag":[],"class_list":{"0":"post-2305","1":"product","2":"type-product","3":"status-publish","4":"has-post-thumbnail","6":"product_cat-para-pharmacie","7":"product_cat-aromatherapie","8":"product_cat-vegan","10":"first","11":"outofstock","12":"taxable","13":"shipping-taxable","14":"purchasable","15":"product-type-simple"},"acf":[],"_links":{"self":[{"href":"https:\/\/www.pharmacieonline.lu\/de\/wp-json\/wp\/v2\/product\/2305","targetHints":{"allow":["GET"]}}],"collection":[{"href":"https:\/\/www.pharmacieonline.lu\/de\/wp-json\/wp\/v2\/product"}],"about":[{"href":"https:\/\/www.pharmacieonline.lu\/de\/wp-json\/wp\/v2\/types\/product"}],"version-history":[{"count":0,"href":"https:\/\/www.pharmacieonline.lu\/de\/wp-json\/wp\/v2\/product\/2305\/revisions"}],"wp:featuredmedia":[{"embeddable":true,"href":"https:\/\/www.pharmacieonline.lu\/de\/wp-json\/wp\/v2\/media\/2617"}],"wp:attachment":[{"href":"https:\/\/www.pharmacieonline.lu\/de\/wp-json\/wp\/v2\/media?parent=2305"}],"wp:term":[{"taxonomy":"product_brand","embeddable":true,"href":"https:\/\/www.pharmacieonline.lu\/de\/wp-json\/wp\/v2\/product_brand?post=2305"},{"taxonomy":"product_cat","embeddable":true,"href":"https:\/\/www.pharmacieonline.lu\/de\/wp-json\/wp\/v2\/product_cat?post=2305"},{"taxonomy":"product_tag","embeddable":true,"href":"https:\/\/www.pharmacieonline.lu\/de\/wp-json\/wp\/v2\/product_tag?post=2305"}],"curies":[{"name":"wp","href":"https:\/\/api.w.org\/{rel}","templated":true}]}}