{"id":23050,"date":"2022-02-10T17:05:12","date_gmt":"2022-02-10T16:05:12","guid":{"rendered":"https:\/\/www.pharmacieonline.lu\/?post_type=product&#038;p=23050"},"modified":"2026-04-16T03:55:39","modified_gmt":"2026-04-16T01:55:39","slug":"physiomer-kids-spray-135-ml","status":"publish","type":"product","link":"https:\/\/www.pharmacieonline.lu\/de\/produit\/physiomer-kids-spray-135-ml\/","title":{"rendered":"PHYSIOMER KIDS SPRAY 135 ML"},"content":{"rendered":"<p>PHYSIOMER\u00ae Kids, das nat\u00fcrliche Nasenspray f\u00fcr Ihr Kind, hilft Ihrem Kind bei verstopfter Nase wieder durch die Nase zu atmen. Verhindert, dass aus einer Erk\u00e4ltung eine Ohrenentz\u00fcndung wird. PHYSIOMER\u00ae Kids Nasenspray ist eine Nasensp\u00fclung, die die Nasenh\u00f6hle reinigt und mit Feuchtigkeit versorgt, w\u00e4hrend \u00fcbersch\u00fcssiger Schleim entfernt wird. PHYSIOMER\u00ae Kids Nasenspray kann f\u00fcr Kinder ab 2 Jahren zur t\u00e4glichen Nasenreinigung verwendet werden und sch\u00fctzt Kinder bei regelm\u00e4\u00dfiger Anwendung vor Erk\u00e4ltungen. PHYSIOMER\u00ae, die nat\u00fcrliche und wirksame L\u00f6sung f\u00fcr eine bessere Atmung.<\/p>\n<p>Dank eines speziellen Herstellungsverfahrens beh\u00e4lt PHYSIOMER\u00ae den Reichtum an Mineralien und Spurenelementen des Meerwassers von der K\u00fcste von Saint-Malo, mehr als eine einfache Salzl\u00f6sung.<br \/>\nBehandlung der ersten Wahl.<br \/>\nIsotonische Formel.<br \/>\nIndikation<br \/>\nBeseitigt \u00fcbersch\u00fcssigen Schleim aufgrund von Erk\u00e4ltungen<br \/>\nReinigt und befeuchtet die Naseng\u00e4nge<br \/>\nVerhindert bei regelm\u00e4\u00dfiger Anwendung das Wiederauftreten von Erk\u00e4ltungen und das Risiko von Sekund\u00e4rinfektionen und Otitis<br \/>\nBenutzen<\/p>\n<p>Vorbeugende Anwendung bei Kindern: 1-2 mal t\u00e4glich in jedes Nasenloch spr\u00fchen.<\/p>\n<p>Schnupfen oder verstopfte Nase bei Kindern: 4-6 mal t\u00e4glich in jedes Nasenloch spr\u00fchen.<\/p>\n<p>F\u00fcr die Anwendung bei Kindern wird die Beaufsichtigung durch Erwachsene empfohlen.<\/p>\n<p>Vor der Anwendung muss \u00fcberpr\u00fcft werden, ob das Spray gut wirkt.<\/p>\n<p>1. Neigen Sie Ihren Kopf zur Seite und setzen Sie die Spr\u00fchspitze in das obere Nasenloch und \u00fcben Sie 1-2 Sekunden lang festen Druck aus. Lassen Sie die L\u00f6sung einige Sekunden einwirken.<\/p>\n<p>2. Neigen Sie den Kopf auf die andere Seite und wiederholen Sie die Operation im anderen Nasenloch.<\/p>\n<p>3. Putzen Sie sich die Nase.<\/p>\n<p>Sp\u00fclen Sie die Spitze nach jedem Gebrauch unter hei\u00dfem Wasser ab und trocknen Sie sie anschlie\u00dfend gut ab.<\/p>\n<p>Wenn die Symptome der Nasenkugel bei Erwachsenen und Kindern l\u00e4nger als 10 Tage anhalten, wenden Sie sich an Ihren Arzt. Bei Nasenreizungen kann es w\u00e4hrend der Anwendung zu vor\u00fcbergehendem Kribbeln kommen.<\/p>\n<p>Au\u00dferhalb der Reichweite oder Sichtweite von Kindern aufbewahren.<\/p>\n<p>Lesen Sie die Anweisungen vor Gebrauch sorgf\u00e4ltig durch.<\/p>\n<p>Sicher und einfach zu bedienen: Einzigartiges Spr\u00fchsystem ohne Treibgas, weiche Flasche (kann fallen) und steril (Einwegventil).<\/p>\n<p>Komposition<br \/>\n100 % nat\u00fcrliche, unverd\u00fcnnte und isotonische Meerwasserl\u00f6sung (entspricht 0,9 g\/l in NaCl)<br \/>\nDer pH-Wert ist an die Physiologie der Nasenh\u00f6hlen angepasst<br \/>\nSteril und ohne Konservierungsstoffe<br \/>\nOhne Treibgas<\/p>","protected":false},"excerpt":{"rendered":"<p>PHYSIOMER\u00ae Kids, das nat\u00fcrliche Nasenspray f\u00fcr Ihr Kind, hilft Ihrem Kind bei verstopfter Nase wieder durch die Nase zu atmen. Verhindert, dass aus einer Erk\u00e4ltung eine Ohrenentz\u00fcndung wird. PHYSIOMER\u00ae Kids Nasenspray ist eine Nasensp\u00fclung, die die Nasenh\u00f6hle reinigt und mit Feuchtigkeit versorgt, w\u00e4hrend \u00fcbersch\u00fcssiger Schleim entfernt wird. PHYSIOMER\u00ae Kids Nasenspray kann f\u00fcr Kinder ab 2 [&hellip;]<\/p>\n","protected":false},"featured_media":23052,"template":"","meta":{"_acf_changed":false,"footnotes":""},"product_brand":[],"product_cat":[787,43,85],"product_tag":[],"class_list":{"0":"post-23050","1":"product","2":"type-product","3":"status-publish","4":"has-post-thumbnail","6":"product_cat-sprays-rhume","7":"product_cat-medicaments-en-vente-libre","8":"product_cat-rhume","10":"first","11":"instock","12":"taxable","13":"shipping-taxable","14":"purchasable","15":"product-type-simple"},"acf":[],"_links":{"self":[{"href":"https:\/\/www.pharmacieonline.lu\/de\/wp-json\/wp\/v2\/product\/23050","targetHints":{"allow":["GET"]}}],"collection":[{"href":"https:\/\/www.pharmacieonline.lu\/de\/wp-json\/wp\/v2\/product"}],"about":[{"href":"https:\/\/www.pharmacieonline.lu\/de\/wp-json\/wp\/v2\/types\/product"}],"version-history":[{"count":0,"href":"https:\/\/www.pharmacieonline.lu\/de\/wp-json\/wp\/v2\/product\/23050\/revisions"}],"wp:featuredmedia":[{"embeddable":true,"href":"https:\/\/www.pharmacieonline.lu\/de\/wp-json\/wp\/v2\/media\/23052"}],"wp:attachment":[{"href":"https:\/\/www.pharmacieonline.lu\/de\/wp-json\/wp\/v2\/media?parent=23050"}],"wp:term":[{"taxonomy":"product_brand","embeddable":true,"href":"https:\/\/www.pharmacieonline.lu\/de\/wp-json\/wp\/v2\/product_brand?post=23050"},{"taxonomy":"product_cat","embeddable":true,"href":"https:\/\/www.pharmacieonline.lu\/de\/wp-json\/wp\/v2\/product_cat?post=23050"},{"taxonomy":"product_tag","embeddable":true,"href":"https:\/\/www.pharmacieonline.lu\/de\/wp-json\/wp\/v2\/product_tag?post=23050"}],"curies":[{"name":"wp","href":"https:\/\/api.w.org\/{rel}","templated":true}]}}