{"id":23133,"date":"2022-02-14T15:38:24","date_gmt":"2022-02-14T14:38:24","guid":{"rendered":"https:\/\/www.pharmacieonline.lu\/?post_type=product&#038;p=23133"},"modified":"2026-04-09T22:25:41","modified_gmt":"2026-04-09T20:25:41","slug":"physiomance-flexifluid-500-ml","status":"publish","type":"product","link":"https:\/\/www.pharmacieonline.lu\/de\/produit\/physiomance-flexifluid-500-ml\/","title":{"rendered":"PHYSIOMANCE FLEXIFLUID 500 ML"},"content":{"rendered":"<p>Die 4-in-1-Formel zur umfassenden Pflege Ihrer Gelenke: Beweglichkeit \u2013 Flie\u00dff\u00e4higkeit \u2013 Schutz \u2013 Festigkeit<\/p>\n<p>Vollst\u00e4ndige Formel mit 1 g Glucosaminsulfat, 900 mg nat\u00fcrlichem Chondroitin, 1,5 g MSM*, 30 mg organischem Silizium (aus Schachtelhalm) und einem Mikron\u00e4hrstoffkomplex;<br \/>\nKupfer tr\u00e4gt zur Erhaltung eines normalen Bindegewebes bei;<br \/>\nVitamin C tr\u00e4gt zu einer normalen Kollagenbildung bei, um eine normale Funktion von Knochen und Knorpel zu gew\u00e4hrleisten;<br \/>\nNat\u00fcrliches Vitamin D3 tr\u00e4gt zur Erhaltung normaler Knochen und eines normalen Calciumspiegels bei;<br \/>\nOptimale Bioverf\u00fcgbarkeit: Silizium in organischer Form;<br \/>\nNat\u00fcrliches MSM*, nat\u00fcrliche Quelle f\u00fcr organischen Schwefel;<br \/>\nRegistrierter Mikron\u00e4hrstoffkomplex Chondromine\u00ae5, der 2 Vitamine (C und D3 nat\u00fcrlich) und 3 Spurenelemente (Kupfer, Zink und Mangan) kombiniert, die aufgrund ihrer Vorteile f\u00fcr die Gelenke ausgew\u00e4hlt wurden und die Homogenit\u00e4t und die richtige Dosierung dieser N\u00e4hrstoffe garantieren;<br \/>\nHigh Quality Process\u00ae;<br \/>\nNat\u00fcrlicher Zitronengeschmack.<\/p>","protected":false},"excerpt":{"rendered":"<p>Die 4-in-1-Formel zur umfassenden Pflege Ihrer Gelenke: Beweglichkeit \u2013 Flie\u00dff\u00e4higkeit \u2013 Schutz \u2013 Festigkeit Vollst\u00e4ndige Formel mit 1 g Glucosaminsulfat, 900 mg nat\u00fcrlichem Chondroitin, 1,5 g MSM*, 30 mg organischem Silizium (aus Schachtelhalm) und einem Mikron\u00e4hrstoffkomplex; Kupfer tr\u00e4gt zur Erhaltung eines normalen Bindegewebes bei; Vitamin C tr\u00e4gt zu einer normalen Kollagenbildung bei, um eine normale [&hellip;]<\/p>\n","protected":false},"featured_media":23134,"template":"","meta":{"_acf_changed":false,"footnotes":""},"product_brand":[],"product_cat":[42,951,953,948],"product_tag":[],"class_list":{"0":"post-23133","1":"product","2":"type-product","3":"status-publish","4":"has-post-thumbnail","6":"product_cat-para-pharmacie","7":"product_cat-physiomance","8":"product_cat-complements-alimentaires","9":"product_cat-therascience-physionutrition","11":"first","12":"outofstock","13":"taxable","14":"shipping-taxable","15":"purchasable","16":"product-type-simple"},"acf":[],"_links":{"self":[{"href":"https:\/\/www.pharmacieonline.lu\/de\/wp-json\/wp\/v2\/product\/23133","targetHints":{"allow":["GET"]}}],"collection":[{"href":"https:\/\/www.pharmacieonline.lu\/de\/wp-json\/wp\/v2\/product"}],"about":[{"href":"https:\/\/www.pharmacieonline.lu\/de\/wp-json\/wp\/v2\/types\/product"}],"version-history":[{"count":0,"href":"https:\/\/www.pharmacieonline.lu\/de\/wp-json\/wp\/v2\/product\/23133\/revisions"}],"wp:featuredmedia":[{"embeddable":true,"href":"https:\/\/www.pharmacieonline.lu\/de\/wp-json\/wp\/v2\/media\/23134"}],"wp:attachment":[{"href":"https:\/\/www.pharmacieonline.lu\/de\/wp-json\/wp\/v2\/media?parent=23133"}],"wp:term":[{"taxonomy":"product_brand","embeddable":true,"href":"https:\/\/www.pharmacieonline.lu\/de\/wp-json\/wp\/v2\/product_brand?post=23133"},{"taxonomy":"product_cat","embeddable":true,"href":"https:\/\/www.pharmacieonline.lu\/de\/wp-json\/wp\/v2\/product_cat?post=23133"},{"taxonomy":"product_tag","embeddable":true,"href":"https:\/\/www.pharmacieonline.lu\/de\/wp-json\/wp\/v2\/product_tag?post=23133"}],"curies":[{"name":"wp","href":"https:\/\/api.w.org\/{rel}","templated":true}]}}