{"id":23136,"date":"2022-02-14T15:41:50","date_gmt":"2022-02-14T14:41:50","guid":{"rendered":"https:\/\/www.pharmacieonline.lu\/?post_type=product&#038;p=23136"},"modified":"2026-04-10T00:25:19","modified_gmt":"2026-04-09T22:25:19","slug":"physiomance-hepatoboost-fl-500-ml","status":"publish","type":"product","link":"https:\/\/www.pharmacieonline.lu\/de\/produit\/physiomance-hepatoboost-fl-500-ml\/","title":{"rendered":"PHYSIOMANCE HEPATOBOOST FL 500 ML"},"content":{"rendered":"<p>10 nat\u00fcrliche Pflanzen, um Ihren K\u00f6rper zu entw\u00e4ssern und zu reinigen<\/p>\n<p>5 zus\u00e4tzliche Aktionen:\u2003- Einfachere Beseitigung;<br \/>\n&#8211; hepatobili\u00e4re Drainage;<br \/>\n&#8211; Entgiftung;<br \/>\n&#8211; Schutz der Leber;<br \/>\n&#8211; Verdauungskomfort.<br \/>\n100 % pflanzliche Formel;<br \/>\nHigh Quality Process\u00ae.<br \/>\nBeschreibung<\/p>\n<p>PHYSIOMANCE HEPATOBOOST bringt einen synergistischen Cocktail aus 10 Pflanzen (Engelwurz, Desmodium, Artischocke, Schwarzer Rettich, Mariendistel, Tamarinde, Rosmarin, Boldo, L\u00f6wenzahn und Wegwarte) in einer Tagesdosis von 20 ml.<\/p>\n<p>Rosmarin, L\u00f6wenzahn und Boldo tragen zu einer effektiven hepatobili\u00e4ren Drainage bei;<br \/>\nChicor\u00e9e und L\u00f6wenzahn verst\u00e4rken die Entgiftungsarbeit und sorgen f\u00fcr eine gute Harnausscheidung;<br \/>\nChicor\u00e9e hat auch eine sch\u00fctzende Wirkung auf die Leber;<br \/>\nBoldo verst\u00e4rkt das Wohlbefinden, indem es zum Verdauungskomfort beitr\u00e4gt.<\/p>\n<p>Warum PHYSIOMANCE HEPATOBOOST von THERASCIENCE Laboratory w\u00e4hlen?<\/p>\n<p>Um Ihren K\u00f6rper zu entw\u00e4ssern, zu eliminieren, zu reinigen und zu entgiften, dank eines 100 % nat\u00fcrlichen Cocktails aus 10 Pflanzen mit gezielten, synergistischen und komplement\u00e4ren Wirkungen.<\/p>\n<p>Nutzungstipps<\/p>\n<p>Verd\u00fcnnen Sie 10 ml in einem gro\u00dfen Glas Wasser, um zweimal t\u00e4glich zu erneuern. Mindestens 25 Tage lang zwischen den Mahlzeiten einnehmen. Bei Bedarf zu erneuern.<\/p>\n<p>Vorsichtsma\u00dfnahmen f\u00fcr die Verwendung:<\/p>\n<p>F\u00fcr Schwangere nicht empfohlen. \u00dcberwachung notwendig bei Personen mit Hypothyreose oder unter Schilddr\u00fcsenbehandlung.<\/p>\n<p>Nahrungserg\u00e4nzungsmittel sollten im Rahmen einer gesunden Lebensweise verwendet werden und nicht als Ersatz f\u00fcr eine abwechslungsreiche und ausgewogene Ern\u00e4hrung verwendet werden. \u00dcberschreiten Sie nicht die empfohlene Tagesdosis. Bewahren Sie das Produkt au\u00dferhalb der Reichweite von kleinen Kindern auf. Bei Kombination mehrerer Nahrungserg\u00e4nzungsmittel fragen Sie Ihren Arzt um Rat.<\/p>","protected":false},"excerpt":{"rendered":"<p>10 nat\u00fcrliche Pflanzen, um Ihren K\u00f6rper zu entw\u00e4ssern und zu reinigen 5 zus\u00e4tzliche Aktionen:\u2003- Einfachere Beseitigung; &#8211; hepatobili\u00e4re Drainage; &#8211; Entgiftung; &#8211; Schutz der Leber; &#8211; Verdauungskomfort. 100 % pflanzliche Formel; High Quality Process\u00ae. Beschreibung PHYSIOMANCE HEPATOBOOST bringt einen synergistischen Cocktail aus 10 Pflanzen (Engelwurz, Desmodium, Artischocke, Schwarzer Rettich, Mariendistel, Tamarinde, Rosmarin, Boldo, L\u00f6wenzahn und [&hellip;]<\/p>\n","protected":false},"featured_media":23137,"template":"","meta":{"_acf_changed":false,"footnotes":""},"product_brand":[],"product_cat":[42,951,953,948],"product_tag":[],"class_list":{"0":"post-23136","1":"product","2":"type-product","3":"status-publish","4":"has-post-thumbnail","6":"product_cat-para-pharmacie","7":"product_cat-physiomance","8":"product_cat-complements-alimentaires","9":"product_cat-therascience-physionutrition","11":"first","12":"instock","13":"taxable","14":"shipping-taxable","15":"purchasable","16":"product-type-simple"},"acf":[],"_links":{"self":[{"href":"https:\/\/www.pharmacieonline.lu\/de\/wp-json\/wp\/v2\/product\/23136","targetHints":{"allow":["GET"]}}],"collection":[{"href":"https:\/\/www.pharmacieonline.lu\/de\/wp-json\/wp\/v2\/product"}],"about":[{"href":"https:\/\/www.pharmacieonline.lu\/de\/wp-json\/wp\/v2\/types\/product"}],"version-history":[{"count":0,"href":"https:\/\/www.pharmacieonline.lu\/de\/wp-json\/wp\/v2\/product\/23136\/revisions"}],"wp:featuredmedia":[{"embeddable":true,"href":"https:\/\/www.pharmacieonline.lu\/de\/wp-json\/wp\/v2\/media\/23137"}],"wp:attachment":[{"href":"https:\/\/www.pharmacieonline.lu\/de\/wp-json\/wp\/v2\/media?parent=23136"}],"wp:term":[{"taxonomy":"product_brand","embeddable":true,"href":"https:\/\/www.pharmacieonline.lu\/de\/wp-json\/wp\/v2\/product_brand?post=23136"},{"taxonomy":"product_cat","embeddable":true,"href":"https:\/\/www.pharmacieonline.lu\/de\/wp-json\/wp\/v2\/product_cat?post=23136"},{"taxonomy":"product_tag","embeddable":true,"href":"https:\/\/www.pharmacieonline.lu\/de\/wp-json\/wp\/v2\/product_tag?post=23136"}],"curies":[{"name":"wp","href":"https:\/\/api.w.org\/{rel}","templated":true}]}}