{"id":23148,"date":"2022-02-14T15:55:22","date_gmt":"2022-02-14T14:55:22","guid":{"rendered":"https:\/\/www.pharmacieonline.lu\/?post_type=product&#038;p=23148"},"modified":"2026-04-09T20:25:20","modified_gmt":"2026-04-09T18:25:20","slug":"eucerin-hyal-fill-3d-serum-30-ml","status":"publish","type":"product","link":"https:\/\/www.pharmacieonline.lu\/de\/produit\/eucerin-hyal-fill-3d-serum-30-ml\/","title":{"rendered":"EUCERIN HYAL FILL 3D SERUM 30 ML"},"content":{"rendered":"<p>Anti-Aging-Serum f\u00fcr reife Haut<br \/>\nF\u00fcllt tiefe Falten auf<br \/>\nVerbessert Elastizit\u00e4t und Glanz<\/p>\n<p>&nbsp;<\/p>\n<p>Reduziert Altersflecken in 2 Wochen<\/p>\n<p>Ein Anti-Aging-Serum f\u00fcr reife Haut, das Altersflecken reduziert und deren Wiederauftreten verhindert, tiefe Falten auff\u00fcllt und die Hautelastizit\u00e4t verbessert.<\/p>\n<p>Ein tiefenwirksames Anti-Falten-Serum zur Reduzierung von Altersflecken<\/p>\n<p>Das von der Hautpflege inspirierte Eucerin Hyaluron-Filler + Elasticity 3D Serum ist ein leichtes, feuchtigkeitsspendendes Anti-Aging-Serum, das bei 3 Aspekten der Hautalterung wirksam ist:<\/p>\n<p>Altersflecken: Die Formel enth\u00e4lt Thiamidol. Thiamidol ist einzigartig bei Eucerin und wirkt an der Wurzel der Hyperpigmentierung. Es ist klinisch erwiesen, dass es Altersflecken reduziert und bei regelm\u00e4\u00dfiger Anwendung deren Wiederauftreten verhindert.<br \/>\n*Patentiertes Thiamidol (EP 2 758 381 B1) Frankreich, Belgien, Niederlande.<\/p>\n<p>Falten: Wenn unsere Haut altert, vertiefen sich Falten. Unsere innovative Hyalurons\u00e4ure-Formel mit hohem und niedrigem Molekulargewicht f\u00fcllt tiefe Falten sichtbar auf. Hochmolekulare Hyalurons\u00e4ure gl\u00e4ttet die \u00e4u\u00dferen Hautschichten, w\u00e4hrend niedermolekulare Hyalurons\u00e4ure (die 40-mal kleiner ist1) tiefer in die Schichten der Epidermis eindringt, wo tiefere Falten ihren Ursprung finden.<\/p>\n<p>Elastizit\u00e4tsverlust: Der Wirkstoff Arctiine hat eine Beschleunigung des Hautzellumsatzes gezeigt. Es wirkt in unserer Formel zusammen mit Hyalurons\u00e4ure, um die Hautelastizit\u00e4t zu verbessern.<\/p>\n<p>Eucerin Hyaluron-Filler + Elasticity 3D Serum wurde klinisch und dermatologisch untersucht, um Altersflecken zu reduzieren, tiefe Falten sichtbar aufzuf\u00fcllen, die Elastizit\u00e4t zu verbessern und der Haut ein jugendlicheres und strahlenderes Aussehen und Gef\u00fchl zu verleihen.<\/p>","protected":false},"excerpt":{"rendered":"<p>Anti-Aging-Serum f\u00fcr reife Haut F\u00fcllt tiefe Falten auf Verbessert Elastizit\u00e4t und Glanz &nbsp; Reduziert Altersflecken in 2 Wochen Ein Anti-Aging-Serum f\u00fcr reife Haut, das Altersflecken reduziert und deren Wiederauftreten verhindert, tiefe Falten auff\u00fcllt und die Hautelastizit\u00e4t verbessert. Ein tiefenwirksames Anti-Falten-Serum zur Reduzierung von Altersflecken Das von der Hautpflege inspirierte Eucerin Hyaluron-Filler + Elasticity 3D Serum [&hellip;]<\/p>\n","protected":false},"featured_media":23150,"template":"","meta":{"_acf_changed":false,"footnotes":""},"product_brand":[],"product_cat":[47,42,54],"product_tag":[],"class_list":{"0":"post-23148","1":"product","2":"type-product","3":"status-publish","4":"has-post-thumbnail","6":"product_cat-dermocosmetique","7":"product_cat-para-pharmacie","8":"product_cat-soins-du-visage","10":"first","11":"instock","12":"taxable","13":"shipping-taxable","14":"purchasable","15":"product-type-simple"},"acf":[],"_links":{"self":[{"href":"https:\/\/www.pharmacieonline.lu\/de\/wp-json\/wp\/v2\/product\/23148","targetHints":{"allow":["GET"]}}],"collection":[{"href":"https:\/\/www.pharmacieonline.lu\/de\/wp-json\/wp\/v2\/product"}],"about":[{"href":"https:\/\/www.pharmacieonline.lu\/de\/wp-json\/wp\/v2\/types\/product"}],"version-history":[{"count":0,"href":"https:\/\/www.pharmacieonline.lu\/de\/wp-json\/wp\/v2\/product\/23148\/revisions"}],"wp:featuredmedia":[{"embeddable":true,"href":"https:\/\/www.pharmacieonline.lu\/de\/wp-json\/wp\/v2\/media\/23150"}],"wp:attachment":[{"href":"https:\/\/www.pharmacieonline.lu\/de\/wp-json\/wp\/v2\/media?parent=23148"}],"wp:term":[{"taxonomy":"product_brand","embeddable":true,"href":"https:\/\/www.pharmacieonline.lu\/de\/wp-json\/wp\/v2\/product_brand?post=23148"},{"taxonomy":"product_cat","embeddable":true,"href":"https:\/\/www.pharmacieonline.lu\/de\/wp-json\/wp\/v2\/product_cat?post=23148"},{"taxonomy":"product_tag","embeddable":true,"href":"https:\/\/www.pharmacieonline.lu\/de\/wp-json\/wp\/v2\/product_tag?post=23148"}],"curies":[{"name":"wp","href":"https:\/\/api.w.org\/{rel}","templated":true}]}}