{"id":2323,"date":"2020-11-25T17:27:58","date_gmt":"2020-11-25T16:27:58","guid":{"rendered":"https:\/\/www.pharmacieonline.lu\/produit\/avene-a-oxitive-serum-30-ml\/"},"modified":"2026-04-02T21:55:32","modified_gmt":"2026-04-02T19:55:32","slug":"avene-a-oxitive-serum-30-ml","status":"publish","type":"product","link":"https:\/\/www.pharmacieonline.lu\/de\/produit\/avene-a-oxitive-serum-30-ml\/","title":{"rendered":"AVENE A OXITIVE SERUM 30 ML"},"content":{"rendered":"<p>Dieses Antioxidant Defense Serum ist fl\u00fcssig, leicht und leicht duftend und hat ein nicht fettendes Finish. Es hilft der Haut, sich vor den sch\u00e4dlichen Auswirkungen von oxidativem Stress zu sch\u00fctzen.<\/p>\n<p>Komposition<\/p>\n<p>Avene Thermalwasser (AVENE AQUA), Glycerin, Isododecan, Pentylenglycol, Wasser (Aqua), Dimethicon, Ascorbylglucosid, Polymethyl-methacrylat, Capryl \/ Caprin-Triglycerid, CELOSHYLIC \/ Caprin-Triglycerid, CTEM2-2012 GLOSHYLIC \/ Caprin-Triglycerid, CTEM2-2012 GLOSHYLENE GLOSHYCERIDE, CTEM2-2012-2012, GLOSCOPHERY, C12-2012, GLOSCOPHERY, C12-2012, COSELIC, GLOSHYL GLUCOSIDE , Cetrimoniumbromid, Zitronens\u00e4ure, EDTA, DUFT (Parf\u00fcm), Hydroxyethylacrylat \/ Natriumacryloyldimethyltaurat Acryloyldimethyl Tauratcopolymers, Polysorbat 60, Natriumbenzoat, Natriumzitrat wird SODIUM ISODIUM HYODALURONDATE konsequent f\u00fcr Verbraucher SODIUM SODIUM Natriumzitrat empfohlen, SODXYETHYL AKRYLAT \/ SODON die Zusammensetzung des Produkts vor dem Kauf.<\/p>","protected":false},"excerpt":{"rendered":"<p>Dieses Antioxidant Defense Serum ist fl\u00fcssig, leicht und leicht duftend und hat ein nicht fettendes Finish. Es hilft der Haut, sich vor den sch\u00e4dlichen Auswirkungen von oxidativem Stress zu sch\u00fctzen. Komposition Avene Thermalwasser (AVENE AQUA), Glycerin, Isododecan, Pentylenglycol, Wasser (Aqua), Dimethicon, Ascorbylglucosid, Polymethyl-methacrylat, Capryl \/ Caprin-Triglycerid, CELOSHYLIC \/ Caprin-Triglycerid, CTEM2-2012 GLOSHYLIC \/ Caprin-Triglycerid, CTEM2-2012 GLOSHYLENE [&hellip;]<\/p>\n","protected":false},"featured_media":2587,"template":"","meta":{"_acf_changed":false,"footnotes":""},"product_brand":[],"product_cat":[47,42,54],"product_tag":[],"class_list":{"0":"post-2323","1":"product","2":"type-product","3":"status-publish","4":"has-post-thumbnail","6":"product_cat-dermocosmetique","7":"product_cat-para-pharmacie","8":"product_cat-soins-du-visage","10":"first","11":"outofstock","12":"taxable","13":"shipping-taxable","14":"purchasable","15":"product-type-simple"},"acf":[],"_links":{"self":[{"href":"https:\/\/www.pharmacieonline.lu\/de\/wp-json\/wp\/v2\/product\/2323","targetHints":{"allow":["GET"]}}],"collection":[{"href":"https:\/\/www.pharmacieonline.lu\/de\/wp-json\/wp\/v2\/product"}],"about":[{"href":"https:\/\/www.pharmacieonline.lu\/de\/wp-json\/wp\/v2\/types\/product"}],"version-history":[{"count":0,"href":"https:\/\/www.pharmacieonline.lu\/de\/wp-json\/wp\/v2\/product\/2323\/revisions"}],"wp:featuredmedia":[{"embeddable":true,"href":"https:\/\/www.pharmacieonline.lu\/de\/wp-json\/wp\/v2\/media\/2587"}],"wp:attachment":[{"href":"https:\/\/www.pharmacieonline.lu\/de\/wp-json\/wp\/v2\/media?parent=2323"}],"wp:term":[{"taxonomy":"product_brand","embeddable":true,"href":"https:\/\/www.pharmacieonline.lu\/de\/wp-json\/wp\/v2\/product_brand?post=2323"},{"taxonomy":"product_cat","embeddable":true,"href":"https:\/\/www.pharmacieonline.lu\/de\/wp-json\/wp\/v2\/product_cat?post=2323"},{"taxonomy":"product_tag","embeddable":true,"href":"https:\/\/www.pharmacieonline.lu\/de\/wp-json\/wp\/v2\/product_tag?post=2323"}],"curies":[{"name":"wp","href":"https:\/\/api.w.org\/{rel}","templated":true}]}}