{"id":2324,"date":"2020-11-25T17:27:58","date_gmt":"2020-11-25T16:27:58","guid":{"rendered":"https:\/\/www.pharmacieonline.lu\/produit\/avene-a-oxitive-jour-aqua-creme-30-ml\/"},"modified":"2026-04-10T02:25:37","modified_gmt":"2026-04-10T00:25:37","slug":"avene-a-oxitive-jour-aqua-creme-30-ml","status":"publish","type":"product","link":"https:\/\/www.pharmacieonline.lu\/de\/produit\/avene-a-oxitive-jour-aqua-creme-30-ml\/","title":{"rendered":"AVENE A OXITIVE JOUR AQUA CREME 30 ML"},"content":{"rendered":"<p><\/p>\n<p><span>Cette Aqua-cr\u00e8me, avec sa texture aqua-g\u00e9lifi\u00e9e hydrate, lisse et assure un effet barri\u00e8re antipollution sans compromis sur le confort<\/span><\/p>\n<p><span>ANTIOXYDANT<\/span><span>Le COMPLEXE BOUCLIER ANTIOXYDANT <\/p>","protected":false},"excerpt":{"rendered":"<p>Cette Aqua-cr\u00e8me, avec sa texture aqua-g\u00e9lifi\u00e9e hydrate, lisse et assure un effet barri\u00e8re antipollution sans compromis sur le confort ANTIOXYDANTLe COMPLEXE BOUCLIER ANTIOXYDANT<\/p>\n","protected":false},"featured_media":2627,"template":"","meta":{"_acf_changed":false,"footnotes":""},"product_brand":[],"product_cat":[47,42,54],"product_tag":[],"class_list":{"0":"post-2324","1":"product","2":"type-product","3":"status-publish","4":"has-post-thumbnail","6":"product_cat-dermocosmetique","7":"product_cat-para-pharmacie","8":"product_cat-soins-du-visage","10":"first","11":"outofstock","12":"taxable","13":"shipping-taxable","14":"purchasable","15":"product-type-simple"},"acf":[],"_links":{"self":[{"href":"https:\/\/www.pharmacieonline.lu\/de\/wp-json\/wp\/v2\/product\/2324","targetHints":{"allow":["GET"]}}],"collection":[{"href":"https:\/\/www.pharmacieonline.lu\/de\/wp-json\/wp\/v2\/product"}],"about":[{"href":"https:\/\/www.pharmacieonline.lu\/de\/wp-json\/wp\/v2\/types\/product"}],"version-history":[{"count":0,"href":"https:\/\/www.pharmacieonline.lu\/de\/wp-json\/wp\/v2\/product\/2324\/revisions"}],"wp:featuredmedia":[{"embeddable":true,"href":"https:\/\/www.pharmacieonline.lu\/de\/wp-json\/wp\/v2\/media\/2627"}],"wp:attachment":[{"href":"https:\/\/www.pharmacieonline.lu\/de\/wp-json\/wp\/v2\/media?parent=2324"}],"wp:term":[{"taxonomy":"product_brand","embeddable":true,"href":"https:\/\/www.pharmacieonline.lu\/de\/wp-json\/wp\/v2\/product_brand?post=2324"},{"taxonomy":"product_cat","embeddable":true,"href":"https:\/\/www.pharmacieonline.lu\/de\/wp-json\/wp\/v2\/product_cat?post=2324"},{"taxonomy":"product_tag","embeddable":true,"href":"https:\/\/www.pharmacieonline.lu\/de\/wp-json\/wp\/v2\/product_tag?post=2324"}],"curies":[{"name":"wp","href":"https:\/\/api.w.org\/{rel}","templated":true}]}}